{"id":39554,"date":"2026-04-02T21:29:18","date_gmt":"2026-04-02T18:29:18","guid":{"rendered":"http:\/\/new.ceasuri.md\/shop\/uncategorized\/orient-classic-fgw03007w0\/"},"modified":"2026-04-07T03:53:07","modified_gmt":"2026-04-07T00:53:07","slug":"orient-classic-fgw03007w0","status":"publish","type":"product","link":"https:\/\/ceasuri.md\/ru\/shop\/branduri\/orient\/orient-classic-fgw03007w0\/","title":{"rendered":"Ceas ORIENT CLASSIC FGW03007W0"},"content":{"rendered":"<p>Ceasul de m\u00e2n\u0103 clasic pentru b\u0103rba\u021bi este o op\u021biune ideal\u0103 pentru fiecare zi \u0219i orice situa\u021bie, va ad\u0103uga o not\u0103 de noble\u021be \u0219i elegan\u021b\u0103 imaginii.<\/p>\n<p>Cu acest accesoriu elegant, personalitatea dvs. luminoas\u0103 va str\u0103luci cu noi culori.<\/p>","protected":false},"excerpt":{"rendered":"<p>Ceasul de m\u00e2n\u0103 clasic pentru b\u0103rba\u021bi este o op\u021biune ideal\u0103 pentru fiecare zi \u0219i orice situa\u021bie, va ad\u0103uga o not\u0103 de noble\u021be \u0219i elegan\u021b\u0103 imaginii. Cu acest accesoriu elegant, personalitatea dvs. luminoas\u0103 va str\u0103luci cu noi culori.<\/p>","protected":false},"featured_media":39555,"comment_status":"closed","ping_status":"open","template":"","meta":{"_acf_changed":false},"product_brand":[],"product_cat":[20,596,23],"product_tag":[595,691,693,692],"class_list":{"0":"post-39554","1":"product","2":"type-product","3":"status-publish","4":"has-post-thumbnail","6":"product_cat-ceasuri-barbati","7":"product_cat-orient","8":"product_cat-sale-ceasuri-barbati","9":"product_tag-cronograf","10":"product_tag-691","11":"product_tag-693","12":"product_tag-692","13":"pa_brand-orient","14":"pa_braslet-piele","15":"pa_corpus-39-mm","16":"pa_forma-rotund","17":"pa_funcii-data","18":"pa_garatia-24-luni","19":"pa_korpus-argintiu","20":"pa_material-otel-inoxidabil","21":"pa_mehanizm-quartz","22":"pa_remeshok-negru","23":"pa_steklo-cristal-safir","24":"pa_strana-japonia","25":"pa_voda-5-atm","27":"first","28":"instock","29":"sale","30":"purchasable","31":"product-type-simple"},"acf":[],"_links":{"self":[{"href":"https:\/\/ceasuri.md\/ru\/wp-json\/wp\/v2\/product\/39554","targetHints":{"allow":["GET"]}}],"collection":[{"href":"https:\/\/ceasuri.md\/ru\/wp-json\/wp\/v2\/product"}],"about":[{"href":"https:\/\/ceasuri.md\/ru\/wp-json\/wp\/v2\/types\/product"}],"replies":[{"embeddable":true,"href":"https:\/\/ceasuri.md\/ru\/wp-json\/wp\/v2\/comments?post=39554"}],"wp:featuredmedia":[{"embeddable":true,"href":"https:\/\/ceasuri.md\/ru\/wp-json\/wp\/v2\/media\/39555"}],"wp:attachment":[{"href":"https:\/\/ceasuri.md\/ru\/wp-json\/wp\/v2\/media?parent=39554"}],"wp:term":[{"taxonomy":"product_brand","embeddable":true,"href":"https:\/\/ceasuri.md\/ru\/wp-json\/wp\/v2\/product_brand?post=39554"},{"taxonomy":"product_cat","embeddable":true,"href":"https:\/\/ceasuri.md\/ru\/wp-json\/wp\/v2\/product_cat?post=39554"},{"taxonomy":"product_tag","embeddable":true,"href":"https:\/\/ceasuri.md\/ru\/wp-json\/wp\/v2\/product_tag?post=39554"}],"curies":[{"name":"wp","href":"https:\/\/api.w.org\/{rel}","templated":true}]}}