{"id":39293,"date":"2026-04-02T21:27:23","date_gmt":"2026-04-02T18:27:23","guid":{"rendered":"http:\/\/new.ceasuri.md\/shop\/uncategorized\/orient-classic-tac08004d0\/"},"modified":"2026-04-15T17:02:58","modified_gmt":"2026-04-15T14:02:58","slug":"orient-classic-tac08004d0","status":"publish","type":"product","link":"https:\/\/ceasuri.md\/ru\/shop\/branduri\/orient\/orient-classic-tac08004d0\/","title":{"rendered":"Ceas ORIENT CLASSIC TAC08004D0"},"content":{"rendered":"<p>Acest sofisticat ceas mecanic ORIENT de 42 mm este unul dintre cele mai bine v\u00e2ndute ceasuri ORIENT, av\u00e2nd o carcas\u0103 elegant\u0103 din o\u021bel inoxidabil, un cadran albastru \u0219i o band\u0103 cu textur\u0103 de crocodil.<\/p>\n<p>Pentru a-i spori estetica profesional\u0103, sunt indicatoare sofisticate de ore argintii, o deschidere convenabil\u0103 pentru dat\u0103 \u0219i o coroan\u0103 cu \u00eenf\u0103\u0219urare manual\u0103. Suport\u0103 o rezisten\u021b\u0103 la ap\u0103 de 30 de metri.<\/p>","protected":false},"excerpt":{"rendered":"<p>Acest sofisticat ceas mecanic ORIENT de 42 mm este unul dintre cele mai bine v\u00e2ndute ceasuri ORIENT, av\u00e2nd o carcas\u0103 elegant\u0103 din o\u021bel inoxidabil, un cadran albastru \u0219i o band\u0103 cu textur\u0103 de crocodil. Pentru a-i spori estetica profesional\u0103, sunt indicatoare sofisticate de ore argintii, o deschidere convenabil\u0103 pentru dat\u0103 \u0219i o coroan\u0103 cu \u00eenf\u0103\u0219urare [&hellip;]<\/p>\n","protected":false},"featured_media":39294,"comment_status":"closed","ping_status":"open","template":"","meta":{"_acf_changed":false},"product_brand":[],"product_cat":[20,596],"product_tag":[595,691,693,692],"class_list":{"0":"post-39293","1":"product","2":"type-product","3":"status-publish","4":"has-post-thumbnail","6":"product_cat-ceasuri-barbati","7":"product_cat-orient","8":"product_tag-cronograf","9":"product_tag-691","10":"product_tag-693","11":"product_tag-692","12":"pa_brand-orient","13":"pa_braslet-piele","14":"pa_corpus-42-mm","15":"pa_forma-rotund","16":"pa_funcii-data","17":"pa_garatia-24-luni","18":"pa_korpus-argintiu","19":"pa_material-otel-inoxidabil","20":"pa_mehanizm-mecanic","21":"pa_mehanizm-mecanism-automatic","22":"pa_remeshok-negru","23":"pa_steklo-cristal-mineral","24":"pa_strana-japonia","25":"pa_voda-3-atm","27":"first","28":"instock","29":"purchasable","30":"product-type-simple"},"acf":[],"_links":{"self":[{"href":"https:\/\/ceasuri.md\/ru\/wp-json\/wp\/v2\/product\/39293","targetHints":{"allow":["GET"]}}],"collection":[{"href":"https:\/\/ceasuri.md\/ru\/wp-json\/wp\/v2\/product"}],"about":[{"href":"https:\/\/ceasuri.md\/ru\/wp-json\/wp\/v2\/types\/product"}],"replies":[{"embeddable":true,"href":"https:\/\/ceasuri.md\/ru\/wp-json\/wp\/v2\/comments?post=39293"}],"wp:featuredmedia":[{"embeddable":true,"href":"https:\/\/ceasuri.md\/ru\/wp-json\/wp\/v2\/media\/39294"}],"wp:attachment":[{"href":"https:\/\/ceasuri.md\/ru\/wp-json\/wp\/v2\/media?parent=39293"}],"wp:term":[{"taxonomy":"product_brand","embeddable":true,"href":"https:\/\/ceasuri.md\/ru\/wp-json\/wp\/v2\/product_brand?post=39293"},{"taxonomy":"product_cat","embeddable":true,"href":"https:\/\/ceasuri.md\/ru\/wp-json\/wp\/v2\/product_cat?post=39293"},{"taxonomy":"product_tag","embeddable":true,"href":"https:\/\/ceasuri.md\/ru\/wp-json\/wp\/v2\/product_tag?post=39293"}],"curies":[{"name":"wp","href":"https:\/\/api.w.org\/{rel}","templated":true}]}}