{"id":39215,"date":"2026-04-02T21:26:32","date_gmt":"2026-04-02T18:26:32","guid":{"rendered":"http:\/\/new.ceasuri.md\/shop\/uncategorized\/orient-lady-rose-cubql001w0\/"},"modified":"2026-04-07T03:51:50","modified_gmt":"2026-04-07T00:51:50","slug":"orient-lady-rose-cubql001w0","status":"publish","type":"product","link":"https:\/\/ceasuri.md\/ru\/shop\/branduri\/orient\/orient-lady-rose-cubql001w0\/","title":{"rendered":"Ceas ORIENT LADY ROSE CUBQL001W0"},"content":{"rendered":"<p>Orient este un brand japonez puternic, bazat pe valoare, iubit de forumuri de ceasuri \u0219i de fanaticii de epoc\u0103. Cele mai cunoscute referin\u021be sunt incursiunile \u00eendr\u0103zne\u021be din anii &#8217;70 \u00een lumea colorat\u0103 a cadranelor cu degradeuri \u0219i calendare multianuale.<\/p>\n<p>\u00cen timp ce unirea cu Epson, la \u00eenceputul anilor &#8217;70, a adus ceasurile Orient sub aripile puternice ale corpora\u021biei Seiko, acestea au r\u0103mas fidele propriei c\u0103i de design japonez \u0219i valoare mare, consolid\u00e2ndu-\u0219i pozi\u021bia pe pia\u021ba asiatic\u0103. Dar \u00een partea de vest, ei r\u0103m\u00e2n un fel de secret care merit\u0103 s\u0103 fie descoperit.<\/p>\n<p>Orient s-a bucurat de o ascensiune \u00een anii 2000 cu forma clasic\u0103 \u0219i calibrele mecanice ale gamei Bambino, \u00een timp ce scufund\u0103torii Mako sunt v\u0103zu\u021bi ca o alternativ\u0103 valoroas\u0103 la omniprezentele Seiko SKX \u00een SUA. Ca \u0219i Seiko, cartea de vizit\u0103 a m\u0103rcii sunt scufund\u0103torii puternici cu mi\u0219c\u0103ri mecanice solide.<\/p>","protected":false},"excerpt":{"rendered":"<p>Orient este un brand japonez puternic, bazat pe valoare, iubit de forumuri de ceasuri \u0219i de fanaticii de epoc\u0103. Cele mai cunoscute referin\u021be sunt incursiunile \u00eendr\u0103zne\u021be din anii &#8217;70 \u00een lumea colorat\u0103 a cadranelor cu degradeuri \u0219i calendare multianuale. \u00cen timp ce unirea cu Epson, la \u00eenceputul anilor &#8217;70, a adus ceasurile Orient sub aripile [&hellip;]<\/p>\n","protected":false},"featured_media":39216,"comment_status":"closed","ping_status":"open","template":"","meta":{"_acf_changed":false},"product_brand":[],"product_cat":[25,596,26],"product_tag":[595,691,696,692],"class_list":{"0":"post-39215","1":"product","2":"type-product","3":"status-publish","4":"has-post-thumbnail","6":"product_cat-ceasuri-dama","7":"product_cat-orient","8":"product_cat-sale-ceas-de-dama","9":"product_tag-cronograf","10":"product_tag-691","11":"product_tag-696","12":"product_tag-692","13":"pa_brand-orient","14":"pa_braslet-otel-inoxidabil","15":"pa_corpus-20x35mm","16":"pa_decor-cristale-swarowski","17":"pa_forma-butoi","18":"pa_garatia-24-luni","19":"pa_korpus-auriu","20":"pa_material-otel-inoxidabil","21":"pa_mehanizm-quartz","22":"pa_remeshok-auriu","23":"pa_steklo-cristal-mineral","24":"pa_strana-japonia","25":"pa_voda-3-atm","27":"first","28":"instock","29":"sale","30":"purchasable","31":"product-type-simple"},"acf":[],"_links":{"self":[{"href":"https:\/\/ceasuri.md\/ru\/wp-json\/wp\/v2\/product\/39215","targetHints":{"allow":["GET"]}}],"collection":[{"href":"https:\/\/ceasuri.md\/ru\/wp-json\/wp\/v2\/product"}],"about":[{"href":"https:\/\/ceasuri.md\/ru\/wp-json\/wp\/v2\/types\/product"}],"replies":[{"embeddable":true,"href":"https:\/\/ceasuri.md\/ru\/wp-json\/wp\/v2\/comments?post=39215"}],"wp:featuredmedia":[{"embeddable":true,"href":"https:\/\/ceasuri.md\/ru\/wp-json\/wp\/v2\/media\/39216"}],"wp:attachment":[{"href":"https:\/\/ceasuri.md\/ru\/wp-json\/wp\/v2\/media?parent=39215"}],"wp:term":[{"taxonomy":"product_brand","embeddable":true,"href":"https:\/\/ceasuri.md\/ru\/wp-json\/wp\/v2\/product_brand?post=39215"},{"taxonomy":"product_cat","embeddable":true,"href":"https:\/\/ceasuri.md\/ru\/wp-json\/wp\/v2\/product_cat?post=39215"},{"taxonomy":"product_tag","embeddable":true,"href":"https:\/\/ceasuri.md\/ru\/wp-json\/wp\/v2\/product_tag?post=39215"}],"curies":[{"name":"wp","href":"https:\/\/api.w.org\/{rel}","templated":true}]}}