{"id":39205,"date":"2021-11-30T22:42:00","date_gmt":"2021-11-30T20:42:00","guid":{"rendered":"http:\/\/new.ceasuri.md\/shop\/uncategorized\/orient-sports-ctdag006b0\/"},"modified":"2026-05-01T15:58:39","modified_gmt":"2026-05-01T12:58:39","slug":"orient-sports-ctdag006b0","status":"publish","type":"product","link":"https:\/\/ceasuri.md\/ru\/shop\/branduri\/orient\/orient-sports-ctdag006b0\/","title":{"rendered":"\u0427\u0430\u0441\u044b ORIENT SPORTS CTDAG006B0"},"content":{"rendered":"<p>Orient quartz ceas japonez pentru b\u0103rba\u021bi.<\/p>\n<p>Mi\u0219care de precizie cu cuar\u021b. Ceasul are o carcas\u0103 realizat\u0103 din o\u021bel inoxidabil de \u00eenalt\u0103 calitate cu acoperire rezistent\u0103 PVD, br\u0103\u021bar\u0103 din o\u021bel inoxidabil cu acoperire PVD.<\/p>\n<p>Ceasul folose\u0219te un cristal mineral temperat durabil. Nivelul de protec\u021bie la ap\u0103 este de 50m.<\/p>","protected":false},"excerpt":{"rendered":"<p>Orient quartz ceas japonez pentru b\u0103rba\u021bi. Mi\u0219care de precizie cu cuar\u021b. Ceasul are o carcas\u0103 realizat\u0103 din o\u021bel inoxidabil de \u00eenalt\u0103 calitate cu acoperire rezistent\u0103 PVD, br\u0103\u021bar\u0103 din o\u021bel inoxidabil cu acoperire PVD. Ceasul folose\u0219te un cristal mineral temperat durabil. Nivelul de protec\u021bie la ap\u0103 este de 50m.<\/p>","protected":false},"featured_media":39206,"comment_status":"closed","ping_status":"open","template":"","meta":{"_acf_changed":false},"product_brand":[],"product_cat":[20,596],"product_tag":[595,691,693,692],"class_list":{"0":"post-39205","1":"product","2":"type-product","3":"status-publish","4":"has-post-thumbnail","6":"product_cat-ceasuri-barbati","7":"product_cat-orient","8":"product_tag-cronograf","9":"product_tag-691","10":"product_tag-693","11":"product_tag-692","12":"pa_brand-orient","13":"pa_braslet-otel-inoxidabil","14":"pa_corpus-36x46mm","15":"pa_forma-dreptunghiular","16":"pa_funcii-alarma","17":"pa_funcii-cronograf","18":"pa_funcii-data","19":"pa_garatia-24-luni","20":"pa_korpus-negru","21":"pa_kvarc-quartz","22":"pa_material-otel-inoxidabil","23":"pa_mehanizm-quartz","24":"pa_remeshok-negru","25":"pa_steklo-cristal-mineral","26":"pa_strana-japonia","27":"pa_voda-5-atm","29":"first","30":"instock","31":"purchasable","32":"product-type-simple"},"acf":[],"_links":{"self":[{"href":"https:\/\/ceasuri.md\/ru\/wp-json\/wp\/v2\/product\/39205","targetHints":{"allow":["GET"]}}],"collection":[{"href":"https:\/\/ceasuri.md\/ru\/wp-json\/wp\/v2\/product"}],"about":[{"href":"https:\/\/ceasuri.md\/ru\/wp-json\/wp\/v2\/types\/product"}],"replies":[{"embeddable":true,"href":"https:\/\/ceasuri.md\/ru\/wp-json\/wp\/v2\/comments?post=39205"}],"wp:featuredmedia":[{"embeddable":true,"href":"https:\/\/ceasuri.md\/ru\/wp-json\/wp\/v2\/media\/39206"}],"wp:attachment":[{"href":"https:\/\/ceasuri.md\/ru\/wp-json\/wp\/v2\/media?parent=39205"}],"wp:term":[{"taxonomy":"product_brand","embeddable":true,"href":"https:\/\/ceasuri.md\/ru\/wp-json\/wp\/v2\/product_brand?post=39205"},{"taxonomy":"product_cat","embeddable":true,"href":"https:\/\/ceasuri.md\/ru\/wp-json\/wp\/v2\/product_cat?post=39205"},{"taxonomy":"product_tag","embeddable":true,"href":"https:\/\/ceasuri.md\/ru\/wp-json\/wp\/v2\/product_tag?post=39205"}],"curies":[{"name":"wp","href":"https:\/\/api.w.org\/{rel}","templated":true}]}}