{"id":39062,"date":"2026-04-02T21:25:13","date_gmt":"2026-04-02T18:25:13","guid":{"rendered":"http:\/\/new.ceasuri.md\/shop\/uncategorized\/claude-bernard-classic-automatic-open-heart-85018-3-buir3\/"},"modified":"2026-04-20T00:13:08","modified_gmt":"2026-04-19T21:13:08","slug":"claude-bernard-classic-automatic-open-heart-85018-3-buir3","status":"publish","type":"product","link":"https:\/\/ceasuri.md\/ru\/shop\/branduri\/claude-bernard\/claude-bernard-classic-automatic-open-heart-85018-3-buir3\/","title":{"rendered":"\u0427\u0430\u0441\u044b CLAUDE BERNARD CLASSIC AUTOMATIC OPEN HEART 85018-3-BUIR3"},"content":{"rendered":"<p>Ceasul de m\u00e2n\u0103 Claude Bernard este un model elegant \u0219i confortabil realizat \u00een cele mai bune tradi\u021bii elve\u021biene. Datorit\u0103 mecanismului de \u00eenalt\u0103 calitate, acesta va servi pentru o perioad\u0103 foarte lung\u0103 de timp.<\/p>\n<p>Carcasa este realizat\u0103 din material de \u00eenalt\u0103 calitate, cu propriet\u0103\u021bi anticorozive ridicate. Caracterizat prin practicabilitate, fiabilitate \u0219i rezisten\u021b\u0103 la schimb\u0103rile de mediu.<\/p>","protected":false},"excerpt":{"rendered":"<p>Ceasul de m\u00e2n\u0103 Claude Bernard este un model elegant \u0219i confortabil realizat \u00een cele mai bune tradi\u021bii elve\u021biene. Datorit\u0103 mecanismului de \u00eenalt\u0103 calitate, acesta va servi pentru o perioad\u0103 foarte lung\u0103 de timp. Carcasa este realizat\u0103 din material de \u00eenalt\u0103 calitate, cu propriet\u0103\u021bi anticorozive ridicate. Caracterizat prin practicabilitate, fiabilitate \u0219i rezisten\u021b\u0103 la schimb\u0103rile de mediu.<\/p>","protected":false},"featured_media":39063,"comment_status":"closed","ping_status":"open","template":"","meta":{"_acf_changed":false},"product_brand":[],"product_cat":[25,106,19],"product_tag":[],"class_list":{"0":"post-39062","1":"product","2":"type-product","3":"status-publish","4":"has-post-thumbnail","6":"product_cat-ceasuri-dama","7":"product_cat-ceasuri-premium","8":"product_cat-claude-bernard","9":"pa_brand-claude-bernard","10":"pa_braslet-piele","11":"pa_corpus-35-mm","12":"pa_decor-cristale-swarowski","13":"pa_forma-rotund","14":"pa_funcii-semischelet","15":"pa_garatia-24-luni","16":"pa_korpus-argintiu","17":"pa_material-otel-inoxidabil","18":"pa_mehanizm-mecanic","19":"pa_mehanizm-mecanism-automatic","20":"pa_remeshok-maro","21":"pa_steklo-cristal-safir","22":"pa_strana-elvetia","23":"pa_voda-5-atm","25":"first","26":"instock","27":"purchasable","28":"product-type-simple"},"acf":[],"_links":{"self":[{"href":"https:\/\/ceasuri.md\/ru\/wp-json\/wp\/v2\/product\/39062","targetHints":{"allow":["GET"]}}],"collection":[{"href":"https:\/\/ceasuri.md\/ru\/wp-json\/wp\/v2\/product"}],"about":[{"href":"https:\/\/ceasuri.md\/ru\/wp-json\/wp\/v2\/types\/product"}],"replies":[{"embeddable":true,"href":"https:\/\/ceasuri.md\/ru\/wp-json\/wp\/v2\/comments?post=39062"}],"wp:featuredmedia":[{"embeddable":true,"href":"https:\/\/ceasuri.md\/ru\/wp-json\/wp\/v2\/media\/39063"}],"wp:attachment":[{"href":"https:\/\/ceasuri.md\/ru\/wp-json\/wp\/v2\/media?parent=39062"}],"wp:term":[{"taxonomy":"product_brand","embeddable":true,"href":"https:\/\/ceasuri.md\/ru\/wp-json\/wp\/v2\/product_brand?post=39062"},{"taxonomy":"product_cat","embeddable":true,"href":"https:\/\/ceasuri.md\/ru\/wp-json\/wp\/v2\/product_cat?post=39062"},{"taxonomy":"product_tag","embeddable":true,"href":"https:\/\/ceasuri.md\/ru\/wp-json\/wp\/v2\/product_tag?post=39062"}],"curies":[{"name":"wp","href":"https:\/\/api.w.org\/{rel}","templated":true}]}}