{"id":38979,"date":"2026-04-02T21:24:10","date_gmt":"2026-04-02T18:24:10","guid":{"rendered":"http:\/\/new.ceasuri.md\/shop\/uncategorized\/claude-bernard-dress-code-20217-3-ain\/"},"modified":"2026-04-07T03:50:38","modified_gmt":"2026-04-07T00:50:38","slug":"claude-bernard-dress-code-20217-3-ain","status":"publish","type":"product","link":"https:\/\/ceasuri.md\/ru\/shop\/branduri\/claude-bernard\/claude-bernard-dress-code-20217-3-ain\/","title":{"rendered":"Ceas CLAUDE BERNARD DRESS CODE 20217-3-AIN"},"content":{"rendered":"<p>Ceasul de m\u00e2n\u0103 Claude Bernard este un accesoriu esen\u021bial care va completa un look elegant, at\u00e2t \u00een via\u021ba de zi cu zi, c\u00e2t \u0219i la \u00eent\u00e2lnirile de afaceri.<\/p>\n<p>Acest ceas v\u0103 va decora f\u0103r\u0103 \u00eendoial\u0103 \u00eencheietura m\u00e2inii.<\/p>\n<p>Acest model se caracterizeaz\u0103 prin caracterul s\u0103u practic, fiabilitate \u0219i rezisten\u021b\u0103 la schimb\u0103rile condi\u021biilor meteorologice.<\/p>","protected":false},"excerpt":{"rendered":"<p>Ceasul de m\u00e2n\u0103 Claude Bernard este un accesoriu esen\u021bial care va completa un look elegant, at\u00e2t \u00een via\u021ba de zi cu zi, c\u00e2t \u0219i la \u00eent\u00e2lnirile de afaceri. Acest ceas v\u0103 va decora f\u0103r\u0103 \u00eendoial\u0103 \u00eencheietura m\u00e2inii. Acest model se caracterizeaz\u0103 prin caracterul s\u0103u practic, fiabilitate \u0219i rezisten\u021b\u0103 la schimb\u0103rile condi\u021biilor meteorologice.<\/p>","protected":false},"featured_media":38980,"comment_status":"closed","ping_status":"open","template":"","meta":{"_acf_changed":false},"product_brand":[],"product_cat":[25,19],"product_tag":[],"class_list":{"0":"post-38979","1":"product","2":"type-product","3":"status-publish","4":"has-post-thumbnail","6":"product_cat-ceasuri-dama","7":"product_cat-claude-bernard","8":"pa_brand-claude-bernard","9":"pa_braslet-piele","10":"pa_corpus-32-mm","11":"pa_forma-rotund","12":"pa_garatia-24-luni","13":"pa_korpus-argintiu","14":"pa_material-otel-inoxidabil","15":"pa_mehanizm-quartz","16":"pa_remeshok-negru","17":"pa_steklo-cristal-safir","18":"pa_strana-elvetia","19":"pa_voda-3-atm","21":"first","22":"instock","23":"purchasable","24":"product-type-simple"},"acf":[],"_links":{"self":[{"href":"https:\/\/ceasuri.md\/ru\/wp-json\/wp\/v2\/product\/38979","targetHints":{"allow":["GET"]}}],"collection":[{"href":"https:\/\/ceasuri.md\/ru\/wp-json\/wp\/v2\/product"}],"about":[{"href":"https:\/\/ceasuri.md\/ru\/wp-json\/wp\/v2\/types\/product"}],"replies":[{"embeddable":true,"href":"https:\/\/ceasuri.md\/ru\/wp-json\/wp\/v2\/comments?post=38979"}],"wp:featuredmedia":[{"embeddable":true,"href":"https:\/\/ceasuri.md\/ru\/wp-json\/wp\/v2\/media\/38980"}],"wp:attachment":[{"href":"https:\/\/ceasuri.md\/ru\/wp-json\/wp\/v2\/media?parent=38979"}],"wp:term":[{"taxonomy":"product_brand","embeddable":true,"href":"https:\/\/ceasuri.md\/ru\/wp-json\/wp\/v2\/product_brand?post=38979"},{"taxonomy":"product_cat","embeddable":true,"href":"https:\/\/ceasuri.md\/ru\/wp-json\/wp\/v2\/product_cat?post=38979"},{"taxonomy":"product_tag","embeddable":true,"href":"https:\/\/ceasuri.md\/ru\/wp-json\/wp\/v2\/product_tag?post=38979"}],"curies":[{"name":"wp","href":"https:\/\/api.w.org\/{rel}","templated":true}]}}