{"id":38928,"date":"2026-04-02T21:23:39","date_gmt":"2026-04-02T18:23:39","guid":{"rendered":"http:\/\/new.ceasuri.md\/shop\/uncategorized\/claude-bernard-ladies-fashion-20062-37r-nirp\/"},"modified":"2026-04-20T00:11:20","modified_gmt":"2026-04-19T21:11:20","slug":"claude-bernard-ladies-fashion-20062-37r-nirp","status":"publish","type":"product","link":"https:\/\/ceasuri.md\/ru\/shop\/branduri\/claude-bernard\/claude-bernard-ladies-fashion-20062-37r-nirp\/","title":{"rendered":"\u0427\u0430\u0441\u044b CLAUDE BERNARD LADIES FASHION 20062-37R-NIRP"},"content":{"rendered":"<p>Claude Bernard a fost fondat\u0103 \u00een 1973 de c\u0103tre ceasornicarul elve\u021bian Claude Bernard.<\/p>\n<p>Ast\u0103zi, ceasurile Claude Bernard sunt prezente \u00een peste 60 de \u021b\u0103ri, iar marca este considerat\u0103 una dintre m\u0103rcile de ceasuri elve\u021biene cu cea mai rapid\u0103 cre\u0219tere \u00een segmentul de pre\u021b al ceasurilor elve\u021biene de intrare.<\/p>\n<p>Compania ofer\u0103 ceasuri elve\u021biene realizate manual. De asemenea, Claude Bernard ofer\u0103 o gam\u0103 de ceasuri mecanice cu un aspect clasic \u0219i elegant.<\/p>","protected":false},"excerpt":{"rendered":"<p>Claude Bernard a fost fondat\u0103 \u00een 1973 de c\u0103tre ceasornicarul elve\u021bian Claude Bernard. Ast\u0103zi, ceasurile Claude Bernard sunt prezente \u00een peste 60 de \u021b\u0103ri, iar marca este considerat\u0103 una dintre m\u0103rcile de ceasuri elve\u021biene cu cea mai rapid\u0103 cre\u0219tere \u00een segmentul de pre\u021b al ceasurilor elve\u021biene de intrare. Compania ofer\u0103 ceasuri elve\u021biene realizate manual. De [&hellip;]<\/p>\n","protected":false},"featured_media":38929,"comment_status":"closed","ping_status":"open","template":"","meta":{"_acf_changed":false},"product_brand":[],"product_cat":[25,19],"product_tag":[],"class_list":{"0":"post-38928","1":"product","2":"type-product","3":"status-publish","4":"has-post-thumbnail","6":"product_cat-ceasuri-dama","7":"product_cat-claude-bernard","8":"pa_brand-claude-bernard","9":"pa_braslet-piele","10":"pa_corpus-33-mm","11":"pa_decor-cristale-swarowski","12":"pa_forma-patrat","13":"pa_garatia-24-luni","14":"pa_korpus-roz-gold","15":"pa_kvarc-quartz","16":"pa_material-otel-inoxidabil","17":"pa_mehanizm-quartz","18":"pa_remeshok-negru","19":"pa_steklo-cristal-mineral","20":"pa_strana-elvetia","21":"pa_voda-3-atm","23":"first","24":"instock","25":"purchasable","26":"product-type-simple"},"acf":[],"_links":{"self":[{"href":"https:\/\/ceasuri.md\/ru\/wp-json\/wp\/v2\/product\/38928","targetHints":{"allow":["GET"]}}],"collection":[{"href":"https:\/\/ceasuri.md\/ru\/wp-json\/wp\/v2\/product"}],"about":[{"href":"https:\/\/ceasuri.md\/ru\/wp-json\/wp\/v2\/types\/product"}],"replies":[{"embeddable":true,"href":"https:\/\/ceasuri.md\/ru\/wp-json\/wp\/v2\/comments?post=38928"}],"wp:featuredmedia":[{"embeddable":true,"href":"https:\/\/ceasuri.md\/ru\/wp-json\/wp\/v2\/media\/38929"}],"wp:attachment":[{"href":"https:\/\/ceasuri.md\/ru\/wp-json\/wp\/v2\/media?parent=38928"}],"wp:term":[{"taxonomy":"product_brand","embeddable":true,"href":"https:\/\/ceasuri.md\/ru\/wp-json\/wp\/v2\/product_brand?post=38928"},{"taxonomy":"product_cat","embeddable":true,"href":"https:\/\/ceasuri.md\/ru\/wp-json\/wp\/v2\/product_cat?post=38928"},{"taxonomy":"product_tag","embeddable":true,"href":"https:\/\/ceasuri.md\/ru\/wp-json\/wp\/v2\/product_tag?post=38928"}],"curies":[{"name":"wp","href":"https:\/\/api.w.org\/{rel}","templated":true}]}}