{"id":38906,"date":"2026-04-02T21:23:39","date_gmt":"2026-04-02T18:23:39","guid":{"rendered":"http:\/\/new.ceasuri.md\/shop\/uncategorized\/claude-bernard-classic-chronograph-10246-3m-air\/"},"modified":"2026-04-20T00:11:16","modified_gmt":"2026-04-19T21:11:16","slug":"claude-bernard-classic-chronograph-10246-3m-air","status":"publish","type":"product","link":"https:\/\/ceasuri.md\/ru\/shop\/branduri\/claude-bernard\/claude-bernard-classic-chronograph-10246-3m-air\/","title":{"rendered":"\u0427\u0430\u0441\u044b CLAUDE BERNARD CLASSIC CHRONOGRAPH 10246-3M-AIR"},"content":{"rendered":"<p>Un ceas clasic pentru b\u0103rba\u021bi cu un design minimalist tradi\u021bional, a devenit deja preferatul multor cunosc\u0103tori ai acestui brand.<\/p>\n<p>Ceasul de m\u00e2n\u0103 Claude Bernard este un accesoriu esen\u021bial care va completa o imagine elegant\u0103 at\u00e2t \u00een via\u021ba de zi cu zi, c\u00e2t \u0219i la \u00eent\u00e2lnirile de afaceri.<\/p>\n<p>Acest ceas va decora f\u0103r\u0103 \u00eendoial\u0103 \u00eencheietura m\u00e2inii unui b\u0103rbat adev\u0103rat. Model se caracterizeaz\u0103 prin caracterul s\u0103u practic, fiabilitate \u0219i rezisten\u021b\u0103 la schimb\u0103rile condi\u021biilor meteorologice.<\/p>","protected":false},"excerpt":{"rendered":"<p>Un ceas clasic pentru b\u0103rba\u021bi cu un design minimalist tradi\u021bional, a devenit deja preferatul multor cunosc\u0103tori ai acestui brand. Ceasul de m\u00e2n\u0103 Claude Bernard este un accesoriu esen\u021bial care va completa o imagine elegant\u0103 at\u00e2t \u00een via\u021ba de zi cu zi, c\u00e2t \u0219i la \u00eent\u00e2lnirile de afaceri. Acest ceas va decora f\u0103r\u0103 \u00eendoial\u0103 \u00eencheietura m\u00e2inii [&hellip;]<\/p>\n","protected":false},"featured_media":38907,"comment_status":"closed","ping_status":"open","template":"","meta":{"_acf_changed":false},"product_brand":[],"product_cat":[20,19],"product_tag":[],"class_list":{"0":"post-38906","1":"product","2":"type-product","3":"status-publish","4":"has-post-thumbnail","6":"product_cat-ceasuri-barbati","7":"product_cat-claude-bernard","8":"pa_brand-claude-bernard","9":"pa_braslet-otel-inoxidabil","10":"pa_corpus-42-mm","11":"pa_forma-rotund","12":"pa_funcii-cronograf","13":"pa_funcii-data","14":"pa_funcii-tahimetru","15":"pa_garatia-24-luni","16":"pa_korpus-argintiu","17":"pa_kvarc-quartz","18":"pa_material-otel-inoxidabil","19":"pa_mehanizm-quartz","20":"pa_remeshok-argintiu","21":"pa_steklo-cristal-safir","22":"pa_strana-elvetia","23":"pa_voda-5-atm","25":"first","26":"instock","27":"purchasable","28":"product-type-simple"},"acf":[],"_links":{"self":[{"href":"https:\/\/ceasuri.md\/ru\/wp-json\/wp\/v2\/product\/38906","targetHints":{"allow":["GET"]}}],"collection":[{"href":"https:\/\/ceasuri.md\/ru\/wp-json\/wp\/v2\/product"}],"about":[{"href":"https:\/\/ceasuri.md\/ru\/wp-json\/wp\/v2\/types\/product"}],"replies":[{"embeddable":true,"href":"https:\/\/ceasuri.md\/ru\/wp-json\/wp\/v2\/comments?post=38906"}],"wp:featuredmedia":[{"embeddable":true,"href":"https:\/\/ceasuri.md\/ru\/wp-json\/wp\/v2\/media\/38907"}],"wp:attachment":[{"href":"https:\/\/ceasuri.md\/ru\/wp-json\/wp\/v2\/media?parent=38906"}],"wp:term":[{"taxonomy":"product_brand","embeddable":true,"href":"https:\/\/ceasuri.md\/ru\/wp-json\/wp\/v2\/product_brand?post=38906"},{"taxonomy":"product_cat","embeddable":true,"href":"https:\/\/ceasuri.md\/ru\/wp-json\/wp\/v2\/product_cat?post=38906"},{"taxonomy":"product_tag","embeddable":true,"href":"https:\/\/ceasuri.md\/ru\/wp-json\/wp\/v2\/product_tag?post=38906"}],"curies":[{"name":"wp","href":"https:\/\/api.w.org\/{rel}","templated":true}]}}