{"id":38879,"date":"2026-04-02T21:23:05","date_gmt":"2026-04-02T18:23:05","guid":{"rendered":"http:\/\/new.ceasuri.md\/shop\/uncategorized\/claude-bernard-classic-chronograph-10246-37j-nid\/"},"modified":"2026-04-20T00:11:14","modified_gmt":"2026-04-19T21:11:14","slug":"claude-bernard-classic-chronograph-10246-37j-nid","status":"publish","type":"product","link":"https:\/\/ceasuri.md\/ru\/shop\/branduri\/claude-bernard\/claude-bernard-classic-chronograph-10246-37j-nid\/","title":{"rendered":"\u0427\u0430\u0441\u044b CLAUDE BERNARD CLASSIC CHRONOGRAPH 10246-37J-NID"},"content":{"rendered":"<p>Este un model elegant \u0219i confortabil realizat \u00een cele mai bune tradi\u021bii elve\u021biene. Datorit\u0103 mecanismului de \u00eenalt\u0103 calitate va servi pentru o perioad\u0103 foarte lung\u0103 de timp.<\/p>\n<p>Carcasa este fabricat\u0103 din material de \u00eenalt\u0103 calitate cu propriet\u0103\u021bi anti-coroziune ridicate.<\/p>","protected":false},"excerpt":{"rendered":"<p>Este un model elegant \u0219i confortabil realizat \u00een cele mai bune tradi\u021bii elve\u021biene. Datorit\u0103 mecanismului de \u00eenalt\u0103 calitate va servi pentru o perioad\u0103 foarte lung\u0103 de timp. Carcasa este fabricat\u0103 din material de \u00eenalt\u0103 calitate cu propriet\u0103\u021bi anti-coroziune ridicate.<\/p>","protected":false},"featured_media":38880,"comment_status":"closed","ping_status":"open","template":"","meta":{"_acf_changed":false},"product_brand":[],"product_cat":[20,19],"product_tag":[],"class_list":{"0":"post-38879","1":"product","2":"type-product","3":"status-publish","4":"has-post-thumbnail","6":"product_cat-ceasuri-barbati","7":"product_cat-claude-bernard","8":"pa_brand-claude-bernard","9":"pa_braslet-piele","10":"pa_corpus-42-mm","11":"pa_forma-rotund","12":"pa_funcii-cronograf","13":"pa_funcii-data","14":"pa_funcii-tahimetru","15":"pa_garatia-24-luni","16":"pa_korpus-auriu","17":"pa_kvarc-quartz","18":"pa_material-otel-inoxidabil","19":"pa_mehanizm-quartz","20":"pa_remeshok-maro","21":"pa_steklo-cristal-safir","22":"pa_strana-elvetia","23":"pa_voda-5-atm","25":"first","26":"instock","27":"purchasable","28":"product-type-simple"},"acf":[],"_links":{"self":[{"href":"https:\/\/ceasuri.md\/ru\/wp-json\/wp\/v2\/product\/38879","targetHints":{"allow":["GET"]}}],"collection":[{"href":"https:\/\/ceasuri.md\/ru\/wp-json\/wp\/v2\/product"}],"about":[{"href":"https:\/\/ceasuri.md\/ru\/wp-json\/wp\/v2\/types\/product"}],"replies":[{"embeddable":true,"href":"https:\/\/ceasuri.md\/ru\/wp-json\/wp\/v2\/comments?post=38879"}],"wp:featuredmedia":[{"embeddable":true,"href":"https:\/\/ceasuri.md\/ru\/wp-json\/wp\/v2\/media\/38880"}],"wp:attachment":[{"href":"https:\/\/ceasuri.md\/ru\/wp-json\/wp\/v2\/media?parent=38879"}],"wp:term":[{"taxonomy":"product_brand","embeddable":true,"href":"https:\/\/ceasuri.md\/ru\/wp-json\/wp\/v2\/product_brand?post=38879"},{"taxonomy":"product_cat","embeddable":true,"href":"https:\/\/ceasuri.md\/ru\/wp-json\/wp\/v2\/product_cat?post=38879"},{"taxonomy":"product_tag","embeddable":true,"href":"https:\/\/ceasuri.md\/ru\/wp-json\/wp\/v2\/product_tag?post=38879"}],"curies":[{"name":"wp","href":"https:\/\/api.w.org\/{rel}","templated":true}]}}