{"id":38874,"date":"2021-11-30T22:32:00","date_gmt":"2021-11-30T20:32:00","guid":{"rendered":"http:\/\/new.ceasuri.md\/shop\/uncategorized\/claude-bernard-classic-chronograph-10246-3-nin\/"},"modified":"2026-05-01T15:53:31","modified_gmt":"2026-05-01T12:53:31","slug":"claude-bernard-classic-chronograph-10246-3-nin","status":"publish","type":"product","link":"https:\/\/ceasuri.md\/ru\/shop\/branduri\/claude-bernard\/claude-bernard-classic-chronograph-10246-3-nin\/","title":{"rendered":"\u0427\u0430\u0441\u044b CLAUDE BERNARD CLASSIC CHRONOGRAPH 10246-3-NIN"},"content":{"rendered":"<p>Ceasul are un cadran mare pentru o citire u\u0219oar\u0103.<\/p>\n<p>Versatilitatea aspectului ceasului va contribui la accentuarea stilului individual care este at\u00e2t de esen\u021bial \u00een lumea de ast\u0103zi.<\/p>\n<p>Materialul durabil al sticlei ofer\u0103 rezisten\u021b\u0103 la zg\u00e2rieturi.<\/p>\n<p>Avantajele accesoriului sunt durabilitatea \u0219i fiabilitatea.<\/p>","protected":false},"excerpt":{"rendered":"<p>Ceasul are un cadran mare pentru o citire u\u0219oar\u0103. Versatilitatea aspectului ceasului va contribui la accentuarea stilului individual care este at\u00e2t de esen\u021bial \u00een lumea de ast\u0103zi. Materialul durabil al sticlei ofer\u0103 rezisten\u021b\u0103 la zg\u00e2rieturi. Avantajele accesoriului sunt durabilitatea \u0219i fiabilitatea.<\/p>","protected":false},"featured_media":38875,"comment_status":"closed","ping_status":"open","template":"","meta":{"_acf_changed":false},"product_brand":[],"product_cat":[20,19],"product_tag":[],"class_list":{"0":"post-38874","1":"product","2":"type-product","3":"status-publish","4":"has-post-thumbnail","6":"product_cat-ceasuri-barbati","7":"product_cat-claude-bernard","8":"pa_brand-claude-bernard","9":"pa_braslet-piele","10":"pa_corpus-42-mm","11":"pa_forma-rotund","12":"pa_funcii-cronograf","13":"pa_funcii-data","14":"pa_funcii-tahimetru","15":"pa_garatia-24-luni","16":"pa_korpus-argintiu","17":"pa_kvarc-quartz","18":"pa_material-otel-inoxidabil","19":"pa_mehanizm-quartz","20":"pa_remeshok-negru","21":"pa_steklo-cristal-safir","22":"pa_strana-elvetia","23":"pa_voda-5-atm","25":"first","26":"instock","27":"purchasable","28":"product-type-simple"},"acf":[],"_links":{"self":[{"href":"https:\/\/ceasuri.md\/ru\/wp-json\/wp\/v2\/product\/38874","targetHints":{"allow":["GET"]}}],"collection":[{"href":"https:\/\/ceasuri.md\/ru\/wp-json\/wp\/v2\/product"}],"about":[{"href":"https:\/\/ceasuri.md\/ru\/wp-json\/wp\/v2\/types\/product"}],"replies":[{"embeddable":true,"href":"https:\/\/ceasuri.md\/ru\/wp-json\/wp\/v2\/comments?post=38874"}],"wp:featuredmedia":[{"embeddable":true,"href":"https:\/\/ceasuri.md\/ru\/wp-json\/wp\/v2\/media\/38875"}],"wp:attachment":[{"href":"https:\/\/ceasuri.md\/ru\/wp-json\/wp\/v2\/media?parent=38874"}],"wp:term":[{"taxonomy":"product_brand","embeddable":true,"href":"https:\/\/ceasuri.md\/ru\/wp-json\/wp\/v2\/product_brand?post=38874"},{"taxonomy":"product_cat","embeddable":true,"href":"https:\/\/ceasuri.md\/ru\/wp-json\/wp\/v2\/product_cat?post=38874"},{"taxonomy":"product_tag","embeddable":true,"href":"https:\/\/ceasuri.md\/ru\/wp-json\/wp\/v2\/product_tag?post=38874"}],"curies":[{"name":"wp","href":"https:\/\/api.w.org\/{rel}","templated":true}]}}