{"id":38823,"date":"2021-11-30T22:32:00","date_gmt":"2021-11-30T20:32:00","guid":{"rendered":"http:\/\/new.ceasuri.md\/shop\/uncategorized\/claude-bernard-classic-gents-63003-3m2-ain\/"},"modified":"2026-05-01T15:52:48","modified_gmt":"2026-05-01T12:52:48","slug":"claude-bernard-classic-gents-63003-3m2-ain","status":"publish","type":"product","link":"https:\/\/ceasuri.md\/ru\/shop\/branduri\/claude-bernard\/claude-bernard-classic-gents-63003-3m2-ain\/","title":{"rendered":"\u0427\u0430\u0441\u044b CLAUDE BERNARD CLASSIC GENTS 63003-3M2-AIN"},"content":{"rendered":"<p>Ceasurile clasice ale m\u0103rcii elve\u021biene Claude Bernard sunt \u00eentotdeauna la mod\u0103. Mai ales dac\u0103 dori\u021bi s\u0103 v\u0103 demonstra\u021bi statutul.<\/p>\n<p>Br\u0103\u021bar\u0103 durabil\u0103, cristal de safir, protec\u021bie \u00eempotriva apei &#8211; cele mai bune semne ale calit\u0103\u021bii de top.<\/p>","protected":false},"excerpt":{"rendered":"<p>Ceasurile clasice ale m\u0103rcii elve\u021biene Claude Bernard sunt \u00eentotdeauna la mod\u0103. Mai ales dac\u0103 dori\u021bi s\u0103 v\u0103 demonstra\u021bi statutul. Br\u0103\u021bar\u0103 durabil\u0103, cristal de safir, protec\u021bie \u00eempotriva apei &#8211; cele mai bune semne ale calit\u0103\u021bii de top.<\/p>","protected":false},"featured_media":38824,"comment_status":"closed","ping_status":"open","template":"","meta":{"_acf_changed":false},"product_brand":[],"product_cat":[20,19],"product_tag":[],"class_list":{"0":"post-38823","1":"product","2":"type-product","3":"status-publish","4":"has-post-thumbnail","6":"product_cat-ceasuri-barbati","7":"product_cat-claude-bernard","8":"pa_brand-claude-bernard","9":"pa_braslet-otel-inoxidabil","10":"pa_corpus-41-mm","11":"pa_forma-rotund","12":"pa_funcii-data","13":"pa_garatia-24-luni","14":"pa_korpus-argintiu","15":"pa_kvarc-quartz","16":"pa_material-otel-inoxidabil","17":"pa_mehanizm-quartz","18":"pa_remeshok-argintiu","19":"pa_steklo-cristal-safir","20":"pa_strana-elvetia","21":"pa_voda-5-atm","23":"first","24":"instock","25":"purchasable","26":"product-type-simple"},"acf":[],"_links":{"self":[{"href":"https:\/\/ceasuri.md\/ru\/wp-json\/wp\/v2\/product\/38823","targetHints":{"allow":["GET"]}}],"collection":[{"href":"https:\/\/ceasuri.md\/ru\/wp-json\/wp\/v2\/product"}],"about":[{"href":"https:\/\/ceasuri.md\/ru\/wp-json\/wp\/v2\/types\/product"}],"replies":[{"embeddable":true,"href":"https:\/\/ceasuri.md\/ru\/wp-json\/wp\/v2\/comments?post=38823"}],"wp:featuredmedia":[{"embeddable":true,"href":"https:\/\/ceasuri.md\/ru\/wp-json\/wp\/v2\/media\/38824"}],"wp:attachment":[{"href":"https:\/\/ceasuri.md\/ru\/wp-json\/wp\/v2\/media?parent=38823"}],"wp:term":[{"taxonomy":"product_brand","embeddable":true,"href":"https:\/\/ceasuri.md\/ru\/wp-json\/wp\/v2\/product_brand?post=38823"},{"taxonomy":"product_cat","embeddable":true,"href":"https:\/\/ceasuri.md\/ru\/wp-json\/wp\/v2\/product_cat?post=38823"},{"taxonomy":"product_tag","embeddable":true,"href":"https:\/\/ceasuri.md\/ru\/wp-json\/wp\/v2\/product_tag?post=38823"}],"curies":[{"name":"wp","href":"https:\/\/api.w.org\/{rel}","templated":true}]}}