{"id":38811,"date":"2026-04-02T21:22:30","date_gmt":"2026-04-02T18:22:30","guid":{"rendered":"http:\/\/new.ceasuri.md\/shop\/uncategorized\/claude-bernard-dress-code-chronograph-10215-3-buifn2\/"},"modified":"2026-04-20T00:11:03","modified_gmt":"2026-04-19T21:11:03","slug":"claude-bernard-dress-code-chronograph-10215-3-buifn2","status":"publish","type":"product","link":"https:\/\/ceasuri.md\/ru\/shop\/branduri\/claude-bernard\/claude-bernard-dress-code-chronograph-10215-3-buifn2\/","title":{"rendered":"\u0427\u0430\u0441\u044b CLAUDE BERNARD DRESS CODE CHRONOGRAPH 10215-3-BUIFN2"},"content":{"rendered":"<p>Ceasurile elve\u021biene Claude Bernard sunt concepute pentru cei care apreciaz\u0103 str\u0103lucirea, originalitatea \u0219i ambiguitatea.<\/p>\n<p>Acorda\u021bi o aten\u021bie deosebit\u0103 accesoriilor dvs. pentru a v\u0103 face stilul cu adev\u0103rat impecabil.<\/p>","protected":false},"excerpt":{"rendered":"<p>Ceasurile elve\u021biene Claude Bernard sunt concepute pentru cei care apreciaz\u0103 str\u0103lucirea, originalitatea \u0219i ambiguitatea. Acorda\u021bi o aten\u021bie deosebit\u0103 accesoriilor dvs. pentru a v\u0103 face stilul cu adev\u0103rat impecabil.<\/p>","protected":false},"featured_media":38812,"comment_status":"closed","ping_status":"open","template":"","meta":{"_acf_changed":false},"product_brand":[],"product_cat":[25,19],"product_tag":[],"class_list":{"0":"post-38811","1":"product","2":"type-product","3":"status-publish","4":"has-post-thumbnail","6":"product_cat-ceasuri-dama","7":"product_cat-claude-bernard","8":"pa_brand-claude-bernard","9":"pa_braslet-piele","10":"pa_corpus-35-mm","11":"pa_decor-cristale-swarowski","12":"pa_forma-rotund","13":"pa_funcii-cronograf","14":"pa_funcii-data","15":"pa_garatia-24-luni","16":"pa_korpus-argintiu","17":"pa_kvarc-quartz","18":"pa_material-otel-inoxidabil","19":"pa_mehanizm-quartz","20":"pa_remeshok-albastru-inchis","21":"pa_steklo-cristal-safir","22":"pa_strana-elvetia","23":"pa_voda-3-atm","25":"first","26":"instock","27":"purchasable","28":"product-type-simple"},"acf":[],"_links":{"self":[{"href":"https:\/\/ceasuri.md\/ru\/wp-json\/wp\/v2\/product\/38811","targetHints":{"allow":["GET"]}}],"collection":[{"href":"https:\/\/ceasuri.md\/ru\/wp-json\/wp\/v2\/product"}],"about":[{"href":"https:\/\/ceasuri.md\/ru\/wp-json\/wp\/v2\/types\/product"}],"replies":[{"embeddable":true,"href":"https:\/\/ceasuri.md\/ru\/wp-json\/wp\/v2\/comments?post=38811"}],"wp:featuredmedia":[{"embeddable":true,"href":"https:\/\/ceasuri.md\/ru\/wp-json\/wp\/v2\/media\/38812"}],"wp:attachment":[{"href":"https:\/\/ceasuri.md\/ru\/wp-json\/wp\/v2\/media?parent=38811"}],"wp:term":[{"taxonomy":"product_brand","embeddable":true,"href":"https:\/\/ceasuri.md\/ru\/wp-json\/wp\/v2\/product_brand?post=38811"},{"taxonomy":"product_cat","embeddable":true,"href":"https:\/\/ceasuri.md\/ru\/wp-json\/wp\/v2\/product_cat?post=38811"},{"taxonomy":"product_tag","embeddable":true,"href":"https:\/\/ceasuri.md\/ru\/wp-json\/wp\/v2\/product_tag?post=38811"}],"curies":[{"name":"wp","href":"https:\/\/api.w.org\/{rel}","templated":true}]}}