{"id":38801,"date":"2021-11-30T22:32:00","date_gmt":"2021-11-30T20:32:00","guid":{"rendered":"http:\/\/new.ceasuri.md\/shop\/uncategorized\/claude-bernard-dress-code-chronograph-10215-3-apn1\/"},"modified":"2026-05-01T15:52:16","modified_gmt":"2026-05-01T12:52:16","slug":"claude-bernard-dress-code-chronograph-10215-3-apn1","status":"publish","type":"product","link":"https:\/\/ceasuri.md\/ru\/shop\/branduri\/claude-bernard\/claude-bernard-dress-code-chronograph-10215-3-apn1\/","title":{"rendered":"\u0427\u0430\u0441\u044b CLAUDE BERNARD DRESS CODE CHRONOGRAPH 10215-3-APN1"},"content":{"rendered":"<p>Ceasul de m\u00e2n\u0103 Claude Bernard este un accesoriu esen\u021bial care va completa un look elegant at\u00e2t \u00een via\u021ba de zi cu zi, c\u00e2t \u0219i la \u00eent\u00e2lnirile de afaceri.<\/p>\n<p>Acest ceas v\u0103 va \u00eempodobi cu siguran\u021b\u0103 \u00eencheietura m\u00e2inii.<\/p>\n<p>Model se caracterizeaz\u0103 prin caracterul s\u0103u practic, fiabilitate \u0219i rezisten\u021b\u0103 la schimb\u0103rile condi\u021biilor meteorologice.<\/p>","protected":false},"excerpt":{"rendered":"<p>Ceasul de m\u00e2n\u0103 Claude Bernard este un accesoriu esen\u021bial care va completa un look elegant at\u00e2t \u00een via\u021ba de zi cu zi, c\u00e2t \u0219i la \u00eent\u00e2lnirile de afaceri. Acest ceas v\u0103 va \u00eempodobi cu siguran\u021b\u0103 \u00eencheietura m\u00e2inii. Model se caracterizeaz\u0103 prin caracterul s\u0103u practic, fiabilitate \u0219i rezisten\u021b\u0103 la schimb\u0103rile condi\u021biilor meteorologice.<\/p>","protected":false},"featured_media":38802,"comment_status":"closed","ping_status":"open","template":"","meta":{"_acf_changed":false},"product_brand":[],"product_cat":[25,19],"product_tag":[],"class_list":{"0":"post-38801","1":"product","2":"type-product","3":"status-publish","4":"has-post-thumbnail","6":"product_cat-ceasuri-dama","7":"product_cat-claude-bernard","8":"pa_brand-claude-bernard","9":"pa_braslet-piele","10":"pa_corpus-35-mm","11":"pa_decor-cristale-swarowski","12":"pa_forma-rotund","13":"pa_funcii-cronograf","14":"pa_funcii-data","15":"pa_garatia-24-luni","16":"pa_korpus-argintiu","17":"pa_kvarc-quartz","18":"pa_material-otel-inoxidabil","19":"pa_mehanizm-quartz","20":"pa_remeshok-negru","21":"pa_steklo-cristal-safir","22":"pa_strana-elvetia","23":"pa_voda-3-atm","25":"first","26":"instock","27":"purchasable","28":"product-type-simple"},"acf":[],"_links":{"self":[{"href":"https:\/\/ceasuri.md\/ru\/wp-json\/wp\/v2\/product\/38801","targetHints":{"allow":["GET"]}}],"collection":[{"href":"https:\/\/ceasuri.md\/ru\/wp-json\/wp\/v2\/product"}],"about":[{"href":"https:\/\/ceasuri.md\/ru\/wp-json\/wp\/v2\/types\/product"}],"replies":[{"embeddable":true,"href":"https:\/\/ceasuri.md\/ru\/wp-json\/wp\/v2\/comments?post=38801"}],"wp:featuredmedia":[{"embeddable":true,"href":"https:\/\/ceasuri.md\/ru\/wp-json\/wp\/v2\/media\/38802"}],"wp:attachment":[{"href":"https:\/\/ceasuri.md\/ru\/wp-json\/wp\/v2\/media?parent=38801"}],"wp:term":[{"taxonomy":"product_brand","embeddable":true,"href":"https:\/\/ceasuri.md\/ru\/wp-json\/wp\/v2\/product_brand?post=38801"},{"taxonomy":"product_cat","embeddable":true,"href":"https:\/\/ceasuri.md\/ru\/wp-json\/wp\/v2\/product_cat?post=38801"},{"taxonomy":"product_tag","embeddable":true,"href":"https:\/\/ceasuri.md\/ru\/wp-json\/wp\/v2\/product_tag?post=38801"}],"curies":[{"name":"wp","href":"https:\/\/api.w.org\/{rel}","templated":true}]}}