{"id":38770,"date":"2026-04-02T21:22:30","date_gmt":"2026-04-02T18:22:30","guid":{"rendered":"http:\/\/new.ceasuri.md\/shop\/uncategorized\/claude-bernard-classic-gents-42-mm-53009-37r-br\/"},"modified":"2026-04-20T00:12:21","modified_gmt":"2026-04-19T21:12:21","slug":"claude-bernard-classic-gents-42-mm-53009-37r-br","status":"publish","type":"product","link":"https:\/\/ceasuri.md\/ru\/shop\/branduri\/claude-bernard\/claude-bernard-classic-gents-42-mm-53009-37r-br\/","title":{"rendered":"\u0427\u0430\u0441\u044b CLAUDE BERNARD CLASSIC GENTS 42 MM 53009-37R-BR"},"content":{"rendered":"<p>Un ceas bun este \u00eentotdeauna un cadou potrivit pentru un b\u0103rbat.<\/p>\n<p>Modelele elve\u021biene clasice de ceasuri Claude Bernardn nu se vor demoda niciodat\u0103 \u0219i vor ar\u0103ta minunat pe m\u00e2na unui b\u0103rbat, indiferent dac\u0103 poart\u0103 blugi sau un costum strict.<\/p>","protected":false},"excerpt":{"rendered":"<p>Un ceas bun este \u00eentotdeauna un cadou potrivit pentru un b\u0103rbat. Modelele elve\u021biene clasice de ceasuri Claude Bernardn nu se vor demoda niciodat\u0103 \u0219i vor ar\u0103ta minunat pe m\u00e2na unui b\u0103rbat, indiferent dac\u0103 poart\u0103 blugi sau un costum strict.<\/p>","protected":false},"featured_media":38771,"comment_status":"closed","ping_status":"open","template":"","meta":{"_acf_changed":false},"product_brand":[],"product_cat":[20,19],"product_tag":[],"class_list":{"0":"post-38770","1":"product","2":"type-product","3":"status-publish","4":"has-post-thumbnail","6":"product_cat-ceasuri-barbati","7":"product_cat-claude-bernard","8":"pa_brand-claude-bernard","9":"pa_braslet-piele","10":"pa_corpus-42-mm","11":"pa_forma-rotund","12":"pa_funcii-data","13":"pa_garatia-24-luni","14":"pa_korpus-roz-gold","15":"pa_kvarc-quartz","16":"pa_material-otel-inoxidabil","17":"pa_mehanizm-quartz","18":"pa_remeshok-maro","19":"pa_steklo-cristal-safir","20":"pa_strana-elvetia","21":"pa_voda-3-atm","23":"first","24":"instock","25":"purchasable","26":"product-type-simple"},"acf":[],"_links":{"self":[{"href":"https:\/\/ceasuri.md\/ru\/wp-json\/wp\/v2\/product\/38770","targetHints":{"allow":["GET"]}}],"collection":[{"href":"https:\/\/ceasuri.md\/ru\/wp-json\/wp\/v2\/product"}],"about":[{"href":"https:\/\/ceasuri.md\/ru\/wp-json\/wp\/v2\/types\/product"}],"replies":[{"embeddable":true,"href":"https:\/\/ceasuri.md\/ru\/wp-json\/wp\/v2\/comments?post=38770"}],"wp:featuredmedia":[{"embeddable":true,"href":"https:\/\/ceasuri.md\/ru\/wp-json\/wp\/v2\/media\/38771"}],"wp:attachment":[{"href":"https:\/\/ceasuri.md\/ru\/wp-json\/wp\/v2\/media?parent=38770"}],"wp:term":[{"taxonomy":"product_brand","embeddable":true,"href":"https:\/\/ceasuri.md\/ru\/wp-json\/wp\/v2\/product_brand?post=38770"},{"taxonomy":"product_cat","embeddable":true,"href":"https:\/\/ceasuri.md\/ru\/wp-json\/wp\/v2\/product_cat?post=38770"},{"taxonomy":"product_tag","embeddable":true,"href":"https:\/\/ceasuri.md\/ru\/wp-json\/wp\/v2\/product_tag?post=38770"}],"curies":[{"name":"wp","href":"https:\/\/api.w.org\/{rel}","templated":true}]}}