{"id":38756,"date":"2026-04-02T21:21:47","date_gmt":"2026-04-02T18:21:47","guid":{"rendered":"http:\/\/new.ceasuri.md\/shop\/uncategorized\/claude-bernard-classic-gents-53007-357rm-buir\/"},"modified":"2026-04-20T00:12:15","modified_gmt":"2026-04-19T21:12:15","slug":"claude-bernard-classic-gents-53007-357rm-buir","status":"publish","type":"product","link":"https:\/\/ceasuri.md\/ru\/shop\/branduri\/claude-bernard\/claude-bernard-classic-gents-53007-357rm-buir\/","title":{"rendered":"\u0427\u0430\u0441\u044b CLAUDE BERNARD CLASSIC GENTS 53007-357RM-BUIR"},"content":{"rendered":"<p>Ceasul elve\u021bian Claude Bernard este \u00eentruchiparea esteticii \u00een fiecare detaliu &#8211; m\u00e2inile sub\u021biri care se mi\u0219c\u0103 \u00een cerc, str\u0103lucirea metalic\u0103 a carcasei din o\u021bel inoxidabil \u0219i mi\u0219carea fiabil\u0103 cu cuar\u021b.<\/p>","protected":false},"excerpt":{"rendered":"<p>Ceasul elve\u021bian Claude Bernard este \u00eentruchiparea esteticii \u00een fiecare detaliu &#8211; m\u00e2inile sub\u021biri care se mi\u0219c\u0103 \u00een cerc, str\u0103lucirea metalic\u0103 a carcasei din o\u021bel inoxidabil \u0219i mi\u0219carea fiabil\u0103 cu cuar\u021b.<\/p>","protected":false},"featured_media":38757,"comment_status":"closed","ping_status":"open","template":"","meta":{"_acf_changed":false},"product_brand":[],"product_cat":[20,19],"product_tag":[],"class_list":{"0":"post-38756","1":"product","2":"type-product","3":"status-publish","4":"has-post-thumbnail","6":"product_cat-ceasuri-barbati","7":"product_cat-claude-bernard","8":"pa_brand-claude-bernard","9":"pa_braslet-otel-inoxidabil","10":"pa_corpus-39-mm","11":"pa_forma-rotund","12":"pa_funcii-data","13":"pa_garatia-24-luni","14":"pa_korpus-argintiu","15":"pa_kvarc-quartz","16":"pa_material-otel-inoxidabil","17":"pa_mehanizm-quartz","18":"pa_remeshok-bicolor","19":"pa_steklo-cristal-safir","20":"pa_strana-elvetia","21":"pa_voda-3-atm","23":"first","24":"instock","25":"purchasable","26":"product-type-simple"},"acf":[],"_links":{"self":[{"href":"https:\/\/ceasuri.md\/ru\/wp-json\/wp\/v2\/product\/38756","targetHints":{"allow":["GET"]}}],"collection":[{"href":"https:\/\/ceasuri.md\/ru\/wp-json\/wp\/v2\/product"}],"about":[{"href":"https:\/\/ceasuri.md\/ru\/wp-json\/wp\/v2\/types\/product"}],"replies":[{"embeddable":true,"href":"https:\/\/ceasuri.md\/ru\/wp-json\/wp\/v2\/comments?post=38756"}],"wp:featuredmedia":[{"embeddable":true,"href":"https:\/\/ceasuri.md\/ru\/wp-json\/wp\/v2\/media\/38757"}],"wp:attachment":[{"href":"https:\/\/ceasuri.md\/ru\/wp-json\/wp\/v2\/media?parent=38756"}],"wp:term":[{"taxonomy":"product_brand","embeddable":true,"href":"https:\/\/ceasuri.md\/ru\/wp-json\/wp\/v2\/product_brand?post=38756"},{"taxonomy":"product_cat","embeddable":true,"href":"https:\/\/ceasuri.md\/ru\/wp-json\/wp\/v2\/product_cat?post=38756"},{"taxonomy":"product_tag","embeddable":true,"href":"https:\/\/ceasuri.md\/ru\/wp-json\/wp\/v2\/product_tag?post=38756"}],"curies":[{"name":"wp","href":"https:\/\/api.w.org\/{rel}","templated":true}]}}