{"id":38746,"date":"2022-11-30T18:28:23","date_gmt":"2022-11-30T16:28:23","guid":{"rendered":"http:\/\/new.ceasuri.md\/shop\/uncategorized\/skagen-holst-skw6652\/"},"modified":"2026-05-01T15:51:29","modified_gmt":"2026-05-01T12:51:29","slug":"skagen-holst-skw6652","status":"publish","type":"product","link":"https:\/\/ceasuri.md\/ru\/shop\/branduri\/skagen\/skagen-holst-skw6652\/","title":{"rendered":"\u0427\u0430\u0441\u044b SKAGEN HOLST SKW6652"},"content":{"rendered":"<p>Este un ceas care combin\u0103 formele la mod\u0103 cu culorile clasice.<\/p>\n<p>Carcasa sub\u021bire din o\u021bel (cu o grosime de numai 7 mm) se potrive\u0219te sub orice man\u0219et\u0103 de c\u0103ma\u0219\u0103. M\u0103soar\u0103 42 mm \u00een diametru.<\/p>\n<p>Se afl\u0103 pe o br\u0103\u021bar\u0103, ceea ce confer\u0103 modelului un caracter clasic.<\/p>\n<p>Cadranul albastru \u00een stil minimalist este clar \u0219i lizibil datorit\u0103 indicilor clari.<\/p>\n<p>Ceasul este echipat cu o mi\u0219care precis\u0103 cu cuar\u021b , cu un cronograf care m\u0103soar\u0103 timpul p\u00e2n\u0103 la 1\/10 de secund\u0103.<\/p>","protected":false},"excerpt":{"rendered":"<p>Este un ceas care combin\u0103 formele la mod\u0103 cu culorile clasice. Carcasa sub\u021bire din o\u021bel (cu o grosime de numai 7 mm) se potrive\u0219te sub orice man\u0219et\u0103 de c\u0103ma\u0219\u0103. M\u0103soar\u0103 42 mm \u00een diametru. Se afl\u0103 pe o br\u0103\u021bar\u0103, ceea ce confer\u0103 modelului un caracter clasic. Cadranul albastru \u00een stil minimalist este clar \u0219i lizibil [&hellip;]<\/p>\n","protected":false},"featured_media":38747,"comment_status":"closed","ping_status":"open","template":"","meta":{"_acf_changed":false},"product_brand":[],"product_cat":[20,297],"product_tag":[595,693],"class_list":{"0":"post-38746","1":"product","2":"type-product","3":"status-publish","4":"has-post-thumbnail","6":"product_cat-ceasuri-barbati","7":"product_cat-skagen","8":"product_tag-cronograf","9":"product_tag-693","10":"pa_brand-skagen","11":"pa_braslet-otel-inoxidabil","12":"pa_corpus-42-mm","13":"pa_forma-rotund","14":"pa_funcii-cronograf","15":"pa_garatia-24-luni","16":"pa_korpus-argintiu","17":"pa_kvarc-quartz","18":"pa_material-otel-inoxidabil","19":"pa_mehanizm-quartz","20":"pa_remeshok-argintiu","21":"pa_steklo-cristal-mineral","22":"pa_strana-danemarca","23":"pa_voda-3-atm","25":"first","26":"instock","27":"purchasable","28":"product-type-simple"},"acf":[],"_links":{"self":[{"href":"https:\/\/ceasuri.md\/ru\/wp-json\/wp\/v2\/product\/38746","targetHints":{"allow":["GET"]}}],"collection":[{"href":"https:\/\/ceasuri.md\/ru\/wp-json\/wp\/v2\/product"}],"about":[{"href":"https:\/\/ceasuri.md\/ru\/wp-json\/wp\/v2\/types\/product"}],"replies":[{"embeddable":true,"href":"https:\/\/ceasuri.md\/ru\/wp-json\/wp\/v2\/comments?post=38746"}],"wp:featuredmedia":[{"embeddable":true,"href":"https:\/\/ceasuri.md\/ru\/wp-json\/wp\/v2\/media\/38747"}],"wp:attachment":[{"href":"https:\/\/ceasuri.md\/ru\/wp-json\/wp\/v2\/media?parent=38746"}],"wp:term":[{"taxonomy":"product_brand","embeddable":true,"href":"https:\/\/ceasuri.md\/ru\/wp-json\/wp\/v2\/product_brand?post=38746"},{"taxonomy":"product_cat","embeddable":true,"href":"https:\/\/ceasuri.md\/ru\/wp-json\/wp\/v2\/product_cat?post=38746"},{"taxonomy":"product_tag","embeddable":true,"href":"https:\/\/ceasuri.md\/ru\/wp-json\/wp\/v2\/product_tag?post=38746"}],"curies":[{"name":"wp","href":"https:\/\/api.w.org\/{rel}","templated":true}]}}