{"id":38740,"date":"2026-04-02T21:21:47","date_gmt":"2026-04-02T18:21:47","guid":{"rendered":"http:\/\/new.ceasuri.md\/shop\/uncategorized\/skagen-fisk-skw2916\/"},"modified":"2026-04-20T00:53:18","modified_gmt":"2026-04-19T21:53:18","slug":"skagen-fisk-skw2916","status":"publish","type":"product","link":"https:\/\/ceasuri.md\/ru\/shop\/branduri\/skagen\/skagen-fisk-skw2916\/","title":{"rendered":"\u0427\u0430\u0441\u044b SKAGEN FISK SKW2916"},"content":{"rendered":"<p>Marca \u00ee\u0219i ia numele de la un mic sat de pescari de pe promontoriul peninsulei Jutland.<\/p>\n<p>Frumuse\u021bea acestui loc, care combin\u0103 lini\u0219tea minunatei frumuse\u021bi a plajelor pustii de pe coast\u0103 \u0219i dinamica celor dou\u0103 m\u0103ri &#8211; Marea Nordului \u0219i Marea Baltic\u0103, ale c\u0103ror ape se \u00eent\u00e2lnesc aici \u00eentr-un v\u00e2rtej zgomotos, reflect\u0103 poate cel mai bine conceptul m\u0103rcii de a combina durabilitatea, fiabilitatea \u0219i confortul cu un rafinament elegant.<\/p>","protected":false},"excerpt":{"rendered":"<p>Marca \u00ee\u0219i ia numele de la un mic sat de pescari de pe promontoriul peninsulei Jutland. Frumuse\u021bea acestui loc, care combin\u0103 lini\u0219tea minunatei frumuse\u021bi a plajelor pustii de pe coast\u0103 \u0219i dinamica celor dou\u0103 m\u0103ri &#8211; Marea Nordului \u0219i Marea Baltic\u0103, ale c\u0103ror ape se \u00eent\u00e2lnesc aici \u00eentr-un v\u00e2rtej zgomotos, reflect\u0103 poate cel mai bine [&hellip;]<\/p>\n","protected":false},"featured_media":38741,"comment_status":"closed","ping_status":"open","template":"","meta":{"_acf_changed":false},"product_brand":[],"product_cat":[25,297],"product_tag":[595,696],"class_list":{"0":"post-38740","1":"product","2":"type-product","3":"status-publish","4":"has-post-thumbnail","6":"product_cat-ceasuri-dama","7":"product_cat-skagen","8":"product_tag-cronograf","9":"product_tag-696","10":"pa_brand-skagen","11":"pa_braslet-cauciuc","12":"pa_corpus-38-mm","13":"pa_forma-rotund","14":"pa_funcii-iluminare-fluorescenta","15":"pa_garatia-24-luni","16":"pa_korpus-albastru-inchis","17":"pa_korpus-argintiu","18":"pa_kvarc-quartz","19":"pa_material-otel-inoxidabil","20":"pa_mehanizm-quartz","21":"pa_remeshok-alb","22":"pa_steklo-cristal-mineral","23":"pa_strana-danemarca","24":"pa_voda-10-atm","26":"first","27":"instock","28":"purchasable","29":"product-type-simple"},"acf":[],"_links":{"self":[{"href":"https:\/\/ceasuri.md\/ru\/wp-json\/wp\/v2\/product\/38740","targetHints":{"allow":["GET"]}}],"collection":[{"href":"https:\/\/ceasuri.md\/ru\/wp-json\/wp\/v2\/product"}],"about":[{"href":"https:\/\/ceasuri.md\/ru\/wp-json\/wp\/v2\/types\/product"}],"replies":[{"embeddable":true,"href":"https:\/\/ceasuri.md\/ru\/wp-json\/wp\/v2\/comments?post=38740"}],"wp:featuredmedia":[{"embeddable":true,"href":"https:\/\/ceasuri.md\/ru\/wp-json\/wp\/v2\/media\/38741"}],"wp:attachment":[{"href":"https:\/\/ceasuri.md\/ru\/wp-json\/wp\/v2\/media?parent=38740"}],"wp:term":[{"taxonomy":"product_brand","embeddable":true,"href":"https:\/\/ceasuri.md\/ru\/wp-json\/wp\/v2\/product_brand?post=38740"},{"taxonomy":"product_cat","embeddable":true,"href":"https:\/\/ceasuri.md\/ru\/wp-json\/wp\/v2\/product_cat?post=38740"},{"taxonomy":"product_tag","embeddable":true,"href":"https:\/\/ceasuri.md\/ru\/wp-json\/wp\/v2\/product_tag?post=38740"}],"curies":[{"name":"wp","href":"https:\/\/api.w.org\/{rel}","templated":true}]}}