{"id":38727,"date":"2026-04-02T21:21:47","date_gmt":"2026-04-02T18:21:47","guid":{"rendered":"http:\/\/new.ceasuri.md\/shop\/uncategorized\/skagen-anita-skw2905\/"},"modified":"2026-04-20T00:53:16","modified_gmt":"2026-04-19T21:53:16","slug":"skagen-anita-skw2905","status":"publish","type":"product","link":"https:\/\/ceasuri.md\/ru\/shop\/branduri\/skagen\/skagen-anita-skw2905\/","title":{"rendered":"\u0427\u0430\u0441\u044b SKAGEN ANITA SKW2905"},"content":{"rendered":"<p>Un ceas elegant pentru femei, fabricat din o\u021bel inoxidabil de \u00eenalt\u0103 calitate.<\/p>\n<p>Carcasa cu diametrul de 30 mm este combinat\u0103 cu o curea din piele multicolor\u0103. Cureaua \u00eengust\u0103 de 12 mm l\u0103\u021bime, combinat\u0103 cu o carcas\u0103 de aceast\u0103 dimensiune, ofer\u0103 o form\u0103 supradimensionat\u0103 la mod\u0103.<\/p>\n<p>Cadranul minimalist din mam\u0103 de perl\u0103 este decorat cu elemente \u00een tonuri albe, ceea ce confer\u0103 ceasului un caracter unic.<\/p>\n<p>Cristalul mineral utilizat este foarte rezistent la deteriorare.<\/p>\n<p>Rezisten\u021ba la ap\u0103 de 30 de metri protejeaz\u0103 ceasul de stropiri.<\/p>","protected":false},"excerpt":{"rendered":"<p>Un ceas elegant pentru femei, fabricat din o\u021bel inoxidabil de \u00eenalt\u0103 calitate. Carcasa cu diametrul de 30 mm este combinat\u0103 cu o curea din piele multicolor\u0103. Cureaua \u00eengust\u0103 de 12 mm l\u0103\u021bime, combinat\u0103 cu o carcas\u0103 de aceast\u0103 dimensiune, ofer\u0103 o form\u0103 supradimensionat\u0103 la mod\u0103. Cadranul minimalist din mam\u0103 de perl\u0103 este decorat cu elemente [&hellip;]<\/p>\n","protected":false},"featured_media":38728,"comment_status":"closed","ping_status":"open","template":"","meta":{"_acf_changed":false},"product_brand":[],"product_cat":[25,297],"product_tag":[595,696],"class_list":{"0":"post-38727","1":"product","2":"type-product","3":"status-publish","4":"has-post-thumbnail","6":"product_cat-ceasuri-dama","7":"product_cat-skagen","8":"product_tag-cronograf","9":"product_tag-696","10":"pa_brand-skagen","11":"pa_braslet-piele","12":"pa_corpus-30-mm","13":"pa_forma-rotund","14":"pa_garatia-24-luni","15":"pa_korpus-auriu","16":"pa_kvarc-quartz","17":"pa_material-otel-inoxidabil","18":"pa_mehanizm-quartz","19":"pa_remeshok-verde","20":"pa_steklo-cristal-mineral","21":"pa_strana-danemarca","22":"pa_voda-3-atm","24":"first","25":"instock","26":"purchasable","27":"product-type-simple"},"acf":[],"_links":{"self":[{"href":"https:\/\/ceasuri.md\/ru\/wp-json\/wp\/v2\/product\/38727","targetHints":{"allow":["GET"]}}],"collection":[{"href":"https:\/\/ceasuri.md\/ru\/wp-json\/wp\/v2\/product"}],"about":[{"href":"https:\/\/ceasuri.md\/ru\/wp-json\/wp\/v2\/types\/product"}],"replies":[{"embeddable":true,"href":"https:\/\/ceasuri.md\/ru\/wp-json\/wp\/v2\/comments?post=38727"}],"wp:featuredmedia":[{"embeddable":true,"href":"https:\/\/ceasuri.md\/ru\/wp-json\/wp\/v2\/media\/38728"}],"wp:attachment":[{"href":"https:\/\/ceasuri.md\/ru\/wp-json\/wp\/v2\/media?parent=38727"}],"wp:term":[{"taxonomy":"product_brand","embeddable":true,"href":"https:\/\/ceasuri.md\/ru\/wp-json\/wp\/v2\/product_brand?post=38727"},{"taxonomy":"product_cat","embeddable":true,"href":"https:\/\/ceasuri.md\/ru\/wp-json\/wp\/v2\/product_cat?post=38727"},{"taxonomy":"product_tag","embeddable":true,"href":"https:\/\/ceasuri.md\/ru\/wp-json\/wp\/v2\/product_tag?post=38727"}],"curies":[{"name":"wp","href":"https:\/\/api.w.org\/{rel}","templated":true}]}}