{"id":38707,"date":"2021-11-30T22:32:00","date_gmt":"2021-11-30T20:32:00","guid":{"rendered":"http:\/\/new.ceasuri.md\/shop\/uncategorized\/claude-bernard-classic-chronograph-01002-3m2-buin\/"},"modified":"2026-05-01T15:51:08","modified_gmt":"2026-05-01T12:51:08","slug":"claude-bernard-classic-chronograph-01002-3m2-buin","status":"publish","type":"product","link":"https:\/\/ceasuri.md\/ru\/shop\/branduri\/claude-bernard\/claude-bernard-classic-chronograph-01002-3m2-buin\/","title":{"rendered":"\u0427\u0430\u0441\u044b CLAUDE BERNARD CLASSIC CHRONOGRAPH 01002-3M2-BUIN"},"content":{"rendered":"<p>Ceasurile b\u0103rb\u0103te\u0219ti Claude Bernard atrag cu designul lor neobi\u0219nuit, care poate spune expresiv despre caracterul proprietarului lor.<\/p>\n<p>\u00cen gama extins\u0103 de modele ve\u021bi g\u0103si at\u00e2t ceasuri austere, elegante, \u00een stil clasic, c\u00e2t \u0219i luxoase, bogat decorate cu pietre, \u0219i modele re\u021binute, de tip business, concepute pentru costumul unui b\u0103rbat de succes.<\/p>\n<p>Ceasurile Claude Bernard sunt create pentru cei care pot aprecia munca virtuoas\u0103 a artizanilor elve\u021bieni \u0219i doresc s\u0103 cumpere o pies\u0103 de imagine cu adev\u0103rat valoroas\u0103.<\/p>","protected":false},"excerpt":{"rendered":"<p>Ceasurile b\u0103rb\u0103te\u0219ti Claude Bernard atrag cu designul lor neobi\u0219nuit, care poate spune expresiv despre caracterul proprietarului lor. \u00cen gama extins\u0103 de modele ve\u021bi g\u0103si at\u00e2t ceasuri austere, elegante, \u00een stil clasic, c\u00e2t \u0219i luxoase, bogat decorate cu pietre, \u0219i modele re\u021binute, de tip business, concepute pentru costumul unui b\u0103rbat de succes. Ceasurile Claude Bernard sunt [&hellip;]<\/p>\n","protected":false},"featured_media":38708,"comment_status":"closed","ping_status":"open","template":"","meta":{"_acf_changed":false},"product_brand":[],"product_cat":[20,19],"product_tag":[],"class_list":{"0":"post-38707","1":"product","2":"type-product","3":"status-publish","4":"has-post-thumbnail","6":"product_cat-ceasuri-barbati","7":"product_cat-claude-bernard","8":"pa_brand-claude-bernard","9":"pa_braslet-otel-inoxidabil","10":"pa_corpus-42-mm","11":"pa_forma-rotund","12":"pa_funcii-cronograf","13":"pa_funcii-data","14":"pa_funcii-tahimetru","15":"pa_garatia-24-luni","16":"pa_korpus-argintiu","17":"pa_kvarc-quartz","18":"pa_material-otel-inoxidabil","19":"pa_mehanizm-quartz","20":"pa_remeshok-argintiu","21":"pa_steklo-cristal-safir","22":"pa_strana-elvetia","23":"pa_voda-5-atm","25":"first","26":"instock","27":"purchasable","28":"product-type-simple"},"acf":[],"_links":{"self":[{"href":"https:\/\/ceasuri.md\/ru\/wp-json\/wp\/v2\/product\/38707","targetHints":{"allow":["GET"]}}],"collection":[{"href":"https:\/\/ceasuri.md\/ru\/wp-json\/wp\/v2\/product"}],"about":[{"href":"https:\/\/ceasuri.md\/ru\/wp-json\/wp\/v2\/types\/product"}],"replies":[{"embeddable":true,"href":"https:\/\/ceasuri.md\/ru\/wp-json\/wp\/v2\/comments?post=38707"}],"wp:featuredmedia":[{"embeddable":true,"href":"https:\/\/ceasuri.md\/ru\/wp-json\/wp\/v2\/media\/38708"}],"wp:attachment":[{"href":"https:\/\/ceasuri.md\/ru\/wp-json\/wp\/v2\/media?parent=38707"}],"wp:term":[{"taxonomy":"product_brand","embeddable":true,"href":"https:\/\/ceasuri.md\/ru\/wp-json\/wp\/v2\/product_brand?post=38707"},{"taxonomy":"product_cat","embeddable":true,"href":"https:\/\/ceasuri.md\/ru\/wp-json\/wp\/v2\/product_cat?post=38707"},{"taxonomy":"product_tag","embeddable":true,"href":"https:\/\/ceasuri.md\/ru\/wp-json\/wp\/v2\/product_tag?post=38707"}],"curies":[{"name":"wp","href":"https:\/\/api.w.org\/{rel}","templated":true}]}}