{"id":38697,"date":"2026-04-02T21:21:47","date_gmt":"2026-04-02T18:21:47","guid":{"rendered":"http:\/\/new.ceasuri.md\/shop\/uncategorized\/fossil-neutra-chrono-fs5706\/"},"modified":"2026-04-15T16:59:42","modified_gmt":"2026-04-15T13:59:42","slug":"fossil-neutra-chrono-fs5706","status":"publish","type":"product","link":"https:\/\/ceasuri.md\/ru\/shop\/branduri\/fossil\/fossil-neutra-chrono-fs5706\/","title":{"rendered":"Ceas FOSSIL NEUTRA CHRONO FS5706"},"content":{"rendered":"<p>Ceasul are un cadran mare albastru de 44 mm, cifre romane \u0219i m\u00e2ini de sering\u0103, precum \u0219i o br\u0103\u021bar\u0103 din o\u021bel cu o \u00eencruci\u0219are \u00eentre aur \u0219i o\u021bel de culoare argintie.<\/p>\n<p>Cadranul este protejat de o sticl\u0103 u\u0219or convex\u0103, care completeaz\u0103 aspectul elegant al ceasului.<\/p>\n<p>Finisajul luminescent permite ca m\u00e2inile \u0219i indicii s\u0103 fie v\u0103zute \u00een \u00eentuneric.<\/p>\n<p>Ceasul dispune de dat\u0103, ceas cu 24 de ore \u0219i cronograf, toate u\u0219or de reglat prin intermediul butoanelor de pe partea lateral\u0103 a ceasului.<\/p>","protected":false},"excerpt":{"rendered":"<p>Ceasul are un cadran mare albastru de 44 mm, cifre romane \u0219i m\u00e2ini de sering\u0103, precum \u0219i o br\u0103\u021bar\u0103 din o\u021bel cu o \u00eencruci\u0219are \u00eentre aur \u0219i o\u021bel de culoare argintie. Cadranul este protejat de o sticl\u0103 u\u0219or convex\u0103, care completeaz\u0103 aspectul elegant al ceasului. Finisajul luminescent permite ca m\u00e2inile \u0219i indicii s\u0103 fie v\u0103zute [&hellip;]<\/p>\n","protected":false},"featured_media":38698,"comment_status":"closed","ping_status":"open","template":"","meta":{"_acf_changed":false},"product_brand":[],"product_cat":[20,396],"product_tag":[595,693],"class_list":{"0":"post-38697","1":"product","2":"type-product","3":"status-publish","4":"has-post-thumbnail","6":"product_cat-ceasuri-barbati","7":"product_cat-fossil","8":"product_tag-cronograf","9":"product_tag-693","10":"pa_brand-fossil","11":"pa_braslet-otel-inoxidabil","12":"pa_corpus-44-mm","13":"pa_forma-rotund","14":"pa_funcii-cronograf","15":"pa_funcii-data","16":"pa_garatia-24-luni","17":"pa_korpus-bicolor","18":"pa_kvarc-quartz","19":"pa_material-otel-inoxidabil","20":"pa_mehanizm-quartz","21":"pa_remeshok-bicolor","22":"pa_steklo-cristal-mineral","23":"pa_strana-sua","24":"pa_voda-5-atm","26":"first","27":"instock","28":"purchasable","29":"product-type-simple"},"acf":[],"_links":{"self":[{"href":"https:\/\/ceasuri.md\/ru\/wp-json\/wp\/v2\/product\/38697","targetHints":{"allow":["GET"]}}],"collection":[{"href":"https:\/\/ceasuri.md\/ru\/wp-json\/wp\/v2\/product"}],"about":[{"href":"https:\/\/ceasuri.md\/ru\/wp-json\/wp\/v2\/types\/product"}],"replies":[{"embeddable":true,"href":"https:\/\/ceasuri.md\/ru\/wp-json\/wp\/v2\/comments?post=38697"}],"wp:featuredmedia":[{"embeddable":true,"href":"https:\/\/ceasuri.md\/ru\/wp-json\/wp\/v2\/media\/38698"}],"wp:attachment":[{"href":"https:\/\/ceasuri.md\/ru\/wp-json\/wp\/v2\/media?parent=38697"}],"wp:term":[{"taxonomy":"product_brand","embeddable":true,"href":"https:\/\/ceasuri.md\/ru\/wp-json\/wp\/v2\/product_brand?post=38697"},{"taxonomy":"product_cat","embeddable":true,"href":"https:\/\/ceasuri.md\/ru\/wp-json\/wp\/v2\/product_cat?post=38697"},{"taxonomy":"product_tag","embeddable":true,"href":"https:\/\/ceasuri.md\/ru\/wp-json\/wp\/v2\/product_tag?post=38697"}],"curies":[{"name":"wp","href":"https:\/\/api.w.org\/{rel}","templated":true}]}}