{"id":38669,"date":"2026-04-02T21:20:54","date_gmt":"2026-04-02T18:20:54","guid":{"rendered":"http:\/\/new.ceasuri.md\/shop\/uncategorized\/fossil-grant-fs4735\/"},"modified":"2026-04-07T03:49:23","modified_gmt":"2026-04-07T00:49:23","slug":"fossil-grant-fs4735","status":"publish","type":"product","link":"https:\/\/ceasuri.md\/ru\/shop\/branduri\/fossil\/fossil-grant-fs4735\/","title":{"rendered":"Ceas FOSSIL GRANT FS4735"},"content":{"rendered":"<p>Un ceas cronograf practic \u0219i func\u021bional, cu o carcas\u0103 rotund\u0103 &#8211; alegerea b\u0103rba\u021bilor hot\u0103r\u00e2\u021bi.<\/p>\n<p>Ceas cronograf cu cronometru.<\/p>\n<p>Coroan\u0103 protejat\u0103.<\/p>","protected":false},"excerpt":{"rendered":"<p>Un ceas cronograf practic \u0219i func\u021bional, cu o carcas\u0103 rotund\u0103 &#8211; alegerea b\u0103rba\u021bilor hot\u0103r\u00e2\u021bi. Ceas cronograf cu cronometru. Coroan\u0103 protejat\u0103.<\/p>","protected":false},"featured_media":38670,"comment_status":"closed","ping_status":"open","template":"","meta":{"_acf_changed":false},"product_brand":[],"product_cat":[20,396],"product_tag":[595,693],"class_list":{"0":"post-38669","1":"product","2":"type-product","3":"status-publish","4":"has-post-thumbnail","6":"product_cat-ceasuri-barbati","7":"product_cat-fossil","8":"product_tag-cronograf","9":"product_tag-693","10":"pa_brand-fossil","11":"pa_braslet-piele","12":"pa_corpus-44-mm","13":"pa_forma-rotund","14":"pa_funcii-cronometru","15":"pa_garatia-24-luni","16":"pa_korpus-argintiu","17":"pa_material-otel-inoxidabil","18":"pa_mehanizm-quartz","19":"pa_remeshok-maro","20":"pa_steklo-cristal-mineral","21":"pa_strana-sua","22":"pa_voda-5-atm","24":"first","25":"instock","26":"purchasable","27":"product-type-simple"},"acf":[],"_links":{"self":[{"href":"https:\/\/ceasuri.md\/ru\/wp-json\/wp\/v2\/product\/38669","targetHints":{"allow":["GET"]}}],"collection":[{"href":"https:\/\/ceasuri.md\/ru\/wp-json\/wp\/v2\/product"}],"about":[{"href":"https:\/\/ceasuri.md\/ru\/wp-json\/wp\/v2\/types\/product"}],"replies":[{"embeddable":true,"href":"https:\/\/ceasuri.md\/ru\/wp-json\/wp\/v2\/comments?post=38669"}],"wp:featuredmedia":[{"embeddable":true,"href":"https:\/\/ceasuri.md\/ru\/wp-json\/wp\/v2\/media\/38670"}],"wp:attachment":[{"href":"https:\/\/ceasuri.md\/ru\/wp-json\/wp\/v2\/media?parent=38669"}],"wp:term":[{"taxonomy":"product_brand","embeddable":true,"href":"https:\/\/ceasuri.md\/ru\/wp-json\/wp\/v2\/product_brand?post=38669"},{"taxonomy":"product_cat","embeddable":true,"href":"https:\/\/ceasuri.md\/ru\/wp-json\/wp\/v2\/product_cat?post=38669"},{"taxonomy":"product_tag","embeddable":true,"href":"https:\/\/ceasuri.md\/ru\/wp-json\/wp\/v2\/product_tag?post=38669"}],"curies":[{"name":"wp","href":"https:\/\/api.w.org\/{rel}","templated":true}]}}