{"id":38658,"date":"2026-04-02T21:20:54","date_gmt":"2026-04-02T18:20:54","guid":{"rendered":"http:\/\/new.ceasuri.md\/shop\/uncategorized\/claude-bernard-classic-chronograph-01002-37r-brir\/"},"modified":"2026-04-20T00:10:59","modified_gmt":"2026-04-19T21:10:59","slug":"claude-bernard-classic-chronograph-01002-37r-brir","status":"publish","type":"product","link":"https:\/\/ceasuri.md\/ru\/shop\/branduri\/claude-bernard\/claude-bernard-classic-chronograph-01002-37r-brir\/","title":{"rendered":"\u0427\u0430\u0441\u044b CLAUDE BERNARD CLASSIC CHRONOGRAPH 01002-37R-BRIR"},"content":{"rendered":"<p>Ceasul Claude Bernard garanteaz\u0103 o durat\u0103 lung\u0103 de via\u021b\u0103 datorit\u0103 mi\u0219c\u0103rii sale precise \u0219i calit\u0103\u021bii ridicate a materialelor utilizate.<\/p>\n<p>Sticla de \u00eenalt\u0103 calitate protejeaz\u0103 \u00een mod fiabil cadranul de deterior\u0103ri, nu se zg\u00e2rie \u0219i r\u0103m\u00e2ne \u00eentotdeauna la fel de bun\u0103 ca nou\u0103.<\/p>\n<p>Aspectul elegant \u0219i designul frumos vor permite acestui model s\u0103 devin\u0103 parte at\u00e2t a look-ului de zi cu zi, c\u00e2t \u0219i a stilului de birou.<\/p>","protected":false},"excerpt":{"rendered":"<p>Ceasul Claude Bernard garanteaz\u0103 o durat\u0103 lung\u0103 de via\u021b\u0103 datorit\u0103 mi\u0219c\u0103rii sale precise \u0219i calit\u0103\u021bii ridicate a materialelor utilizate. Sticla de \u00eenalt\u0103 calitate protejeaz\u0103 \u00een mod fiabil cadranul de deterior\u0103ri, nu se zg\u00e2rie \u0219i r\u0103m\u00e2ne \u00eentotdeauna la fel de bun\u0103 ca nou\u0103. Aspectul elegant \u0219i designul frumos vor permite acestui model s\u0103 devin\u0103 parte at\u00e2t [&hellip;]<\/p>\n","protected":false},"featured_media":38659,"comment_status":"closed","ping_status":"open","template":"","meta":{"_acf_changed":false},"product_brand":[],"product_cat":[20,19],"product_tag":[],"class_list":{"0":"post-38658","1":"product","2":"type-product","3":"status-publish","4":"has-post-thumbnail","6":"product_cat-ceasuri-barbati","7":"product_cat-claude-bernard","8":"pa_brand-claude-bernard","9":"pa_braslet-piele","10":"pa_corpus-42-mm","11":"pa_forma-rotund","12":"pa_funcii-cronograf","13":"pa_funcii-data","14":"pa_funcii-tahimetru","15":"pa_garatia-24-luni","16":"pa_korpus-auriu","17":"pa_kvarc-quartz","18":"pa_material-otel-inoxidabil","19":"pa_mehanizm-quartz","20":"pa_remeshok-maro","21":"pa_steklo-cristal-safir","22":"pa_strana-elvetia","23":"pa_voda-5-atm","25":"first","26":"instock","27":"purchasable","28":"product-type-simple"},"acf":[],"_links":{"self":[{"href":"https:\/\/ceasuri.md\/ru\/wp-json\/wp\/v2\/product\/38658","targetHints":{"allow":["GET"]}}],"collection":[{"href":"https:\/\/ceasuri.md\/ru\/wp-json\/wp\/v2\/product"}],"about":[{"href":"https:\/\/ceasuri.md\/ru\/wp-json\/wp\/v2\/types\/product"}],"replies":[{"embeddable":true,"href":"https:\/\/ceasuri.md\/ru\/wp-json\/wp\/v2\/comments?post=38658"}],"wp:featuredmedia":[{"embeddable":true,"href":"https:\/\/ceasuri.md\/ru\/wp-json\/wp\/v2\/media\/38659"}],"wp:attachment":[{"href":"https:\/\/ceasuri.md\/ru\/wp-json\/wp\/v2\/media?parent=38658"}],"wp:term":[{"taxonomy":"product_brand","embeddable":true,"href":"https:\/\/ceasuri.md\/ru\/wp-json\/wp\/v2\/product_brand?post=38658"},{"taxonomy":"product_cat","embeddable":true,"href":"https:\/\/ceasuri.md\/ru\/wp-json\/wp\/v2\/product_cat?post=38658"},{"taxonomy":"product_tag","embeddable":true,"href":"https:\/\/ceasuri.md\/ru\/wp-json\/wp\/v2\/product_tag?post=38658"}],"curies":[{"name":"wp","href":"https:\/\/api.w.org\/{rel}","templated":true}]}}