{"id":38645,"date":"2021-11-30T22:32:00","date_gmt":"2021-11-30T20:32:00","guid":{"rendered":"http:\/\/new.ceasuri.md\/shop\/uncategorized\/claude-bernard-classic-chronograph-01002-37r-air\/"},"modified":"2026-05-01T15:50:41","modified_gmt":"2026-05-01T12:50:41","slug":"claude-bernard-classic-chronograph-01002-37r-air","status":"publish","type":"product","link":"https:\/\/ceasuri.md\/ru\/shop\/branduri\/claude-bernard\/claude-bernard-classic-chronograph-01002-37r-air\/","title":{"rendered":"\u0427\u0430\u0441\u044b CLAUDE BERNARD CLASSIC CHRONOGRAPH 01002-37R-AIR"},"content":{"rendered":"<p>Un ceas clasic pentru b\u0103rba\u021bi din colec\u021bia Classic Chronograph.<\/p>\n<p>Cu o rezisten\u021b\u0103 la ap\u0103 de p\u00e2n\u0103 la 50 de metri, pute\u021bi face du\u0219 sau v\u0103 pute\u021bi sp\u0103la pe fa\u021b\u0103 f\u0103r\u0103 s\u0103-l scoate\u021bi.<\/p>\n<p>Cristalul robust din safir rezist\u0103 la zg\u00e2rieturi.<\/p>\n<p>Carcasa este fabricat\u0103 din o\u021bel, iar mi\u0219carea este cu cuar\u021b.<\/p>","protected":false},"excerpt":{"rendered":"<p>Un ceas clasic pentru b\u0103rba\u021bi din colec\u021bia Classic Chronograph. Cu o rezisten\u021b\u0103 la ap\u0103 de p\u00e2n\u0103 la 50 de metri, pute\u021bi face du\u0219 sau v\u0103 pute\u021bi sp\u0103la pe fa\u021b\u0103 f\u0103r\u0103 s\u0103-l scoate\u021bi. Cristalul robust din safir rezist\u0103 la zg\u00e2rieturi. Carcasa este fabricat\u0103 din o\u021bel, iar mi\u0219carea este cu cuar\u021b.<\/p>","protected":false},"featured_media":38646,"comment_status":"closed","ping_status":"open","template":"","meta":{"_acf_changed":false},"product_brand":[],"product_cat":[20,19],"product_tag":[],"class_list":{"0":"post-38645","1":"product","2":"type-product","3":"status-publish","4":"has-post-thumbnail","6":"product_cat-ceasuri-barbati","7":"product_cat-claude-bernard","8":"pa_brand-claude-bernard","9":"pa_braslet-piele","10":"pa_corpus-42-mm","11":"pa_forma-rotund","12":"pa_funcii-cronograf","13":"pa_funcii-data","14":"pa_funcii-tahimetru","15":"pa_garatia-24-luni","16":"pa_korpus-auriu","17":"pa_kvarc-quartz","18":"pa_material-otel-inoxidabil","19":"pa_mehanizm-quartz","20":"pa_remeshok-maro","21":"pa_steklo-cristal-safir","22":"pa_strana-elvetia","23":"pa_voda-5-atm","25":"first","26":"instock","27":"purchasable","28":"product-type-simple"},"acf":[],"_links":{"self":[{"href":"https:\/\/ceasuri.md\/ru\/wp-json\/wp\/v2\/product\/38645","targetHints":{"allow":["GET"]}}],"collection":[{"href":"https:\/\/ceasuri.md\/ru\/wp-json\/wp\/v2\/product"}],"about":[{"href":"https:\/\/ceasuri.md\/ru\/wp-json\/wp\/v2\/types\/product"}],"replies":[{"embeddable":true,"href":"https:\/\/ceasuri.md\/ru\/wp-json\/wp\/v2\/comments?post=38645"}],"wp:featuredmedia":[{"embeddable":true,"href":"https:\/\/ceasuri.md\/ru\/wp-json\/wp\/v2\/media\/38646"}],"wp:attachment":[{"href":"https:\/\/ceasuri.md\/ru\/wp-json\/wp\/v2\/media?parent=38645"}],"wp:term":[{"taxonomy":"product_brand","embeddable":true,"href":"https:\/\/ceasuri.md\/ru\/wp-json\/wp\/v2\/product_brand?post=38645"},{"taxonomy":"product_cat","embeddable":true,"href":"https:\/\/ceasuri.md\/ru\/wp-json\/wp\/v2\/product_cat?post=38645"},{"taxonomy":"product_tag","embeddable":true,"href":"https:\/\/ceasuri.md\/ru\/wp-json\/wp\/v2\/product_tag?post=38645"}],"curies":[{"name":"wp","href":"https:\/\/api.w.org\/{rel}","templated":true}]}}