{"id":38635,"date":"2026-04-02T21:20:54","date_gmt":"2026-04-02T18:20:54","guid":{"rendered":"http:\/\/new.ceasuri.md\/shop\/uncategorized\/fossil-bronson-fs5712\/"},"modified":"2026-04-20T00:24:04","modified_gmt":"2026-04-19T21:24:04","slug":"fossil-bronson-fs5712","status":"publish","type":"product","link":"https:\/\/ceasuri.md\/ru\/shop\/branduri\/fossil\/fossil-bronson-fs5712\/","title":{"rendered":"\u0427\u0430\u0441\u044b FOSSIL BRONSON FS5712"},"content":{"rendered":"<p>La mod\u0103, masiv, func\u021bional &#8211; un ceas pentru cei mai elegan\u021bi \u0219i moderni!<\/p>\n<p>Ceas cronograf cu cronometru. Cifre arabe. Fereastr\u0103 pentru dat\u0103.<\/p>\n<p>Coroan\u0103 canelat\u0103.<\/p>\n<p>Br\u0103\u021bar\u0103 cu \u00eenchidere pliabil\u0103 \u0219i sistem de schimbare rapid\u0103.<\/p>","protected":false},"excerpt":{"rendered":"<p>La mod\u0103, masiv, func\u021bional &#8211; un ceas pentru cei mai elegan\u021bi \u0219i moderni! Ceas cronograf cu cronometru. Cifre arabe. Fereastr\u0103 pentru dat\u0103. Coroan\u0103 canelat\u0103. Br\u0103\u021bar\u0103 cu \u00eenchidere pliabil\u0103 \u0219i sistem de schimbare rapid\u0103.<\/p>","protected":false},"featured_media":38636,"comment_status":"closed","ping_status":"open","template":"","meta":{"_acf_changed":false},"product_brand":[],"product_cat":[20,396],"product_tag":[595,693],"class_list":{"0":"post-38635","1":"product","2":"type-product","3":"status-publish","4":"has-post-thumbnail","6":"product_cat-ceasuri-barbati","7":"product_cat-fossil","8":"product_tag-cronograf","9":"product_tag-693","10":"pa_brand-fossil","11":"pa_braslet-otel-inoxidabil","12":"pa_corpus-50-mm","13":"pa_forma-rotund","14":"pa_funcii-cronograf","15":"pa_funcii-data","16":"pa_funcii-total-black","17":"pa_garatia-24-luni","18":"pa_korpus-negru","19":"pa_kvarc-quartz","20":"pa_material-otel-inoxidabil","21":"pa_mehanizm-quartz","22":"pa_remeshok-negru","23":"pa_steklo-cristal-mineral","24":"pa_strana-sua","25":"pa_voda-5-atm","27":"first","28":"instock","29":"purchasable","30":"product-type-simple"},"acf":[],"_links":{"self":[{"href":"https:\/\/ceasuri.md\/ru\/wp-json\/wp\/v2\/product\/38635","targetHints":{"allow":["GET"]}}],"collection":[{"href":"https:\/\/ceasuri.md\/ru\/wp-json\/wp\/v2\/product"}],"about":[{"href":"https:\/\/ceasuri.md\/ru\/wp-json\/wp\/v2\/types\/product"}],"replies":[{"embeddable":true,"href":"https:\/\/ceasuri.md\/ru\/wp-json\/wp\/v2\/comments?post=38635"}],"wp:featuredmedia":[{"embeddable":true,"href":"https:\/\/ceasuri.md\/ru\/wp-json\/wp\/v2\/media\/38636"}],"wp:attachment":[{"href":"https:\/\/ceasuri.md\/ru\/wp-json\/wp\/v2\/media?parent=38635"}],"wp:term":[{"taxonomy":"product_brand","embeddable":true,"href":"https:\/\/ceasuri.md\/ru\/wp-json\/wp\/v2\/product_brand?post=38635"},{"taxonomy":"product_cat","embeddable":true,"href":"https:\/\/ceasuri.md\/ru\/wp-json\/wp\/v2\/product_cat?post=38635"},{"taxonomy":"product_tag","embeddable":true,"href":"https:\/\/ceasuri.md\/ru\/wp-json\/wp\/v2\/product_tag?post=38635"}],"curies":[{"name":"wp","href":"https:\/\/api.w.org\/{rel}","templated":true}]}}