{"id":38615,"date":"2026-04-02T21:20:54","date_gmt":"2026-04-02T18:20:54","guid":{"rendered":"http:\/\/new.ceasuri.md\/shop\/uncategorized\/fossil-scarlette-mini-es4899\/"},"modified":"2026-04-07T03:49:15","modified_gmt":"2026-04-07T00:49:15","slug":"fossil-scarlette-mini-es4899","status":"publish","type":"product","link":"https:\/\/ceasuri.md\/ru\/shop\/branduri\/fossil\/fossil-scarlette-mini-es4899\/","title":{"rendered":"Ceas FOSSIL SCARLETTE MINI ES4899"},"content":{"rendered":"<p>Ceas elegant care se va potrivi perfect \u00een look-ul elegant al unei femei. Ceas Scarlette cu carcas\u0103 rotund\u0103.<\/p>\n<p>Markere cu puncte. Fereastr\u0103 pentru dat\u0103 cu lup\u0103.<\/p>\n<p>Br\u0103\u021bar\u0103 cu \u00eenchidere pliabil\u0103 \u0219i posibilitate de schimbare rapid\u0103.<\/p>","protected":false},"excerpt":{"rendered":"<p>Ceas elegant care se va potrivi perfect \u00een look-ul elegant al unei femei. Ceas Scarlette cu carcas\u0103 rotund\u0103. Markere cu puncte. Fereastr\u0103 pentru dat\u0103 cu lup\u0103. Br\u0103\u021bar\u0103 cu \u00eenchidere pliabil\u0103 \u0219i posibilitate de schimbare rapid\u0103.<\/p>","protected":false},"featured_media":38616,"comment_status":"closed","ping_status":"open","template":"","meta":{"_acf_changed":false},"product_brand":[],"product_cat":[25,396],"product_tag":[595,696],"class_list":{"0":"post-38615","1":"product","2":"type-product","3":"status-publish","4":"has-post-thumbnail","6":"product_cat-ceasuri-dama","7":"product_cat-fossil","8":"product_tag-cronograf","9":"product_tag-696","10":"pa_brand-fossil","11":"pa_braslet-otel-inoxidabil","12":"pa_corpus-32-mm","13":"pa_decor-cristale-swarowski","14":"pa_forma-rotund","15":"pa_funcii-data","16":"pa_garatia-24-luni","17":"pa_korpus-bicolor","18":"pa_material-otel-inoxidabil","19":"pa_mehanizm-quartz","20":"pa_remeshok-bicolor","21":"pa_steklo-cristal-mineral","22":"pa_strana-sua","23":"pa_voda-5-atm","25":"first","26":"instock","27":"purchasable","28":"product-type-simple"},"acf":[],"_links":{"self":[{"href":"https:\/\/ceasuri.md\/ru\/wp-json\/wp\/v2\/product\/38615","targetHints":{"allow":["GET"]}}],"collection":[{"href":"https:\/\/ceasuri.md\/ru\/wp-json\/wp\/v2\/product"}],"about":[{"href":"https:\/\/ceasuri.md\/ru\/wp-json\/wp\/v2\/types\/product"}],"replies":[{"embeddable":true,"href":"https:\/\/ceasuri.md\/ru\/wp-json\/wp\/v2\/comments?post=38615"}],"wp:featuredmedia":[{"embeddable":true,"href":"https:\/\/ceasuri.md\/ru\/wp-json\/wp\/v2\/media\/38616"}],"wp:attachment":[{"href":"https:\/\/ceasuri.md\/ru\/wp-json\/wp\/v2\/media?parent=38615"}],"wp:term":[{"taxonomy":"product_brand","embeddable":true,"href":"https:\/\/ceasuri.md\/ru\/wp-json\/wp\/v2\/product_brand?post=38615"},{"taxonomy":"product_cat","embeddable":true,"href":"https:\/\/ceasuri.md\/ru\/wp-json\/wp\/v2\/product_cat?post=38615"},{"taxonomy":"product_tag","embeddable":true,"href":"https:\/\/ceasuri.md\/ru\/wp-json\/wp\/v2\/product_tag?post=38615"}],"curies":[{"name":"wp","href":"https:\/\/api.w.org\/{rel}","templated":true}]}}