{"id":38584,"date":"2026-04-02T21:20:54","date_gmt":"2026-04-02T18:20:54","guid":{"rendered":"http:\/\/new.ceasuri.md\/shop\/uncategorized\/fossil-fb-01-fs5654\/"},"modified":"2026-04-07T03:49:11","modified_gmt":"2026-04-07T00:49:11","slug":"fossil-fb-01-fs5654","status":"publish","type":"product","link":"https:\/\/ceasuri.md\/ru\/shop\/branduri\/fossil\/fossil-fb-01-fs5654\/","title":{"rendered":"Ceas FOSSIL FB-01 FS5654"},"content":{"rendered":"<p>Un model de ceas pentru b\u0103rba\u021bii \u00eendr\u0103zne\u021bi \u0219i ne\u00eenfrica\u021bi.<\/p>\n<p>Carcasa este fabricat\u0103 din o\u021bel rezistent. Luneta este de culoare albastr\u0103.<\/p>\n<p>Pe cadranul albastru exist\u0103 m\u00e2ini aurii \u0219i markeri de dimensiuni mari cu acoperire luminescent\u0103. Exist\u0103 o fereastr\u0103 pentru dat\u0103 \u00een pozi\u021bia de la ora 3.<\/p>\n<p>Sticla mineral\u0103.<\/p>\n<p>Br\u0103\u021bara este realizat\u0103 din o\u021bel inoxidabil cu acoperire PVD par\u021bial\u0103 \u00een culoarea aurului roz.<\/p>\n<p>Rezisten\u021ba la ap\u0103 100m.<\/p>","protected":false},"excerpt":{"rendered":"<p>Un model de ceas pentru b\u0103rba\u021bii \u00eendr\u0103zne\u021bi \u0219i ne\u00eenfrica\u021bi. Carcasa este fabricat\u0103 din o\u021bel rezistent. Luneta este de culoare albastr\u0103. Pe cadranul albastru exist\u0103 m\u00e2ini aurii \u0219i markeri de dimensiuni mari cu acoperire luminescent\u0103. Exist\u0103 o fereastr\u0103 pentru dat\u0103 \u00een pozi\u021bia de la ora 3. Sticla mineral\u0103. Br\u0103\u021bara este realizat\u0103 din o\u021bel inoxidabil cu acoperire [&hellip;]<\/p>\n","protected":false},"featured_media":38585,"comment_status":"closed","ping_status":"open","template":"","meta":{"_acf_changed":false},"product_brand":[],"product_cat":[20,396],"product_tag":[595,696],"class_list":{"0":"post-38584","1":"product","2":"type-product","3":"status-publish","4":"has-post-thumbnail","6":"product_cat-ceasuri-barbati","7":"product_cat-fossil","8":"product_tag-cronograf","9":"product_tag-696","10":"pa_brand-fossil","11":"pa_braslet-otel-inoxidabil","12":"pa_corpus-42-mm","13":"pa_forma-rotund","14":"pa_funcii-data","15":"pa_garatia-24-luni","16":"pa_korpus-bicolor","17":"pa_material-otel-inoxidabil","18":"pa_mehanizm-quartz","19":"pa_remeshok-bicolor","20":"pa_steklo-cristal-mineral","21":"pa_strana-sua","22":"pa_voda-10-atm","24":"first","25":"instock","26":"purchasable","27":"product-type-simple"},"acf":[],"_links":{"self":[{"href":"https:\/\/ceasuri.md\/ru\/wp-json\/wp\/v2\/product\/38584","targetHints":{"allow":["GET"]}}],"collection":[{"href":"https:\/\/ceasuri.md\/ru\/wp-json\/wp\/v2\/product"}],"about":[{"href":"https:\/\/ceasuri.md\/ru\/wp-json\/wp\/v2\/types\/product"}],"replies":[{"embeddable":true,"href":"https:\/\/ceasuri.md\/ru\/wp-json\/wp\/v2\/comments?post=38584"}],"wp:featuredmedia":[{"embeddable":true,"href":"https:\/\/ceasuri.md\/ru\/wp-json\/wp\/v2\/media\/38585"}],"wp:attachment":[{"href":"https:\/\/ceasuri.md\/ru\/wp-json\/wp\/v2\/media?parent=38584"}],"wp:term":[{"taxonomy":"product_brand","embeddable":true,"href":"https:\/\/ceasuri.md\/ru\/wp-json\/wp\/v2\/product_brand?post=38584"},{"taxonomy":"product_cat","embeddable":true,"href":"https:\/\/ceasuri.md\/ru\/wp-json\/wp\/v2\/product_cat?post=38584"},{"taxonomy":"product_tag","embeddable":true,"href":"https:\/\/ceasuri.md\/ru\/wp-json\/wp\/v2\/product_tag?post=38584"}],"curies":[{"name":"wp","href":"https:\/\/api.w.org\/{rel}","templated":true}]}}