{"id":38576,"date":"2026-04-02T21:19:58","date_gmt":"2026-04-02T18:19:58","guid":{"rendered":"http:\/\/new.ceasuri.md\/shop\/uncategorized\/fossil-fb-01-es4744\/"},"modified":"2026-04-20T00:23:04","modified_gmt":"2026-04-19T21:23:04","slug":"fossil-fb-01-es4744","status":"publish","type":"product","link":"https:\/\/ceasuri.md\/ru\/shop\/branduri\/fossil\/fossil-fb-01-es4744\/","title":{"rendered":"\u0427\u0430\u0441\u044b FOSSIL FB-01 ES4744"},"content":{"rendered":"<p>Ceasul elegant pentru femei cu un spirit sportiv va fi apreciat de tinerele active.<\/p>\n<p>Ceasul cu trei m\u00e2ini \u0219i dat\u0103 din o\u021bel inoxidabil.<\/p>\n<p>Cadranul este realizat prin tehnologia Sunray.<\/p>\n<p>Fereastra datei cu lup\u0103.<\/p>\n<p>Coroan\u0103 canelat\u0103 cu protec\u021bie.<\/p>\n<p>Br\u0103\u021bar\u0103 cu \u00eenchidere pliabil\u0103.<\/p>","protected":false},"excerpt":{"rendered":"<p>Ceasul elegant pentru femei cu un spirit sportiv va fi apreciat de tinerele active. Ceasul cu trei m\u00e2ini \u0219i dat\u0103 din o\u021bel inoxidabil. Cadranul este realizat prin tehnologia Sunray. Fereastra datei cu lup\u0103. Coroan\u0103 canelat\u0103 cu protec\u021bie. Br\u0103\u021bar\u0103 cu \u00eenchidere pliabil\u0103.<\/p>","protected":false},"featured_media":38577,"comment_status":"closed","ping_status":"open","template":"","meta":{"_acf_changed":false},"product_brand":[],"product_cat":[25,396],"product_tag":[595,696],"class_list":{"0":"post-38576","1":"product","2":"type-product","3":"status-publish","4":"has-post-thumbnail","6":"product_cat-ceasuri-dama","7":"product_cat-fossil","8":"product_tag-cronograf","9":"product_tag-696","10":"pa_brand-fossil","11":"pa_braslet-otel-inoxidabil","12":"pa_corpus-36-mm","13":"pa_forma-rotund","14":"pa_funcii-data","15":"pa_garatia-24-luni","16":"pa_korpus-argintiu","17":"pa_kvarc-quartz","18":"pa_material-otel-inoxidabil","19":"pa_mehanizm-quartz","20":"pa_remeshok-argintiu","21":"pa_steklo-cristal-mineral","22":"pa_strana-sua","23":"pa_voda-10-atm","25":"first","26":"instock","27":"purchasable","28":"product-type-simple"},"acf":[],"_links":{"self":[{"href":"https:\/\/ceasuri.md\/ru\/wp-json\/wp\/v2\/product\/38576","targetHints":{"allow":["GET"]}}],"collection":[{"href":"https:\/\/ceasuri.md\/ru\/wp-json\/wp\/v2\/product"}],"about":[{"href":"https:\/\/ceasuri.md\/ru\/wp-json\/wp\/v2\/types\/product"}],"replies":[{"embeddable":true,"href":"https:\/\/ceasuri.md\/ru\/wp-json\/wp\/v2\/comments?post=38576"}],"wp:featuredmedia":[{"embeddable":true,"href":"https:\/\/ceasuri.md\/ru\/wp-json\/wp\/v2\/media\/38577"}],"wp:attachment":[{"href":"https:\/\/ceasuri.md\/ru\/wp-json\/wp\/v2\/media?parent=38576"}],"wp:term":[{"taxonomy":"product_brand","embeddable":true,"href":"https:\/\/ceasuri.md\/ru\/wp-json\/wp\/v2\/product_brand?post=38576"},{"taxonomy":"product_cat","embeddable":true,"href":"https:\/\/ceasuri.md\/ru\/wp-json\/wp\/v2\/product_cat?post=38576"},{"taxonomy":"product_tag","embeddable":true,"href":"https:\/\/ceasuri.md\/ru\/wp-json\/wp\/v2\/product_tag?post=38576"}],"curies":[{"name":"wp","href":"https:\/\/api.w.org\/{rel}","templated":true}]}}