{"id":38530,"date":"2026-04-02T21:19:58","date_gmt":"2026-04-02T18:19:58","guid":{"rendered":"http:\/\/new.ceasuri.md\/shop\/uncategorized\/edox-clock-4052\/"},"modified":"2026-04-15T16:59:02","modified_gmt":"2026-04-15T13:59:02","slug":"edox-clock-4052","status":"publish","type":"product","link":"https:\/\/ceasuri.md\/ru\/shop\/ceas-interior-cu-alarma\/ceas-interior-ceas-interior-cu-alarma\/edox-clock-4052\/","title":{"rendered":"Ceas EDOX CLOCK 4052"},"content":{"rendered":"<p><a href=\"https:\/\/ceasuri.md\/wp-content\/uploads\/2021\/10\/520055.png\"><img loading=\"lazy\" decoding=\"async\" class=\"alignnone size-medium wp-image-40065\" src=\"https:\/\/ceasuri.md\/wp-content\/uploads\/2021\/10\/520055-300x152.png\" alt=\"\" width=\"300\" height=\"152\" \/><\/a><\/p>\n<p>EDOX este un ceas elve\u021bian cu o reputa\u021bie mondial\u0103.<\/p>\n<p>Primele ceasuri EDOX au fost lansate cu peste 125 de ani \u00een urm\u0103 \u0219i au captivat instantaneu clien\u021bii cu tehnologia \u0219i designul lor original.<\/p>\n<p>Fiecare nou\u0103 colec\u021bie EDOX este un ceas de o calitate de neegalat \u0219i cu un design exclusiv pentru un public \u021bint\u0103 larg, la pre\u021buri rezonabile.<\/p>","protected":false},"excerpt":{"rendered":"<p>EDOX este un ceas elve\u021bian cu o reputa\u021bie mondial\u0103. Primele ceasuri EDOX au fost lansate cu peste 125 de ani \u00een urm\u0103 \u0219i au captivat instantaneu clien\u021bii cu tehnologia \u0219i designul lor original. Fiecare nou\u0103 colec\u021bie EDOX este un ceas de o calitate de neegalat \u0219i cu un design exclusiv pentru un public \u021bint\u0103 larg, [&hellip;]<\/p>\n","protected":false},"featured_media":38531,"comment_status":"closed","ping_status":"open","template":"","meta":{"_acf_changed":false},"product_brand":[],"product_cat":[842,107],"product_tag":[],"class_list":{"0":"post-38530","1":"product","2":"type-product","3":"status-publish","4":"has-post-thumbnail","6":"product_cat-ceas-interior-ceas-interior-cu-alarma","7":"product_cat-edox","8":"pa_brand-edox","9":"pa_corpus-42-cm","10":"pa_forma-patrat","11":"pa_garatia-24-luni","12":"pa_korpus-argintiu","13":"pa_kvarc-quartz","14":"pa_material-otel-inoxidabil","15":"pa_material-plastic","16":"pa_mehanizm-quartz","17":"pa_steklo-plastic","18":"pa_strana-elvetia","20":"first","21":"instock","22":"purchasable","23":"product-type-simple"},"acf":[],"_links":{"self":[{"href":"https:\/\/ceasuri.md\/ru\/wp-json\/wp\/v2\/product\/38530","targetHints":{"allow":["GET"]}}],"collection":[{"href":"https:\/\/ceasuri.md\/ru\/wp-json\/wp\/v2\/product"}],"about":[{"href":"https:\/\/ceasuri.md\/ru\/wp-json\/wp\/v2\/types\/product"}],"replies":[{"embeddable":true,"href":"https:\/\/ceasuri.md\/ru\/wp-json\/wp\/v2\/comments?post=38530"}],"wp:featuredmedia":[{"embeddable":true,"href":"https:\/\/ceasuri.md\/ru\/wp-json\/wp\/v2\/media\/38531"}],"wp:attachment":[{"href":"https:\/\/ceasuri.md\/ru\/wp-json\/wp\/v2\/media?parent=38530"}],"wp:term":[{"taxonomy":"product_brand","embeddable":true,"href":"https:\/\/ceasuri.md\/ru\/wp-json\/wp\/v2\/product_brand?post=38530"},{"taxonomy":"product_cat","embeddable":true,"href":"https:\/\/ceasuri.md\/ru\/wp-json\/wp\/v2\/product_cat?post=38530"},{"taxonomy":"product_tag","embeddable":true,"href":"https:\/\/ceasuri.md\/ru\/wp-json\/wp\/v2\/product_tag?post=38530"}],"curies":[{"name":"wp","href":"https:\/\/api.w.org\/{rel}","templated":true}]}}