{"id":38123,"date":"2022-11-30T18:17:41","date_gmt":"2022-11-30T16:17:41","guid":{"rendered":"http:\/\/new.ceasuri.md\/shop\/uncategorized\/seiko-sportura-ssf007j1\/"},"modified":"2026-05-01T15:44:50","modified_gmt":"2026-05-01T12:44:50","slug":"seiko-sportura-ssf007j1","status":"publish","type":"product","link":"https:\/\/ceasuri.md\/ru\/shop\/branduri\/seiko\/seiko-sportura-ssf007j1\/","title":{"rendered":"\u0427\u0430\u0441\u044b SEIKO SPORTURA SSF007J1"},"content":{"rendered":"<p>Un ceas cu un receptor GPS integrat care determin\u0103 fusul orar, data \u0219i ora exact\u0103. Alimentat cu energie solar\u0103, indicator al nivelului de \u00eenc\u0103rcare a bateriei. Func\u021bie de economisire a energiei. Rezerva de energie cu o \u00eenc\u0103rcare complet\u0103 a bateriei de 6 luni, 2 ani cu func\u021bia de economisire a energiei activat\u0103.<\/p>\n<p>Reglare manual\u0103 \u0219i automat\u0103 a orei \u0219i a fusului orar. Setarea orei de var\u0103. Func\u021bii de recep\u021bie GPS: modul &#8222;\u00cen zbor&#8221;, afi\u0219area num\u0103rului de sateli\u021bi, afi\u0219area ultimului rezultat al recep\u021biei, verificarea fusului orar setat, recep\u021bionarea automat\u0103 a celei de-a doua informa\u021bii de coordonare.<\/p>\n<p>Ora mondial\u0103 &#8211; ceasul recunoa\u0219te 40 de fusuri orare.<\/p>\n<p>Indicatorul retrograd arat\u0103: starea de \u00eenc\u0103rcare a bateriei, modul &#8221;\u00cen zbor&#8221;, activarea\/dezactivarea orei de var\u0103.<\/p>\n<p>Luneta ceramic\u0103. Fundul carcasei \u00een\u0219urubat.<\/p>","protected":false},"excerpt":{"rendered":"<p>Un ceas cu un receptor GPS integrat care determin\u0103 fusul orar, data \u0219i ora exact\u0103. Alimentat cu energie solar\u0103, indicator al nivelului de \u00eenc\u0103rcare a bateriei. Func\u021bie de economisire a energiei. Rezerva de energie cu o \u00eenc\u0103rcare complet\u0103 a bateriei de 6 luni, 2 ani cu func\u021bia de economisire a energiei activat\u0103. Reglare manual\u0103 \u0219i [&hellip;]<\/p>\n","protected":false},"featured_media":38124,"comment_status":"closed","ping_status":"open","template":"","meta":{"_acf_changed":false},"product_brand":[],"product_cat":[20,106,588],"product_tag":[],"class_list":{"0":"post-38123","1":"product","2":"type-product","3":"status-publish","4":"has-post-thumbnail","6":"product_cat-ceasuri-barbati","7":"product_cat-ceasuri-premium","8":"product_cat-seiko","9":"pa_brand-seiko","10":"pa_braslet-piele","11":"pa_corpus-45-mm","12":"pa_forma-rotund","13":"pa_funcii-data","14":"pa_funcii-gps","15":"pa_funcii-timp-mondial","16":"pa_garatia-24-luni","17":"pa_korpus-argintiu","18":"pa_kvarc-quartz","19":"pa_material-otel-inoxidabil","20":"pa_mehanizm-baterie-solara","21":"pa_remeshok-negru","22":"pa_steklo-cristal-safir","23":"pa_strana-japonia","24":"pa_voda-10-atm","26":"first","27":"instock","28":"purchasable","29":"product-type-simple"},"acf":[],"_links":{"self":[{"href":"https:\/\/ceasuri.md\/ru\/wp-json\/wp\/v2\/product\/38123","targetHints":{"allow":["GET"]}}],"collection":[{"href":"https:\/\/ceasuri.md\/ru\/wp-json\/wp\/v2\/product"}],"about":[{"href":"https:\/\/ceasuri.md\/ru\/wp-json\/wp\/v2\/types\/product"}],"replies":[{"embeddable":true,"href":"https:\/\/ceasuri.md\/ru\/wp-json\/wp\/v2\/comments?post=38123"}],"wp:featuredmedia":[{"embeddable":true,"href":"https:\/\/ceasuri.md\/ru\/wp-json\/wp\/v2\/media\/38124"}],"wp:attachment":[{"href":"https:\/\/ceasuri.md\/ru\/wp-json\/wp\/v2\/media?parent=38123"}],"wp:term":[{"taxonomy":"product_brand","embeddable":true,"href":"https:\/\/ceasuri.md\/ru\/wp-json\/wp\/v2\/product_brand?post=38123"},{"taxonomy":"product_cat","embeddable":true,"href":"https:\/\/ceasuri.md\/ru\/wp-json\/wp\/v2\/product_cat?post=38123"},{"taxonomy":"product_tag","embeddable":true,"href":"https:\/\/ceasuri.md\/ru\/wp-json\/wp\/v2\/product_tag?post=38123"}],"curies":[{"name":"wp","href":"https:\/\/api.w.org\/{rel}","templated":true}]}}