{"id":38119,"date":"2026-04-02T21:16:28","date_gmt":"2026-04-02T18:16:28","guid":{"rendered":"http:\/\/new.ceasuri.md\/shop\/uncategorized\/seiko-astron-sse063j1\/"},"modified":"2026-04-20T00:49:47","modified_gmt":"2026-04-19T21:49:47","slug":"seiko-astron-sse063j1","status":"publish","type":"product","link":"https:\/\/ceasuri.md\/ru\/shop\/branduri\/seiko\/seiko-astron-sse063j1\/","title":{"rendered":"\u0427\u0430\u0441\u044b SEIKO ASTRON SSE063J1"},"content":{"rendered":"<p>Modelul Astron cu GPS \u0219i func\u021bie de al doilea fus orar este partenerul ideal pentru c\u0103l\u0103torii \u0219i pentru via\u021ba de zi cu zi.<\/p>\n<p>Ceas cu receptor GPS integrat pentru fus orar, dat\u0103 \u0219i or\u0103 exact\u0103. Alimentat cu energie solar\u0103, indicator al nivelului de \u00eenc\u0103rcare a bateriei. Protejat \u00eempotriva c\u00e2mpurilor magnetice (p\u00e2n\u0103 la 4800 A\/m). Func\u021bie de economisire a energiei. Rezerv\u0103 de energie de p\u00e2n\u0103 la 2 ani atunci c\u00e2nd func\u021bia de economisire a energiei este activat\u0103.<\/p>\n<p>Reglare manual\u0103 \u0219i automat\u0103 a orei \u0219i a fusului orar. Setarea orei de var\u0103. Func\u021bii de recep\u021bie GPS: modul &#8222;\u00cen zbor&#8221;, afi\u0219area num\u0103rului de sateli\u021bi, afi\u0219area ultimului rezultat al recep\u021biei, verificarea fusului orar setat. Ora mondial\u0103 &#8211; ceasul recunoa\u0219te toate cele 40 de fusuri orare. Al doilea fus orar cu indica\u021bie AM\/PM.<\/p>\n<p>Indicatorul retrograd arat\u0103: starea de \u00eenc\u0103rcare a bateriei, modul &#8222;\u00cen zbor&#8221;, activarea\/dezactivarea orei de var\u0103, modul de recep\u021bie GPS \u0219i ziua s\u0103pt\u0103m\u00e2nii.<\/p>\n<p>Luneta ceramic\u0103.<\/p>\n<p>Fundul carcasei \u00een\u0219urubat.<\/p>\n<p>Curea cu \u00eenchidere cu sistem de \u00eenchidere.<\/p>","protected":false},"excerpt":{"rendered":"<p>Modelul Astron cu GPS \u0219i func\u021bie de al doilea fus orar este partenerul ideal pentru c\u0103l\u0103torii \u0219i pentru via\u021ba de zi cu zi. Ceas cu receptor GPS integrat pentru fus orar, dat\u0103 \u0219i or\u0103 exact\u0103. Alimentat cu energie solar\u0103, indicator al nivelului de \u00eenc\u0103rcare a bateriei. Protejat \u00eempotriva c\u00e2mpurilor magnetice (p\u00e2n\u0103 la 4800 A\/m). Func\u021bie [&hellip;]<\/p>\n","protected":false},"featured_media":38120,"comment_status":"closed","ping_status":"open","template":"","meta":{"_acf_changed":false},"product_brand":[],"product_cat":[20,25,106,588,697],"product_tag":[],"class_list":{"0":"post-38119","1":"product","2":"type-product","3":"status-publish","4":"has-post-thumbnail","6":"product_cat-ceasuri-barbati","7":"product_cat-ceasuri-dama","8":"product_cat-ceasuri-premium","9":"product_cat-seiko","10":"product_cat-697","11":"pa_brand-seiko","12":"pa_braslet-piele","13":"pa_corpus-45-mm","14":"pa_forma-rotund","15":"pa_funcii-calendarul-etern","16":"pa_funcii-data","17":"pa_funcii-gps","18":"pa_funcii-rezerva-de-energie","19":"pa_funcii-timp-mondial","20":"pa_funcii-ziua-saptamanii","21":"pa_garatia-24-luni","22":"pa_korpus-argintiu","23":"pa_kvarc-quartz","24":"pa_material-ceramica","25":"pa_material-titan","26":"pa_mehanizm-baterie-solara","27":"pa_remeshok-alb","28":"pa_steklo-cristal-safir","29":"pa_strana-japonia","30":"pa_voda-10-atm","32":"first","33":"instock","34":"purchasable","35":"product-type-simple"},"acf":[],"_links":{"self":[{"href":"https:\/\/ceasuri.md\/ru\/wp-json\/wp\/v2\/product\/38119","targetHints":{"allow":["GET"]}}],"collection":[{"href":"https:\/\/ceasuri.md\/ru\/wp-json\/wp\/v2\/product"}],"about":[{"href":"https:\/\/ceasuri.md\/ru\/wp-json\/wp\/v2\/types\/product"}],"replies":[{"embeddable":true,"href":"https:\/\/ceasuri.md\/ru\/wp-json\/wp\/v2\/comments?post=38119"}],"wp:featuredmedia":[{"embeddable":true,"href":"https:\/\/ceasuri.md\/ru\/wp-json\/wp\/v2\/media\/38120"}],"wp:attachment":[{"href":"https:\/\/ceasuri.md\/ru\/wp-json\/wp\/v2\/media?parent=38119"}],"wp:term":[{"taxonomy":"product_brand","embeddable":true,"href":"https:\/\/ceasuri.md\/ru\/wp-json\/wp\/v2\/product_brand?post=38119"},{"taxonomy":"product_cat","embeddable":true,"href":"https:\/\/ceasuri.md\/ru\/wp-json\/wp\/v2\/product_cat?post=38119"},{"taxonomy":"product_tag","embeddable":true,"href":"https:\/\/ceasuri.md\/ru\/wp-json\/wp\/v2\/product_tag?post=38119"}],"curies":[{"name":"wp","href":"https:\/\/api.w.org\/{rel}","templated":true}]}}