{"id":38103,"date":"2026-04-02T21:15:49","date_gmt":"2026-04-02T18:15:49","guid":{"rendered":"http:\/\/new.ceasuri.md\/shop\/uncategorized\/seiko-astron-sse005j1\/"},"modified":"2026-04-20T00:49:41","modified_gmt":"2026-04-19T21:49:41","slug":"seiko-astron-sse005j1","status":"publish","type":"product","link":"https:\/\/ceasuri.md\/ru\/shop\/branduri\/seiko\/seiko-astron-sse005j1\/","title":{"rendered":"\u0427\u0430\u0441\u044b SEIKO ASTRON SSE005J1"},"content":{"rendered":"<p>Atunci c\u00e2nd c\u0103l\u0103tori\u021bi cu acest ceas, nu trebuie s\u0103 v\u0103 face\u021bi griji cu privire la aflarea orei exacte \u00eentr-un fus orar necunoscut. Seiko Astron este tovar\u0103\u0219ul t\u0103u credincios oriunde \u00een lume!<\/p>\n<p>Ceas cu receptor GPS \u00eencorporat determin\u0103 fusul orar, data \u0219i ora exact\u0103. Alimentat cu energie solar\u0103, indicator al nivelului bateriei. Func\u021bie de economisire a energiei. Rezerva de energie cu o \u00eenc\u0103rcare complet\u0103 a bateriei de 6 luni, 2 ani cu func\u021bia de economisire a energiei activat\u0103.<\/p>\n<p>Reglare manual\u0103 \u0219i automat\u0103 a orei \u0219i a fusului orar. Setarea orei de var\u0103. Func\u021bii de recep\u021bie GPS: modul &#8222;\u00cen zbor&#8221;, afi\u0219area num\u0103rului de sateli\u021bi, afi\u0219area rezultatului ultimei recep\u021bii, verificarea fusului orar setat, recep\u021bionarea automat\u0103 a informa\u021biilor despre secunda de coordonare.<\/p>\n<p>Ora mondial\u0103 &#8211; ceasul recunoa\u0219te toate cele 39 de fusuri orare. Al doilea fus orar \u00een format 24 de ore.<\/p>\n<p>Indicatorul retrograd afi\u0219eaz\u0103: starea de \u00eenc\u0103rcare a bateriei, modul &#8221;\u00cen zbor&#8221;, activarea\/dezactivarea orei de var\u0103, metoda de recep\u021bie GPS.<\/p>\n<p>Ceas cronograf cu cronometru p\u00e2n\u0103 la 6h, precizie 1\/5s.<\/p>\n<p>Luneta din ceramic\u0103.<\/p>\n<p>Br\u0103\u021bar\u0103 cu \u00eenchidere pliabil\u0103. \u00cenchidere cu sistem de \u00eenchidere.<\/p>","protected":false},"excerpt":{"rendered":"<p>Atunci c\u00e2nd c\u0103l\u0103tori\u021bi cu acest ceas, nu trebuie s\u0103 v\u0103 face\u021bi griji cu privire la aflarea orei exacte \u00eentr-un fus orar necunoscut. Seiko Astron este tovar\u0103\u0219ul t\u0103u credincios oriunde \u00een lume! Ceas cu receptor GPS \u00eencorporat determin\u0103 fusul orar, data \u0219i ora exact\u0103. Alimentat cu energie solar\u0103, indicator al nivelului bateriei. Func\u021bie de economisire a [&hellip;]<\/p>\n","protected":false},"featured_media":38104,"comment_status":"closed","ping_status":"open","template":"","meta":{"_acf_changed":false},"product_brand":[],"product_cat":[20,106,588],"product_tag":[],"class_list":{"0":"post-38103","1":"product","2":"type-product","3":"status-publish","4":"has-post-thumbnail","6":"product_cat-ceasuri-barbati","7":"product_cat-ceasuri-premium","8":"product_cat-seiko","9":"pa_brand-seiko","10":"pa_braslet-titan","11":"pa_corpus-45-mm","12":"pa_forma-rotund","13":"pa_funcii-cronograf","14":"pa_funcii-data","15":"pa_funcii-gps","16":"pa_funcii-timp-mondial","17":"pa_garatia-24-luni","18":"pa_korpus-argintiu","19":"pa_kvarc-quartz","20":"pa_material-ceramica","21":"pa_material-titan","22":"pa_mehanizm-baterie-solara","23":"pa_remeshok-argintiu","24":"pa_steklo-cristal-safir","25":"pa_strana-japonia","26":"pa_voda-10-atm","28":"first","29":"instock","30":"purchasable","31":"product-type-simple"},"acf":[],"_links":{"self":[{"href":"https:\/\/ceasuri.md\/ru\/wp-json\/wp\/v2\/product\/38103","targetHints":{"allow":["GET"]}}],"collection":[{"href":"https:\/\/ceasuri.md\/ru\/wp-json\/wp\/v2\/product"}],"about":[{"href":"https:\/\/ceasuri.md\/ru\/wp-json\/wp\/v2\/types\/product"}],"replies":[{"embeddable":true,"href":"https:\/\/ceasuri.md\/ru\/wp-json\/wp\/v2\/comments?post=38103"}],"wp:featuredmedia":[{"embeddable":true,"href":"https:\/\/ceasuri.md\/ru\/wp-json\/wp\/v2\/media\/38104"}],"wp:attachment":[{"href":"https:\/\/ceasuri.md\/ru\/wp-json\/wp\/v2\/media?parent=38103"}],"wp:term":[{"taxonomy":"product_brand","embeddable":true,"href":"https:\/\/ceasuri.md\/ru\/wp-json\/wp\/v2\/product_brand?post=38103"},{"taxonomy":"product_cat","embeddable":true,"href":"https:\/\/ceasuri.md\/ru\/wp-json\/wp\/v2\/product_cat?post=38103"},{"taxonomy":"product_tag","embeddable":true,"href":"https:\/\/ceasuri.md\/ru\/wp-json\/wp\/v2\/product_tag?post=38103"}],"curies":[{"name":"wp","href":"https:\/\/api.w.org\/{rel}","templated":true}]}}