{"id":37942,"date":"2026-04-02T21:14:46","date_gmt":"2026-04-02T18:14:46","guid":{"rendered":"http:\/\/new.ceasuri.md\/shop\/uncategorized\/seiko-velatura-srx010p1\/"},"modified":"2026-04-20T00:48:18","modified_gmt":"2026-04-19T21:48:18","slug":"seiko-velatura-srx010p1","status":"publish","type":"product","link":"https:\/\/ceasuri.md\/ru\/shop\/branduri\/seiko\/seiko-velatura-srx010p1\/","title":{"rendered":"\u0427\u0430\u0441\u044b SEIKO VELATURA SRX010P1"},"content":{"rendered":"<p>Albastrul m\u0103rii de pe curea \u0219i de pe cadran \u0219i culoarea aurie a nisipului de pe carcas\u0103 se \u00eent\u00e2lnesc \u00een noul ceas aniversar Seiko. Ceasul este lansat cu ocazia celei de-a 100-a anivers\u0103ri a m\u0103rcii.<\/p>\n<p>Sistem de generare automat\u0103 Seiko Kinetic. Format de 12 \u0219i 24 de ore.<\/p>\n<p>Indicatori de zi retrograd\u0103 \u0219i de rezerv\u0103 de energie. Indica\u021bie de \u00eenc\u0103rcare \u00een timp real.<\/p>\n<p>Reglarea manual\u0103 \u0219i automat\u0103 a orei.<\/p>\n<p>Rezerv\u0103 de energie cu o \u00eenc\u0103rcare complet\u0103 a bateriei de 1 lun\u0103.<\/p>\n<p>Fundul carcasei \u00een\u0219urubat.<\/p>\n<p>Compania a fost fondat\u0103 \u00een 1881, c\u00e2nd Hattori Kintaro a deschis un magazin de ceasuri \u0219i bijuterii numit &#8222;K. Hattori&#8221; \u00een cartierul Ginza din Tokyo. 11 ani mai t\u00e2rziu, \u00een 1892, a \u00eenceput s\u0103 produc\u0103 ceasuri sub numele de Seikosha, care \u00eenseamn\u0103, \u00een linii mari, &#8222;Casa me\u0219te\u0219ugurilor rafinate&#8221;.<\/p>\n<p>Potrivit istoriei oficiale a companiei Seiko, intitulat\u0103 &#8222;O c\u0103l\u0103torie \u00een timp: O istorie memorabil\u0103 a Seiko&#8221; (2003), cuv\u00e2ntul japonez &#8222;seiko&#8221; \u00eenseamn\u0103 &#8222;rafinament&#8221;, &#8222;minu\u021biozitate&#8221; sau &#8222;noroc&#8221;. primele ceasuri produse sub marca Seiko au fost introduse \u00een 1924.<\/p>\n<p>\u00cen 1969, Seiko a introdus ceasul Astron, primul ceas cu cuar\u021b. C\u00e2nd a fost introdus, costa c\u00e2t o ma\u0219in\u0103 de dimensiuni medii. Mai t\u00e2rziu, Seiko a mers mai departe \u0219i a introdus primul cronograf cu cuar\u021b.<\/p>\n<p>\u00cen 1985, Seiko \u0219i Orient Watches au organizat un joint venture.\u2028 Ast\u0103zi, SEIKO produce unele dintre cele mai populare mi\u0219c\u0103ri cu cuar\u021b folosite de companii de ceasuri de renume mondial.<\/p>","protected":false},"excerpt":{"rendered":"<p>Albastrul m\u0103rii de pe curea \u0219i de pe cadran \u0219i culoarea aurie a nisipului de pe carcas\u0103 se \u00eent\u00e2lnesc \u00een noul ceas aniversar Seiko. Ceasul este lansat cu ocazia celei de-a 100-a anivers\u0103ri a m\u0103rcii. Sistem de generare automat\u0103 Seiko Kinetic. Format de 12 \u0219i 24 de ore. Indicatori de zi retrograd\u0103 \u0219i de rezerv\u0103 [&hellip;]<\/p>\n","protected":false},"featured_media":37943,"comment_status":"closed","ping_status":"open","template":"","meta":{"_acf_changed":false},"product_brand":[],"product_cat":[20,106,588],"product_tag":[],"class_list":{"0":"post-37942","1":"product","2":"type-product","3":"status-publish","4":"has-post-thumbnail","6":"product_cat-ceasuri-barbati","7":"product_cat-ceasuri-premium","8":"product_cat-seiko","9":"pa_brand-seiko","10":"pa_braslet-piele","11":"pa_corpus-46-mm","12":"pa_forma-rotund","13":"pa_funcii-data","14":"pa_funcii-fazele-lunii","15":"pa_funcii-rezerva-de-energie","16":"pa_funcii-ziua-saptamanii","17":"pa_garatia-24-luni","18":"pa_korpus-albastru","19":"pa_korpus-roz-gold","20":"pa_kvarc-quartz","21":"pa_material-otel-inoxidabil","22":"pa_mehanizm-kinetic","23":"pa_remeshok-albastru-inchis","24":"pa_steklo-cristal-safir","25":"pa_strana-japonia","26":"pa_voda-10-atm","28":"first","29":"instock","30":"purchasable","31":"product-type-simple"},"acf":[],"_links":{"self":[{"href":"https:\/\/ceasuri.md\/ru\/wp-json\/wp\/v2\/product\/37942","targetHints":{"allow":["GET"]}}],"collection":[{"href":"https:\/\/ceasuri.md\/ru\/wp-json\/wp\/v2\/product"}],"about":[{"href":"https:\/\/ceasuri.md\/ru\/wp-json\/wp\/v2\/types\/product"}],"replies":[{"embeddable":true,"href":"https:\/\/ceasuri.md\/ru\/wp-json\/wp\/v2\/comments?post=37942"}],"wp:featuredmedia":[{"embeddable":true,"href":"https:\/\/ceasuri.md\/ru\/wp-json\/wp\/v2\/media\/37943"}],"wp:attachment":[{"href":"https:\/\/ceasuri.md\/ru\/wp-json\/wp\/v2\/media?parent=37942"}],"wp:term":[{"taxonomy":"product_brand","embeddable":true,"href":"https:\/\/ceasuri.md\/ru\/wp-json\/wp\/v2\/product_brand?post=37942"},{"taxonomy":"product_cat","embeddable":true,"href":"https:\/\/ceasuri.md\/ru\/wp-json\/wp\/v2\/product_cat?post=37942"},{"taxonomy":"product_tag","embeddable":true,"href":"https:\/\/ceasuri.md\/ru\/wp-json\/wp\/v2\/product_tag?post=37942"}],"curies":[{"name":"wp","href":"https:\/\/api.w.org\/{rel}","templated":true}]}}