{"id":37928,"date":"2026-04-02T21:14:04","date_gmt":"2026-04-02T18:14:04","guid":{"rendered":"http:\/\/new.ceasuri.md\/shop\/uncategorized\/seiko-prospex-srpd33k1\/"},"modified":"2026-04-20T00:47:34","modified_gmt":"2026-04-19T21:47:34","slug":"seiko-prospex-srpd33k1","status":"publish","type":"product","link":"https:\/\/ceasuri.md\/ru\/shop\/branduri\/seiko\/seiko-prospex-srpd33k1\/","title":{"rendered":"\u0427\u0430\u0441\u044b SEIKO PROSPEX SRPD33K1"},"content":{"rendered":"<p>Accesoriul japonez modern te va \u00eempinge s\u0103 cucere\u0219ti noi \u00een\u0103l\u021bimi!<\/p>\n<p>Mi\u0219carea are 24 de bijuterii \u0219i bate la 21600 de vibra\u021bii pe or\u0103. Rezerva de putere de p\u00e2n\u0103 la 41h. Func\u021bie de oprire a secundei. Posibilitate de \u00eenf\u0103\u0219urare manual\u0103.<\/p>\n<p>Cadran cu fereastr\u0103 pentru dat\u0103 \u0219i zi.<\/p>\n<p>Luneta interioar\u0103 rotativ\u0103 cu scal\u0103 de busol\u0103.<\/p>\n<p>Coroan\u0103 de siguran\u021b\u0103 la ora 4.<\/p>\n<p>Fundul carcasei transparent \u0219i \u00een\u0219urubat.<\/p>\n<p>Curea cu \u00eenchidere clasic\u0103.<\/p>","protected":false},"excerpt":{"rendered":"<p>Accesoriul japonez modern te va \u00eempinge s\u0103 cucere\u0219ti noi \u00een\u0103l\u021bimi! Mi\u0219carea are 24 de bijuterii \u0219i bate la 21600 de vibra\u021bii pe or\u0103. Rezerva de putere de p\u00e2n\u0103 la 41h. Func\u021bie de oprire a secundei. Posibilitate de \u00eenf\u0103\u0219urare manual\u0103. Cadran cu fereastr\u0103 pentru dat\u0103 \u0219i zi. Luneta interioar\u0103 rotativ\u0103 cu scal\u0103 de busol\u0103. Coroan\u0103 de [&hellip;]<\/p>\n","protected":false},"featured_media":37929,"comment_status":"closed","ping_status":"open","template":"","meta":{"_acf_changed":false},"product_brand":[],"product_cat":[20,588],"product_tag":[],"class_list":{"0":"post-37928","1":"product","2":"type-product","3":"status-publish","4":"has-post-thumbnail","6":"product_cat-ceasuri-barbati","7":"product_cat-seiko","8":"pa_brand-seiko","9":"pa_braslet-piele","10":"pa_corpus-43-mm","11":"pa_forma-rotund","12":"pa_funcii-busola","13":"pa_funcii-data","14":"pa_funcii-ziua-saptamanii","15":"pa_garatia-24-luni","16":"pa_korpus-argintiu","17":"pa_material-otel-inoxidabil","18":"pa_mehanizm-mecanic","19":"pa_mehanizm-mecanism-automatic","20":"pa_remeshok-verde","21":"pa_steklo-hardlex-crystal","22":"pa_strana-japonia","23":"pa_voda-20-atm","25":"first","26":"instock","27":"purchasable","28":"product-type-simple"},"acf":[],"_links":{"self":[{"href":"https:\/\/ceasuri.md\/ru\/wp-json\/wp\/v2\/product\/37928","targetHints":{"allow":["GET"]}}],"collection":[{"href":"https:\/\/ceasuri.md\/ru\/wp-json\/wp\/v2\/product"}],"about":[{"href":"https:\/\/ceasuri.md\/ru\/wp-json\/wp\/v2\/types\/product"}],"replies":[{"embeddable":true,"href":"https:\/\/ceasuri.md\/ru\/wp-json\/wp\/v2\/comments?post=37928"}],"wp:featuredmedia":[{"embeddable":true,"href":"https:\/\/ceasuri.md\/ru\/wp-json\/wp\/v2\/media\/37929"}],"wp:attachment":[{"href":"https:\/\/ceasuri.md\/ru\/wp-json\/wp\/v2\/media?parent=37928"}],"wp:term":[{"taxonomy":"product_brand","embeddable":true,"href":"https:\/\/ceasuri.md\/ru\/wp-json\/wp\/v2\/product_brand?post=37928"},{"taxonomy":"product_cat","embeddable":true,"href":"https:\/\/ceasuri.md\/ru\/wp-json\/wp\/v2\/product_cat?post=37928"},{"taxonomy":"product_tag","embeddable":true,"href":"https:\/\/ceasuri.md\/ru\/wp-json\/wp\/v2\/product_tag?post=37928"}],"curies":[{"name":"wp","href":"https:\/\/api.w.org\/{rel}","templated":true}]}}