{"id":37866,"date":"2026-04-02T21:14:04","date_gmt":"2026-04-02T18:14:04","guid":{"rendered":"http:\/\/new.ceasuri.md\/shop\/uncategorized\/seiko-prospex-srpa77k1\/"},"modified":"2026-04-20T00:47:25","modified_gmt":"2026-04-19T21:47:25","slug":"seiko-prospex-srpa77k1","status":"publish","type":"product","link":"https:\/\/ceasuri.md\/ru\/shop\/branduri\/seiko\/seiko-prospex-srpa77k1\/","title":{"rendered":"Ceas SEIKO PROSPEX SRPA77K1"},"content":{"rendered":"<p>Designul modern, nobil \u0219i \u00eendr\u0103zne\u021b al cadranului acestui ceas \u00eel face foarte rafinat \u0219i atr\u0103g\u0103tor. Mi\u0219carea are 24 de bijuterii, frecven\u021ba 21600 de vibra\u021bii pe or\u0103. Rezerva de energie 41h. Posibilitate de \u00eenf\u0103\u0219urare manual\u0103. Luneta interioar\u0103 rotativ\u0103 cu markeri laterali. Coroan\u0103 protejat\u0103. Fundul carcasei transparent.<\/p>\n<p>Compania a fost fondat\u0103 \u00een 1881, c\u00e2nd Hattori Kintaro a deschis un magazin de ceasuri \u0219i bijuterii numit &#8222;K. Hattori&#8221; \u00een cartierul Ginza din Tokyo. 11 ani mai t\u00e2rziu, \u00een 1892, a \u00eenceput s\u0103 produc\u0103 ceasuri sub numele de Seikosha, care \u00eenseamn\u0103, \u00een linii mari, &#8222;Casa me\u0219te\u0219ugurilor rafinate&#8221;.<\/p>\n<p>Potrivit istoriei oficiale a companiei Seiko, intitulat\u0103 &#8222;O c\u0103l\u0103torie \u00een timp: O istorie memorabil\u0103 a Seiko&#8221; (2003), cuv\u00e2ntul japonez &#8222;seiko&#8221; \u00eenseamn\u0103 &#8222;rafinament&#8221;, &#8222;minu\u021biozitate&#8221; sau &#8222;noroc&#8221;. primele ceasuri produse sub marca Seiko au fost introduse \u00een 1924.<\/p>\n<p>\u00cen 1969, Seiko a introdus ceasul Astron, primul ceas cu cuar\u021b. C\u00e2nd a fost introdus, costa c\u00e2t o ma\u0219in\u0103 de dimensiuni medii. Mai t\u00e2rziu, Seiko a mers mai departe \u0219i a introdus primul cronograf cu cuar\u021b.<\/p>\n<p>\u00cen 1985, Seiko \u0219i Orient Watches au organizat un joint venture.\u2028 Ast\u0103zi, SEIKO produce unele dintre cele mai populare mi\u0219c\u0103ri cu cuar\u021b folosite de companii de ceasuri de renume mondial.<\/p>","protected":false},"excerpt":{"rendered":"<p>Designul modern, nobil \u0219i \u00eendr\u0103zne\u021b al cadranului acestui ceas \u00eel face foarte rafinat \u0219i atr\u0103g\u0103tor. Mi\u0219carea are 24 de bijuterii, frecven\u021ba 21600 de vibra\u021bii pe or\u0103. Rezerva de energie 41h. Posibilitate de \u00eenf\u0103\u0219urare manual\u0103. Luneta interioar\u0103 rotativ\u0103 cu markeri laterali. Coroan\u0103 protejat\u0103. Fundul carcasei transparent. Compania a fost fondat\u0103 \u00een 1881, c\u00e2nd Hattori Kintaro a [&hellip;]<\/p>\n","protected":false},"featured_media":37867,"comment_status":"closed","ping_status":"open","template":"","meta":{"_acf_changed":false},"product_brand":[],"product_cat":[20,588],"product_tag":[],"class_list":{"0":"post-37866","1":"product","2":"type-product","3":"status-publish","4":"has-post-thumbnail","6":"product_cat-ceasuri-barbati","7":"product_cat-seiko","8":"pa_brand-seiko","9":"pa_braslet-piele","10":"pa_corpus-42-mm","11":"pa_forma-rotund","12":"pa_funcii-busola","13":"pa_funcii-data","14":"pa_garatia-24-luni","15":"pa_korpus-argintiu","16":"pa_material-otel-inoxidabil","17":"pa_mehanizm-mecanic","18":"pa_mehanizm-mecanism-automatic","19":"pa_remeshok-maro","20":"pa_steklo-hardlex-crystal","21":"pa_strana-japonia","22":"pa_voda-10-atm","24":"first","25":"instock","26":"purchasable","27":"product-type-simple"},"acf":[],"_links":{"self":[{"href":"https:\/\/ceasuri.md\/ru\/wp-json\/wp\/v2\/product\/37866","targetHints":{"allow":["GET"]}}],"collection":[{"href":"https:\/\/ceasuri.md\/ru\/wp-json\/wp\/v2\/product"}],"about":[{"href":"https:\/\/ceasuri.md\/ru\/wp-json\/wp\/v2\/types\/product"}],"replies":[{"embeddable":true,"href":"https:\/\/ceasuri.md\/ru\/wp-json\/wp\/v2\/comments?post=37866"}],"wp:featuredmedia":[{"embeddable":true,"href":"https:\/\/ceasuri.md\/ru\/wp-json\/wp\/v2\/media\/37867"}],"wp:attachment":[{"href":"https:\/\/ceasuri.md\/ru\/wp-json\/wp\/v2\/media?parent=37866"}],"wp:term":[{"taxonomy":"product_brand","embeddable":true,"href":"https:\/\/ceasuri.md\/ru\/wp-json\/wp\/v2\/product_brand?post=37866"},{"taxonomy":"product_cat","embeddable":true,"href":"https:\/\/ceasuri.md\/ru\/wp-json\/wp\/v2\/product_cat?post=37866"},{"taxonomy":"product_tag","embeddable":true,"href":"https:\/\/ceasuri.md\/ru\/wp-json\/wp\/v2\/product_tag?post=37866"}],"curies":[{"name":"wp","href":"https:\/\/api.w.org\/{rel}","templated":true}]}}