{"id":37827,"date":"2022-11-30T18:12:19","date_gmt":"2022-11-30T16:12:19","guid":{"rendered":"http:\/\/new.ceasuri.md\/shop\/uncategorized\/seiko-velatura-srh015p2\/"},"modified":"2026-05-01T15:42:07","modified_gmt":"2026-05-01T12:42:07","slug":"seiko-velatura-srh015p2","status":"publish","type":"product","link":"https:\/\/ceasuri.md\/ru\/shop\/branduri\/seiko\/seiko-velatura-srh015p2\/","title":{"rendered":"\u0427\u0430\u0441\u044b SEIKO VELATURA SRH015P2"},"content":{"rendered":"<p>Un ceas de \u00eenalt\u0103 tehnologie care combin\u0103 fiabilitatea mecanicii \u0219i precizia cuar\u021bului Velatura Kinetic Direct Drive. Sistem de generare automat\u0103 Seiko Kinetic. Indicatori retrograzi de zi \u0219i de rezerv\u0103 de putere. Rezerv\u0103 de energie cu o \u00eenc\u0103rcare complet\u0103 a bateriei de 1 lun\u0103. Fundul carcasei \u00een\u0219urubat.<\/p>\n<p>Compania a fost fondat\u0103 \u00een 1881, c\u00e2nd Hattori Kintaro a deschis un magazin de ceasuri \u0219i bijuterii numit &#8222;K. Hattori&#8221; \u00een cartierul Ginza din Tokyo. 11 ani mai t\u00e2rziu, \u00een 1892, a \u00eenceput s\u0103 produc\u0103 ceasuri sub numele de Seikosha, care \u00eenseamn\u0103, \u00een linii mari, &#8222;Casa me\u0219te\u0219ugurilor rafinate&#8221;.<\/p>\n<p>Potrivit istoriei oficiale a companiei Seiko, intitulat\u0103 &#8222;O c\u0103l\u0103torie \u00een timp: O istorie memorabil\u0103 a Seiko&#8221; (2003), cuv\u00e2ntul japonez &#8222;seiko&#8221; \u00eenseamn\u0103 &#8222;rafinament&#8221;, &#8222;minu\u021biozitate&#8221; sau &#8222;noroc&#8221;. primele ceasuri produse sub marca Seiko au fost introduse \u00een 1924.<\/p>\n<p>\u00cen 1969, Seiko a introdus ceasul Astron, primul ceas cu cuar\u021b. C\u00e2nd a fost introdus, costa c\u00e2t o ma\u0219in\u0103 de dimensiuni medii. Mai t\u00e2rziu, Seiko a mers mai departe \u0219i a introdus primul cronograf cu cuar\u021b.<\/p>\n<p>\u00cen 1985, Seiko \u0219i Orient Watches au organizat un joint venture.\u2028 Ast\u0103zi, SEIKO produce unele dintre cele mai populare mi\u0219c\u0103ri cu cuar\u021b folosite de companii de ceasuri de renume mondial.<\/p>","protected":false},"excerpt":{"rendered":"<p>Un ceas de \u00eenalt\u0103 tehnologie care combin\u0103 fiabilitatea mecanicii \u0219i precizia cuar\u021bului Velatura Kinetic Direct Drive. Sistem de generare automat\u0103 Seiko Kinetic. Indicatori retrograzi de zi \u0219i de rezerv\u0103 de putere. Rezerv\u0103 de energie cu o \u00eenc\u0103rcare complet\u0103 a bateriei de 1 lun\u0103. Fundul carcasei \u00een\u0219urubat. Compania a fost fondat\u0103 \u00een 1881, c\u00e2nd Hattori Kintaro [&hellip;]<\/p>\n","protected":false},"featured_media":37828,"comment_status":"closed","ping_status":"open","template":"","meta":{"_acf_changed":false},"product_brand":[],"product_cat":[20,106,588],"product_tag":[],"class_list":{"0":"post-37827","1":"product","2":"type-product","3":"status-publish","4":"has-post-thumbnail","6":"product_cat-ceasuri-barbati","7":"product_cat-ceasuri-premium","8":"product_cat-seiko","9":"pa_brand-seiko","10":"pa_braslet-piele","11":"pa_corpus-46-mm","12":"pa_forma-rotund","13":"pa_funcii-data","14":"pa_funcii-ziua-saptamanii","15":"pa_garatia-24-luni","16":"pa_korpus-argintiu","17":"pa_korpus-negru","18":"pa_kvarc-quartz","19":"pa_material-otel-inoxidabil","20":"pa_mehanizm-kinetic","21":"pa_remeshok-negru","22":"pa_steklo-cristal-safir","23":"pa_strana-japonia","24":"pa_voda-10-atm","26":"first","27":"instock","28":"purchasable","29":"product-type-simple"},"acf":[],"_links":{"self":[{"href":"https:\/\/ceasuri.md\/ru\/wp-json\/wp\/v2\/product\/37827","targetHints":{"allow":["GET"]}}],"collection":[{"href":"https:\/\/ceasuri.md\/ru\/wp-json\/wp\/v2\/product"}],"about":[{"href":"https:\/\/ceasuri.md\/ru\/wp-json\/wp\/v2\/types\/product"}],"replies":[{"embeddable":true,"href":"https:\/\/ceasuri.md\/ru\/wp-json\/wp\/v2\/comments?post=37827"}],"wp:featuredmedia":[{"embeddable":true,"href":"https:\/\/ceasuri.md\/ru\/wp-json\/wp\/v2\/media\/37828"}],"wp:attachment":[{"href":"https:\/\/ceasuri.md\/ru\/wp-json\/wp\/v2\/media?parent=37827"}],"wp:term":[{"taxonomy":"product_brand","embeddable":true,"href":"https:\/\/ceasuri.md\/ru\/wp-json\/wp\/v2\/product_brand?post=37827"},{"taxonomy":"product_cat","embeddable":true,"href":"https:\/\/ceasuri.md\/ru\/wp-json\/wp\/v2\/product_cat?post=37827"},{"taxonomy":"product_tag","embeddable":true,"href":"https:\/\/ceasuri.md\/ru\/wp-json\/wp\/v2\/product_tag?post=37827"}],"curies":[{"name":"wp","href":"https:\/\/api.w.org\/{rel}","templated":true}]}}