{"id":37813,"date":"2026-04-02T21:13:18","date_gmt":"2026-04-02T18:13:18","guid":{"rendered":"http:\/\/new.ceasuri.md\/shop\/uncategorized\/seiko-velatura-spc147p1\/"},"modified":"2026-04-20T00:47:11","modified_gmt":"2026-04-19T21:47:11","slug":"seiko-velatura-spc147p1","status":"publish","type":"product","link":"https:\/\/ceasuri.md\/ru\/shop\/branduri\/seiko\/seiko-velatura-spc147p1\/","title":{"rendered":"\u0427\u0430\u0441\u044b SEIKO VELATURA SPC147P1"},"content":{"rendered":"<p>Acest ceas este cel mai bun cadou pentru sportivi \u0219i c\u0103l\u0103tori.<\/p>\n<p>Ceas cronograf cu cronometru. Cronometru p\u00e2n\u0103 la 12h, precizie de 1\/5 sec cu modurile ADD \u0219i SPLIT.<\/p>\n<p>Yachting Timer &#8211; combin\u0103 func\u021biile de cronometru cu num\u0103r\u0103toare invers\u0103 \u0219i cronometru, care porne\u0219te automat atunci c\u00e2nd cronometrul num\u0103r\u0103 p\u00e2n\u0103 la 5, 6 sau 10min. Cronometru cu num\u0103r\u0103toare invers\u0103 de la 1min la 15min.<\/p>\n<p>Al doilea fus orar.<\/p>\n<p>Capacul din spate \u00een\u0219urubat. Br\u0103\u021bar\u0103 cu \u00eenchiz\u0103toare pliabil\u0103. \u00cenchidere cu sistem de \u00eenchidere.<\/p>\n<p>Compania a fost fondat\u0103 \u00een 1881, c\u00e2nd Hattori Kintaro a deschis un magazin de ceasuri \u0219i bijuterii numit &#8222;K. Hattori&#8221; \u00een cartierul Ginza din Tokyo. 11 ani mai t\u00e2rziu, \u00een 1892, a \u00eenceput s\u0103 produc\u0103 ceasuri sub numele de Seikosha, care \u00eenseamn\u0103, \u00een linii mari, &#8222;Casa me\u0219te\u0219ugurilor rafinate&#8221;.<\/p>\n<p>Potrivit istoriei oficiale a companiei Seiko, intitulat\u0103 &#8222;O c\u0103l\u0103torie \u00een timp: O istorie memorabil\u0103 a Seiko&#8221; (2003), cuv\u00e2ntul japonez &#8222;seiko&#8221; \u00eenseamn\u0103 &#8222;rafinament&#8221;, &#8222;minu\u021biozitate&#8221; sau &#8222;noroc&#8221;. primele ceasuri produse sub marca Seiko au fost introduse \u00een 1924.<\/p>\n<p>\u00cen 1969, Seiko a introdus ceasul Astron, primul ceas cu cuar\u021b. C\u00e2nd a fost introdus, costa c\u00e2t o ma\u0219in\u0103 de dimensiuni medii. Mai t\u00e2rziu, Seiko a mers mai departe \u0219i a introdus primul cronograf cu cuar\u021b.<\/p>\n<p>\u00cen 1985, Seiko \u0219i Orient Watches au organizat un joint venture.\u2028 Ast\u0103zi, SEIKO produce unele dintre cele mai populare mi\u0219c\u0103ri cu cuar\u021b folosite de companii de ceasuri de renume mondial.<\/p>","protected":false},"excerpt":{"rendered":"<p>Acest ceas este cel mai bun cadou pentru sportivi \u0219i c\u0103l\u0103tori. Ceas cronograf cu cronometru. Cronometru p\u00e2n\u0103 la 12h, precizie de 1\/5 sec cu modurile ADD \u0219i SPLIT. Yachting Timer &#8211; combin\u0103 func\u021biile de cronometru cu num\u0103r\u0103toare invers\u0103 \u0219i cronometru, care porne\u0219te automat atunci c\u00e2nd cronometrul num\u0103r\u0103 p\u00e2n\u0103 la 5, 6 sau 10min. Cronometru cu [&hellip;]<\/p>\n","protected":false},"featured_media":37814,"comment_status":"closed","ping_status":"open","template":"","meta":{"_acf_changed":false},"product_brand":[],"product_cat":[20,106,588],"product_tag":[],"class_list":{"0":"post-37813","1":"product","2":"type-product","3":"status-publish","4":"has-post-thumbnail","6":"product_cat-ceasuri-barbati","7":"product_cat-ceasuri-premium","8":"product_cat-seiko","9":"pa_brand-seiko","10":"pa_braslet-otel-inoxidabil","11":"pa_corpus-47-mm","12":"pa_forma-rotund","13":"pa_funcii-alarma","14":"pa_funcii-cronograf","15":"pa_funcii-cronometru","16":"pa_funcii-data","17":"pa_funcii-dual-time","18":"pa_garatia-24-luni","19":"pa_korpus-argintiu","20":"pa_korpus-negru","21":"pa_kvarc-quartz","22":"pa_material-otel-inoxidabil","23":"pa_mehanizm-quartz","24":"pa_remeshok-bicolor","25":"pa_steklo-cristal-safir","26":"pa_strana-japonia","27":"pa_voda-10-atm","29":"first","30":"instock","31":"purchasable","32":"product-type-simple"},"acf":[],"_links":{"self":[{"href":"https:\/\/ceasuri.md\/ru\/wp-json\/wp\/v2\/product\/37813","targetHints":{"allow":["GET"]}}],"collection":[{"href":"https:\/\/ceasuri.md\/ru\/wp-json\/wp\/v2\/product"}],"about":[{"href":"https:\/\/ceasuri.md\/ru\/wp-json\/wp\/v2\/types\/product"}],"replies":[{"embeddable":true,"href":"https:\/\/ceasuri.md\/ru\/wp-json\/wp\/v2\/comments?post=37813"}],"wp:featuredmedia":[{"embeddable":true,"href":"https:\/\/ceasuri.md\/ru\/wp-json\/wp\/v2\/media\/37814"}],"wp:attachment":[{"href":"https:\/\/ceasuri.md\/ru\/wp-json\/wp\/v2\/media?parent=37813"}],"wp:term":[{"taxonomy":"product_brand","embeddable":true,"href":"https:\/\/ceasuri.md\/ru\/wp-json\/wp\/v2\/product_brand?post=37813"},{"taxonomy":"product_cat","embeddable":true,"href":"https:\/\/ceasuri.md\/ru\/wp-json\/wp\/v2\/product_cat?post=37813"},{"taxonomy":"product_tag","embeddable":true,"href":"https:\/\/ceasuri.md\/ru\/wp-json\/wp\/v2\/product_tag?post=37813"}],"curies":[{"name":"wp","href":"https:\/\/api.w.org\/{rel}","templated":true}]}}