{"id":37795,"date":"2026-04-02T21:13:18","date_gmt":"2026-04-02T18:13:18","guid":{"rendered":"http:\/\/new.ceasuri.md\/shop\/uncategorized\/seiko-presage-spb043j1\/"},"modified":"2026-04-07T03:45:38","modified_gmt":"2026-04-07T00:45:38","slug":"seiko-presage-spb043j1","status":"publish","type":"product","link":"https:\/\/ceasuri.md\/ru\/shop\/branduri\/seiko\/seiko-presage-spb043j1\/","title":{"rendered":"Ceas SEIKO PRESAGE SPB043J1"},"content":{"rendered":"<p>Ceasul mecanic va fi apreciat de b\u0103rba\u021bii moderni care prefer\u0103 lucrurile practice. Designul modelului este inspirat de primul ceas mecanic Laurel. Mi\u0219carea are 29 de bijuterii, frecven\u021ba 28800 de vibra\u021bii pe or\u0103. Rezerva de putere de 45 de ore. Posibilitate de \u00eenf\u0103\u0219urare manual\u0103. Indicator retrograd al rezervei de putere. Br\u0103\u021bar\u0103 cu \u00eenchiz\u0103tor pliabil. Fermoar cu sistem de \u00eenchidere.<\/p>\n<p>Compania a fost fondat\u0103 \u00een 1881, c\u00e2nd Hattori Kintaro a deschis un magazin de ceasuri \u0219i bijuterii numit &#8222;K. Hattori&#8221; \u00een cartierul Ginza din Tokyo. 11 ani mai t\u00e2rziu, \u00een 1892, a \u00eenceput s\u0103 produc\u0103 ceasuri sub numele de Seikosha, care \u00eenseamn\u0103, \u00een linii mari, &#8222;Casa me\u0219te\u0219ugurilor rafinate&#8221;.<\/p>\n<p>Potrivit istoriei oficiale a companiei Seiko, intitulat\u0103 &#8222;O c\u0103l\u0103torie \u00een timp: O istorie memorabil\u0103 a Seiko&#8221; (2003), cuv\u00e2ntul japonez &#8222;seiko&#8221; \u00eenseamn\u0103 &#8222;rafinament&#8221;, &#8222;minu\u021biozitate&#8221; sau &#8222;noroc&#8221;. primele ceasuri produse sub marca Seiko au fost introduse \u00een 1924.<\/p>\n<p>\u00cen 1969, Seiko a introdus ceasul Astron, primul ceas cu cuar\u021b. C\u00e2nd a fost introdus, costa c\u00e2t o ma\u0219in\u0103 de dimensiuni medii. Mai t\u00e2rziu, Seiko a mers mai departe \u0219i a introdus primul cronograf cu cuar\u021b.<\/p>\n<p>\u00cen 1985, Seiko \u0219i Orient Watches au organizat un joint venture.\u2028 Ast\u0103zi, SEIKO produce unele dintre cele mai populare mi\u0219c\u0103ri cu cuar\u021b folosite de companii de ceasuri de renume mondial.<\/p>","protected":false},"excerpt":{"rendered":"<p>Ceasul mecanic va fi apreciat de b\u0103rba\u021bii moderni care prefer\u0103 lucrurile practice. Designul modelului este inspirat de primul ceas mecanic Laurel. Mi\u0219carea are 29 de bijuterii, frecven\u021ba 28800 de vibra\u021bii pe or\u0103. Rezerva de putere de 45 de ore. Posibilitate de \u00eenf\u0103\u0219urare manual\u0103. Indicator retrograd al rezervei de putere. Br\u0103\u021bar\u0103 cu \u00eenchiz\u0103tor pliabil. Fermoar cu [&hellip;]<\/p>\n","protected":false},"featured_media":37796,"comment_status":"closed","ping_status":"open","template":"","meta":{"_acf_changed":false},"product_brand":[],"product_cat":[20,106,588],"product_tag":[],"class_list":{"0":"post-37795","1":"product","2":"type-product","3":"status-publish","4":"has-post-thumbnail","6":"product_cat-ceasuri-barbati","7":"product_cat-ceasuri-premium","8":"product_cat-seiko","9":"pa_brand-seiko","10":"pa_braslet-otel-inoxidabil","11":"pa_corpus-41-mm","12":"pa_forma-rotund","13":"pa_funcii-data","14":"pa_funcii-rezerva-de-energie","15":"pa_garatia-24-luni","16":"pa_korpus-argintiu","17":"pa_material-otel-inoxidabil","18":"pa_mehanizm-mecanic","19":"pa_mehanizm-mecanism-automatic","20":"pa_remeshok-argintiu","21":"pa_steklo-cristal-safir","22":"pa_strana-japonia","23":"pa_voda-10-atm","25":"first","26":"instock","27":"purchasable","28":"product-type-simple"},"acf":[],"_links":{"self":[{"href":"https:\/\/ceasuri.md\/ru\/wp-json\/wp\/v2\/product\/37795","targetHints":{"allow":["GET"]}}],"collection":[{"href":"https:\/\/ceasuri.md\/ru\/wp-json\/wp\/v2\/product"}],"about":[{"href":"https:\/\/ceasuri.md\/ru\/wp-json\/wp\/v2\/types\/product"}],"replies":[{"embeddable":true,"href":"https:\/\/ceasuri.md\/ru\/wp-json\/wp\/v2\/comments?post=37795"}],"wp:featuredmedia":[{"embeddable":true,"href":"https:\/\/ceasuri.md\/ru\/wp-json\/wp\/v2\/media\/37796"}],"wp:attachment":[{"href":"https:\/\/ceasuri.md\/ru\/wp-json\/wp\/v2\/media?parent=37795"}],"wp:term":[{"taxonomy":"product_brand","embeddable":true,"href":"https:\/\/ceasuri.md\/ru\/wp-json\/wp\/v2\/product_brand?post=37795"},{"taxonomy":"product_cat","embeddable":true,"href":"https:\/\/ceasuri.md\/ru\/wp-json\/wp\/v2\/product_cat?post=37795"},{"taxonomy":"product_tag","embeddable":true,"href":"https:\/\/ceasuri.md\/ru\/wp-json\/wp\/v2\/product_tag?post=37795"}],"curies":[{"name":"wp","href":"https:\/\/api.w.org\/{rel}","templated":true}]}}