{"id":37774,"date":"2026-04-02T21:12:45","date_gmt":"2026-04-02T18:12:45","guid":{"rendered":"http:\/\/new.ceasuri.md\/shop\/uncategorized\/seiko-premier-snp126p1\/"},"modified":"2026-04-20T00:46:41","modified_gmt":"2026-04-19T21:46:41","slug":"seiko-premier-snp126p1","status":"publish","type":"product","link":"https:\/\/ceasuri.md\/ru\/shop\/branduri\/seiko\/seiko-premier-snp126p1\/","title":{"rendered":"\u0427\u0430\u0441\u044b SEIKO PREMIER SNP126P1"},"content":{"rendered":"<p>Puterea, str\u0103lucirea \u0219i rezisten\u021ba sunt calit\u0103\u021bile care definesc stilul de joc al lui Novak Djokovic \u0219i caracterizeaz\u0103 noua serie Premier Kinetic Perpetual. Serie special\u0103 a fost lansat\u0103 \u00een onoarea colabor\u0103rii cu tenismanul s\u00e2rb Novak Djokovic.<\/p>\n<p>Sistemul Seiko Kinetic Automatic Generator System. Format de 12 \u0219i 24 de ore. Ceas cu mod de veghe, trece la acesta dup\u0103 24 de ore de inactivitate pentru a economisi energie. C\u00e2nd ceasul p\u0103r\u0103se\u0219te modul sleep, este setat la ora curent\u0103. Durata modului sleep este de p\u00e2n\u0103 la 4 ani.<\/p>\n<p>Func\u021bie de indicare a \u00eenc\u0103rc\u0103rii (EOL). Indicator de an bisect. Coroan\u0103 de protec\u021bie. Partea din spate a carcasei \u00een\u0219urubat\u0103.<\/p>\n<p>Curea cu \u00eenchidere cu sistem de \u00eenchidere desf\u0103\u0219ur\u0103tor. \u00cenchidere cu sistem de \u00eenchidere.<\/p>\n<p>Fundul carcasei gravat cu semn\u0103tura lui Novak Djokovic.<\/p>","protected":false},"excerpt":{"rendered":"<p>Puterea, str\u0103lucirea \u0219i rezisten\u021ba sunt calit\u0103\u021bile care definesc stilul de joc al lui Novak Djokovic \u0219i caracterizeaz\u0103 noua serie Premier Kinetic Perpetual. Serie special\u0103 a fost lansat\u0103 \u00een onoarea colabor\u0103rii cu tenismanul s\u00e2rb Novak Djokovic. Sistemul Seiko Kinetic Automatic Generator System. Format de 12 \u0219i 24 de ore. Ceas cu mod de veghe, trece la [&hellip;]<\/p>\n","protected":false},"featured_media":37775,"comment_status":"closed","ping_status":"open","template":"","meta":{"_acf_changed":false},"product_brand":[],"product_cat":[20,106,588],"product_tag":[],"class_list":{"0":"post-37774","1":"product","2":"type-product","3":"status-publish","4":"has-post-thumbnail","6":"product_cat-ceasuri-barbati","7":"product_cat-ceasuri-premium","8":"product_cat-seiko","9":"pa_brand-seiko","10":"pa_braslet-piele","11":"pa_corpus-42-mm","12":"pa_forma-rotund","13":"pa_funcii-calendarul-etern","14":"pa_funcii-data","15":"pa_garatia-24-luni","16":"pa_korpus-argintiu","17":"pa_kvarc-quartz","18":"pa_material-otel-inoxidabil","19":"pa_mehanizm-kinetic","20":"pa_remeshok-albastru-inchis","21":"pa_steklo-cristal-safir","22":"pa_strana-japonia","23":"pa_voda-10-atm","25":"first","26":"instock","27":"purchasable","28":"product-type-simple"},"acf":[],"_links":{"self":[{"href":"https:\/\/ceasuri.md\/ru\/wp-json\/wp\/v2\/product\/37774","targetHints":{"allow":["GET"]}}],"collection":[{"href":"https:\/\/ceasuri.md\/ru\/wp-json\/wp\/v2\/product"}],"about":[{"href":"https:\/\/ceasuri.md\/ru\/wp-json\/wp\/v2\/types\/product"}],"replies":[{"embeddable":true,"href":"https:\/\/ceasuri.md\/ru\/wp-json\/wp\/v2\/comments?post=37774"}],"wp:featuredmedia":[{"embeddable":true,"href":"https:\/\/ceasuri.md\/ru\/wp-json\/wp\/v2\/media\/37775"}],"wp:attachment":[{"href":"https:\/\/ceasuri.md\/ru\/wp-json\/wp\/v2\/media?parent=37774"}],"wp:term":[{"taxonomy":"product_brand","embeddable":true,"href":"https:\/\/ceasuri.md\/ru\/wp-json\/wp\/v2\/product_brand?post=37774"},{"taxonomy":"product_cat","embeddable":true,"href":"https:\/\/ceasuri.md\/ru\/wp-json\/wp\/v2\/product_cat?post=37774"},{"taxonomy":"product_tag","embeddable":true,"href":"https:\/\/ceasuri.md\/ru\/wp-json\/wp\/v2\/product_tag?post=37774"}],"curies":[{"name":"wp","href":"https:\/\/api.w.org\/{rel}","templated":true}]}}