{"id":37370,"date":"2021-11-30T21:55:00","date_gmt":"2021-11-30T19:55:00","guid":{"rendered":"http:\/\/new.ceasuri.md\/shop\/uncategorized\/festina-ceramic-f20473-2\/"},"modified":"2026-05-01T15:36:43","modified_gmt":"2026-05-01T12:36:43","slug":"festina-ceramic-f20473-2","status":"publish","type":"product","link":"https:\/\/ceasuri.md\/ru\/shop\/branduri\/festina\/festina-ceramic-f20473-2\/","title":{"rendered":"\u0427\u0430\u0441\u044b FESTINA CERAMIC F20473\/2"},"content":{"rendered":"<p>Un ceas fiabil \u0219i confortabil, cu un luneta din ceramic\u0103, care se va armoniza cu stilul t\u0103u de zi cu zi. Ceas de dam\u0103 cu carcas\u0103 rotund\u0103. Curea din piele natural\u0103.<\/p>\n<p>Marca Festina s-a n\u0103scut \u00een 1902 \u00een La Chaux-de-Fonds, un ora\u0219 din vestul Elve\u021biei. Numele Festina provine din proverbul latin &#8222;Festina lente!&#8221;, care se traduce prin &#8222;gr\u0103be\u0219te-te \u00eencet&#8221;. Acest motto a r\u0103mas la brand, care a fost asociat de atunci cu ceasuri de \u00eencredere.<\/p>\n<p>Mi\u0219c\u0103rile pentru cronografele Festina sunt fabricate \u00een Elve\u021bia, Spania \u0219i Japonia, iar ceasurile sunt asamblate \u00een Europa.<\/p>\n<p>Cump\u0103r\u0103torii s-au obi\u0219nuit cu faptul c\u0103 portofoliul s\u0103u include nu numai produse de calitate, ci \u0219i modele interesante care vor atrage aten\u021bia \u0219i vor \u00eenc\u00e2nta \u00een fiecare zi prin detalii.<\/p>\n<p>Festina este un brand recunoscut pe scar\u0103 larg\u0103 pentru angajamentul s\u0103u fa\u021b\u0103 de sport, inclusiv fa\u021b\u0103 de ciclism. \u00cen plus fa\u021b\u0103 de m\u0103surarea profesional\u0103 a timpului, produc\u0103torul comercializeaz\u0103 edi\u021bii speciale \u0219i limitate dedicate unor evenimente precum Tour de France, Giro de Italia \u0219i La Vuelta a Espana. Campania &#8222;Time To Live&#8221; a fost lansat\u0103 recent cu Gerard Butler, av\u00e2nd \u00een vedere leg\u0103turile brandului cu lumea sportului.<\/p>\n<p>","protected":false},"excerpt":{"rendered":"<p>Un ceas fiabil \u0219i confortabil, cu un luneta din ceramic\u0103, care se va armoniza cu stilul t\u0103u de zi cu zi. Ceas de dam\u0103 cu carcas\u0103 rotund\u0103. Curea din piele natural\u0103. Marca Festina s-a n\u0103scut \u00een 1902 \u00een La Chaux-de-Fonds, un ora\u0219 din vestul Elve\u021biei. Numele Festina provine din proverbul latin &#8222;Festina lente!&#8221;, care se [&hellip;]<\/p>\n","protected":false},"featured_media":37371,"comment_status":"closed","ping_status":"open","template":"","meta":{"_acf_changed":false},"product_brand":[],"product_cat":[25,587],"product_tag":[],"class_list":{"0":"post-37370","1":"product","2":"type-product","3":"status-publish","4":"has-post-thumbnail","6":"product_cat-ceasuri-dama","7":"product_cat-festina","8":"pa_brand-festina","9":"pa_braslet-piele","10":"pa_corpus-35-mm","11":"pa_decor-cristale-swarowski","12":"pa_forma-rotund","13":"pa_garatia-24-luni","14":"pa_korpus-argintiu","15":"pa_kvarc-quartz","16":"pa_material-ceramica","17":"pa_material-otel-inoxidabil","18":"pa_mehanizm-quartz","19":"pa_remeshok-albastru-inchis","20":"pa_steklo-cristal-mineral","21":"pa_strana-spania","22":"pa_voda-5-atm","24":"first","25":"instock","26":"purchasable","27":"product-type-simple"},"acf":[],"_links":{"self":[{"href":"https:\/\/ceasuri.md\/ru\/wp-json\/wp\/v2\/product\/37370","targetHints":{"allow":["GET"]}}],"collection":[{"href":"https:\/\/ceasuri.md\/ru\/wp-json\/wp\/v2\/product"}],"about":[{"href":"https:\/\/ceasuri.md\/ru\/wp-json\/wp\/v2\/types\/product"}],"replies":[{"embeddable":true,"href":"https:\/\/ceasuri.md\/ru\/wp-json\/wp\/v2\/comments?post=37370"}],"wp:featuredmedia":[{"embeddable":true,"href":"https:\/\/ceasuri.md\/ru\/wp-json\/wp\/v2\/media\/37371"}],"wp:attachment":[{"href":"https:\/\/ceasuri.md\/ru\/wp-json\/wp\/v2\/media?parent=37370"}],"wp:term":[{"taxonomy":"product_brand","embeddable":true,"href":"https:\/\/ceasuri.md\/ru\/wp-json\/wp\/v2\/product_brand?post=37370"},{"taxonomy":"product_cat","embeddable":true,"href":"https:\/\/ceasuri.md\/ru\/wp-json\/wp\/v2\/product_cat?post=37370"},{"taxonomy":"product_tag","embeddable":true,"href":"https:\/\/ceasuri.md\/ru\/wp-json\/wp\/v2\/product_tag?post=37370"}],"curies":[{"name":"wp","href":"https:\/\/api.w.org\/{rel}","templated":true}]}}