{"id":37362,"date":"2026-04-02T21:09:15","date_gmt":"2026-04-02T18:09:15","guid":{"rendered":"http:\/\/new.ceasuri.md\/shop\/uncategorized\/festina-boyfriend-collection-f20412-4\/"},"modified":"2026-04-20T00:21:20","modified_gmt":"2026-04-19T21:21:20","slug":"festina-boyfriend-collection-f20412-4","status":"publish","type":"product","link":"https:\/\/ceasuri.md\/ru\/shop\/branduri\/festina\/festina-boyfriend-collection-f20412-4\/","title":{"rendered":"\u0427\u0430\u0441\u044b FESTINA BOYFRIEND COLLECTION F20412\/4"},"content":{"rendered":"<p>Ceasul Festina pentru femei este o adev\u0103rat\u0103 bijuterie \u00een orologerie. Carcasa sa din o\u021bel \u0219i sticla mineral\u0103, combinate cu o curea din piele, \u00eel fac un accesoriu de \u00eenalt\u0103 calitate \u0219i elegant.<\/p>\n<p>Ceasurile Festina sunt recunoscute pentru combina\u021bia lor perfect\u0103 de stil \u0219i func\u021bionalitate. Marca se remarc\u0103 prin oferirea de designuri distinse, inova\u021bie tehnologic\u0103 constant\u0103 \u0219i un raport calitate-pre\u021b excelent. Fiecare ceas Festina este o oper\u0103 de art\u0103 care combin\u0103 precizia elve\u021bian\u0103 cu frumuse\u021bea \u0219i stilul.<\/p>\n<p>Dac\u0103 sunte\u021bi \u00een c\u0103utarea unui ceas care s\u0103 v\u0103 \u00eenso\u021beasc\u0103 \u00een cele mai importante momente, Festina este alegerea perfect\u0103. Cu designul s\u0103u sofisticat \u0219i calitatea sa incomparabil\u0103, acest ceas este o investi\u021bie care v\u0103 va \u00eenso\u021bi mul\u021bi ani.<\/p>","protected":false},"excerpt":{"rendered":"<p>Ceasul Festina pentru femei este o adev\u0103rat\u0103 bijuterie \u00een orologerie. Carcasa sa din o\u021bel \u0219i sticla mineral\u0103, combinate cu o curea din piele, \u00eel fac un accesoriu de \u00eenalt\u0103 calitate \u0219i elegant. Ceasurile Festina sunt recunoscute pentru combina\u021bia lor perfect\u0103 de stil \u0219i func\u021bionalitate. Marca se remarc\u0103 prin oferirea de designuri distinse, inova\u021bie tehnologic\u0103 constant\u0103 [&hellip;]<\/p>\n","protected":false},"featured_media":37363,"comment_status":"closed","ping_status":"open","template":"","meta":{"_acf_changed":false},"product_brand":[],"product_cat":[25,587],"product_tag":[],"class_list":{"0":"post-37362","1":"product","2":"type-product","3":"status-publish","4":"has-post-thumbnail","6":"product_cat-ceasuri-dama","7":"product_cat-festina","8":"pa_brand-festina","9":"pa_braslet-piele-textile","10":"pa_corpus-36-mm","11":"pa_decor-cristale-swarowski","12":"pa_forma-rotund","13":"pa_garatia-24-luni","14":"pa_korpus-argintiu","15":"pa_kvarc-quartz","16":"pa_material-otel-inoxidabil","17":"pa_mehanizm-quartz","18":"pa_remeshok-negru","19":"pa_steklo-cristal-mineral","20":"pa_strana-spania","21":"pa_voda-5-atm","23":"first","24":"instock","25":"purchasable","26":"product-type-simple"},"acf":[],"_links":{"self":[{"href":"https:\/\/ceasuri.md\/ru\/wp-json\/wp\/v2\/product\/37362","targetHints":{"allow":["GET"]}}],"collection":[{"href":"https:\/\/ceasuri.md\/ru\/wp-json\/wp\/v2\/product"}],"about":[{"href":"https:\/\/ceasuri.md\/ru\/wp-json\/wp\/v2\/types\/product"}],"replies":[{"embeddable":true,"href":"https:\/\/ceasuri.md\/ru\/wp-json\/wp\/v2\/comments?post=37362"}],"wp:featuredmedia":[{"embeddable":true,"href":"https:\/\/ceasuri.md\/ru\/wp-json\/wp\/v2\/media\/37363"}],"wp:attachment":[{"href":"https:\/\/ceasuri.md\/ru\/wp-json\/wp\/v2\/media?parent=37362"}],"wp:term":[{"taxonomy":"product_brand","embeddable":true,"href":"https:\/\/ceasuri.md\/ru\/wp-json\/wp\/v2\/product_brand?post=37362"},{"taxonomy":"product_cat","embeddable":true,"href":"https:\/\/ceasuri.md\/ru\/wp-json\/wp\/v2\/product_cat?post=37362"},{"taxonomy":"product_tag","embeddable":true,"href":"https:\/\/ceasuri.md\/ru\/wp-json\/wp\/v2\/product_tag?post=37362"}],"curies":[{"name":"wp","href":"https:\/\/api.w.org\/{rel}","templated":true}]}}