{"id":37351,"date":"2026-04-02T21:09:15","date_gmt":"2026-04-02T18:09:15","guid":{"rendered":"http:\/\/new.ceasuri.md\/shop\/uncategorized\/festina-boyfriend-f20401-1\/"},"modified":"2026-04-20T00:21:17","modified_gmt":"2026-04-19T21:21:17","slug":"festina-boyfriend-f20401-1","status":"publish","type":"product","link":"https:\/\/ceasuri.md\/ru\/shop\/branduri\/festina\/festina-boyfriend-f20401-1\/","title":{"rendered":"\u0427\u0430\u0441\u044b FESTINA BOYFRIEND F20401\/1"},"content":{"rendered":"<p>Str\u0103lucirea \u00eenc\u00e2nt\u0103toare a cristalelor nu te va l\u0103sa neobservat\u0103 de ceilal\u021bi.<\/p>\n<p>Ceas cronograf cu cronometru. Format de timp de 12 \u0219i 24 de ore.<\/p>\n<p>Etichete sub form\u0103 de puncte. Luneta decorat\u0103 cu o pav\u0103z\u0103 de cristale.<\/p>\n<p>Coroan\u0103 canelat\u0103. Br\u0103\u021bar\u0103 cu \u00eenchidere pliabil\u0103.<\/p>","protected":false},"excerpt":{"rendered":"<p>Str\u0103lucirea \u00eenc\u00e2nt\u0103toare a cristalelor nu te va l\u0103sa neobservat\u0103 de ceilal\u021bi. Ceas cronograf cu cronometru. Format de timp de 12 \u0219i 24 de ore. Etichete sub form\u0103 de puncte. Luneta decorat\u0103 cu o pav\u0103z\u0103 de cristale. Coroan\u0103 canelat\u0103. Br\u0103\u021bar\u0103 cu \u00eenchidere pliabil\u0103.<\/p>","protected":false},"featured_media":37352,"comment_status":"closed","ping_status":"open","template":"","meta":{"_acf_changed":false},"product_brand":[],"product_cat":[25,587],"product_tag":[],"class_list":{"0":"post-37351","1":"product","2":"type-product","3":"status-publish","4":"has-post-thumbnail","6":"product_cat-ceasuri-dama","7":"product_cat-festina","8":"pa_brand-festina","9":"pa_braslet-otel-inoxidabil","10":"pa_corpus-36-mm","11":"pa_decor-cristale-swarowski","12":"pa_forma-rotund","13":"pa_funcii-cronograf","14":"pa_garatia-24-luni","15":"pa_korpus-argintiu","16":"pa_kvarc-quartz","17":"pa_material-otel-inoxidabil","18":"pa_mehanizm-quartz","19":"pa_remeshok-argintiu","20":"pa_steklo-cristal-mineral","21":"pa_strana-spania","22":"pa_voda-10-atm","24":"first","25":"instock","26":"purchasable","27":"product-type-simple"},"acf":[],"_links":{"self":[{"href":"https:\/\/ceasuri.md\/ru\/wp-json\/wp\/v2\/product\/37351","targetHints":{"allow":["GET"]}}],"collection":[{"href":"https:\/\/ceasuri.md\/ru\/wp-json\/wp\/v2\/product"}],"about":[{"href":"https:\/\/ceasuri.md\/ru\/wp-json\/wp\/v2\/types\/product"}],"replies":[{"embeddable":true,"href":"https:\/\/ceasuri.md\/ru\/wp-json\/wp\/v2\/comments?post=37351"}],"wp:featuredmedia":[{"embeddable":true,"href":"https:\/\/ceasuri.md\/ru\/wp-json\/wp\/v2\/media\/37352"}],"wp:attachment":[{"href":"https:\/\/ceasuri.md\/ru\/wp-json\/wp\/v2\/media?parent=37351"}],"wp:term":[{"taxonomy":"product_brand","embeddable":true,"href":"https:\/\/ceasuri.md\/ru\/wp-json\/wp\/v2\/product_brand?post=37351"},{"taxonomy":"product_cat","embeddable":true,"href":"https:\/\/ceasuri.md\/ru\/wp-json\/wp\/v2\/product_cat?post=37351"},{"taxonomy":"product_tag","embeddable":true,"href":"https:\/\/ceasuri.md\/ru\/wp-json\/wp\/v2\/product_tag?post=37351"}],"curies":[{"name":"wp","href":"https:\/\/api.w.org\/{rel}","templated":true}]}}