{"id":37344,"date":"2026-04-02T21:09:15","date_gmt":"2026-04-02T18:09:15","guid":{"rendered":"http:\/\/new.ceasuri.md\/shop\/uncategorized\/festina-newness-f20390-1\/"},"modified":"2026-04-20T00:21:15","modified_gmt":"2026-04-19T21:21:15","slug":"festina-newness-f20390-1","status":"publish","type":"product","link":"https:\/\/ceasuri.md\/ru\/shop\/branduri\/festina\/festina-newness-f20390-1\/","title":{"rendered":"\u0427\u0430\u0441\u044b FESTINA NEWNESS F20390\/1"},"content":{"rendered":"<p>Ceasul frumos, decorat cu lunete de cristal, va completa o \u021binut\u0103 elegant\u0103, ad\u0103ug\u00e2nd o not\u0103 de feminitate \u0219i farmec.<\/p>\n<p>Marca Festina s-a n\u0103scut \u00een 1902 \u00een La Chaux-de-Fonds, un ora\u0219 din vestul Elve\u021biei. Numele Festina provine din proverbul latin &#8222;Festina lente!&#8221;, care se traduce prin &#8222;gr\u0103be\u0219te-te \u00eencet&#8221;. Acest motto a r\u0103mas la brand, care a fost asociat de atunci cu ceasuri de \u00eencredere.<\/p>\n<p>Mi\u0219c\u0103rile pentru cronografele Festina sunt fabricate \u00een Elve\u021bia, Spania \u0219i Japonia, iar ceasurile sunt asamblate \u00een Europa.<\/p>\n<p>Cump\u0103r\u0103torii s-au obi\u0219nuit cu faptul c\u0103 portofoliul s\u0103u include nu numai produse de calitate, ci \u0219i modele interesante care vor atrage aten\u021bia \u0219i vor \u00eenc\u00e2nta \u00een fiecare zi prin detalii.<\/p>\n<p>Festina este un brand recunoscut pe scar\u0103 larg\u0103 pentru angajamentul s\u0103u fa\u021b\u0103 de sport, inclusiv fa\u021b\u0103 de ciclism. \u00cen plus fa\u021b\u0103 de m\u0103surarea profesional\u0103 a timpului, produc\u0103torul comercializeaz\u0103 edi\u021bii speciale \u0219i limitate dedicate unor evenimente precum Tour de France, Giro de Italia \u0219i La Vuelta a Espana. Campania &#8222;Time To Live&#8221; a fost lansat\u0103 recent cu Gerard Butler, av\u00e2nd \u00een vedere leg\u0103turile brandului cu lumea sportului.<\/p>","protected":false},"excerpt":{"rendered":"<p>Ceasul frumos, decorat cu lunete de cristal, va completa o \u021binut\u0103 elegant\u0103, ad\u0103ug\u00e2nd o not\u0103 de feminitate \u0219i farmec. Marca Festina s-a n\u0103scut \u00een 1902 \u00een La Chaux-de-Fonds, un ora\u0219 din vestul Elve\u021biei. Numele Festina provine din proverbul latin &#8222;Festina lente!&#8221;, care se traduce prin &#8222;gr\u0103be\u0219te-te \u00eencet&#8221;. Acest motto a r\u0103mas la brand, care a [&hellip;]<\/p>\n","protected":false},"featured_media":37345,"comment_status":"closed","ping_status":"open","template":"","meta":{"_acf_changed":false},"product_brand":[],"product_cat":[25,587],"product_tag":[],"class_list":{"0":"post-37344","1":"product","2":"type-product","3":"status-publish","4":"has-post-thumbnail","6":"product_cat-ceasuri-dama","7":"product_cat-festina","8":"pa_brand-festina","9":"pa_braslet-piele","10":"pa_corpus-31-mm","11":"pa_decor-cristale-swarowski","12":"pa_forma-rotund","13":"pa_garatia-24-luni","14":"pa_korpus-roz-gold","15":"pa_kvarc-quartz","16":"pa_material-otel-inoxidabil","17":"pa_mehanizm-quartz","18":"pa_remeshok-roz","19":"pa_steklo-cristal-mineral","20":"pa_strana-spania","21":"pa_voda-5-atm","23":"first","24":"instock","25":"purchasable","26":"product-type-simple"},"acf":[],"_links":{"self":[{"href":"https:\/\/ceasuri.md\/ru\/wp-json\/wp\/v2\/product\/37344","targetHints":{"allow":["GET"]}}],"collection":[{"href":"https:\/\/ceasuri.md\/ru\/wp-json\/wp\/v2\/product"}],"about":[{"href":"https:\/\/ceasuri.md\/ru\/wp-json\/wp\/v2\/types\/product"}],"replies":[{"embeddable":true,"href":"https:\/\/ceasuri.md\/ru\/wp-json\/wp\/v2\/comments?post=37344"}],"wp:featuredmedia":[{"embeddable":true,"href":"https:\/\/ceasuri.md\/ru\/wp-json\/wp\/v2\/media\/37345"}],"wp:attachment":[{"href":"https:\/\/ceasuri.md\/ru\/wp-json\/wp\/v2\/media?parent=37344"}],"wp:term":[{"taxonomy":"product_brand","embeddable":true,"href":"https:\/\/ceasuri.md\/ru\/wp-json\/wp\/v2\/product_brand?post=37344"},{"taxonomy":"product_cat","embeddable":true,"href":"https:\/\/ceasuri.md\/ru\/wp-json\/wp\/v2\/product_cat?post=37344"},{"taxonomy":"product_tag","embeddable":true,"href":"https:\/\/ceasuri.md\/ru\/wp-json\/wp\/v2\/product_tag?post=37344"}],"curies":[{"name":"wp","href":"https:\/\/api.w.org\/{rel}","templated":true}]}}