{"id":37324,"date":"2026-04-02T21:09:15","date_gmt":"2026-04-02T18:09:15","guid":{"rendered":"http:\/\/new.ceasuri.md\/shop\/uncategorized\/festina-prestige-f20363-1\/"},"modified":"2026-04-20T00:20:56","modified_gmt":"2026-04-19T21:20:56","slug":"festina-prestige-f20363-1","status":"publish","type":"product","link":"https:\/\/ceasuri.md\/ru\/shop\/branduri\/festina\/festina-prestige-f20363-1\/","title":{"rendered":"\u0427\u0430\u0441\u044b FESTINA PRESTIGE F20363\/1"},"content":{"rendered":"<p>Acest ceas este conceput pentru cei care pre\u021buiesc fiecare secund\u0103 din timpul lor.<\/p>\n<p>Ceas cronograf cu cronometru. Format de timp de 12 \u0219i 24 de ore.<\/p>\n<p>Fereastr\u0103 pentru dat\u0103. Luneta rotativ\u0103.<\/p>\n<p>Coroan\u0103 canelat\u0103 cu protec\u021bie. Br\u0103\u021bar\u0103 cu \u00eenchidere mobil\u0103. \u00cencuietoare cu sistem de blocare.<\/p>","protected":false},"excerpt":{"rendered":"<p>Acest ceas este conceput pentru cei care pre\u021buiesc fiecare secund\u0103 din timpul lor. Ceas cronograf cu cronometru. Format de timp de 12 \u0219i 24 de ore. Fereastr\u0103 pentru dat\u0103. Luneta rotativ\u0103. Coroan\u0103 canelat\u0103 cu protec\u021bie. Br\u0103\u021bar\u0103 cu \u00eenchidere mobil\u0103. \u00cencuietoare cu sistem de blocare.<\/p>","protected":false},"featured_media":37325,"comment_status":"closed","ping_status":"open","template":"","meta":{"_acf_changed":false},"product_brand":[],"product_cat":[20,587],"product_tag":[],"class_list":{"0":"post-37324","1":"product","2":"type-product","3":"status-publish","4":"has-post-thumbnail","6":"product_cat-ceasuri-barbati","7":"product_cat-festina","8":"pa_brand-festina","9":"pa_braslet-otel-inoxidabil","10":"pa_corpus-44-mm","11":"pa_forma-rotund","12":"pa_funcii-cronograf","13":"pa_funcii-data","14":"pa_garatia-24-luni","15":"pa_korpus-argintiu","16":"pa_kvarc-quartz","17":"pa_material-otel-inoxidabil","18":"pa_mehanizm-quartz","19":"pa_remeshok-bicolor","20":"pa_steklo-cristal-mineral","21":"pa_strana-spania","22":"pa_voda-10-atm","24":"first","25":"instock","26":"purchasable","27":"product-type-simple"},"acf":[],"_links":{"self":[{"href":"https:\/\/ceasuri.md\/ru\/wp-json\/wp\/v2\/product\/37324","targetHints":{"allow":["GET"]}}],"collection":[{"href":"https:\/\/ceasuri.md\/ru\/wp-json\/wp\/v2\/product"}],"about":[{"href":"https:\/\/ceasuri.md\/ru\/wp-json\/wp\/v2\/types\/product"}],"replies":[{"embeddable":true,"href":"https:\/\/ceasuri.md\/ru\/wp-json\/wp\/v2\/comments?post=37324"}],"wp:featuredmedia":[{"embeddable":true,"href":"https:\/\/ceasuri.md\/ru\/wp-json\/wp\/v2\/media\/37325"}],"wp:attachment":[{"href":"https:\/\/ceasuri.md\/ru\/wp-json\/wp\/v2\/media?parent=37324"}],"wp:term":[{"taxonomy":"product_brand","embeddable":true,"href":"https:\/\/ceasuri.md\/ru\/wp-json\/wp\/v2\/product_brand?post=37324"},{"taxonomy":"product_cat","embeddable":true,"href":"https:\/\/ceasuri.md\/ru\/wp-json\/wp\/v2\/product_cat?post=37324"},{"taxonomy":"product_tag","embeddable":true,"href":"https:\/\/ceasuri.md\/ru\/wp-json\/wp\/v2\/product_tag?post=37324"}],"curies":[{"name":"wp","href":"https:\/\/api.w.org\/{rel}","templated":true}]}}