{"id":37322,"date":"2026-04-02T21:09:15","date_gmt":"2026-04-02T18:09:15","guid":{"rendered":"http:\/\/new.ceasuri.md\/shop\/uncategorized\/festina-prestige-f20362-1\/"},"modified":"2026-04-20T00:20:56","modified_gmt":"2026-04-19T21:20:56","slug":"festina-prestige-f20362-1","status":"publish","type":"product","link":"https:\/\/ceasuri.md\/ru\/shop\/branduri\/festina\/festina-prestige-f20362-1\/","title":{"rendered":"\u0427\u0430\u0441\u044b FESTINA PRESTIGE F20362\/1"},"content":{"rendered":"<p>Colec\u021bia, care a devenit un simbol al m\u0103rcii \u0219i este purtat\u0103 cu m\u00e2ndrie de ambasadorul s\u0103u, actorul Gerard Butler, a evoluat de-a lungul anilor pentru a \u021bine pasul cu ultimele tendin\u021be. Aceasta ofer\u0103 ceasuri exclusiviste caracterizate de un design sofisticat \u0219i finisaje care vor fi pe placul b\u0103rba\u021bilor care apreciaz\u0103 raportul calitate-pre\u021b perfect.<\/p>\n<p>Carcas\u0103 rotund\u0103 din o\u021bel inoxidabil. Cadranul este decorat cu un model decorativ de dungi orizontale.<\/p>\n<p>Fereastr\u0103 pentru dat\u0103 cu lup\u0103 la ora 3. M\u00e2ini \u0219i indicatoare cu strat luminiscent care str\u0103lucesc \u00een \u00eentuneric dup\u0103 o scurt\u0103 \u00eenc\u0103rcare \u00een lumin\u0103.<\/p>\n<p>Luneta rotativ\u0103. Coroan\u0103 canelat\u0103 cu protec\u021bie. Br\u0103\u021bar\u0103 robust\u0103 din o\u021bel cu \u00eenchidere deployant\u0103. \u00cenchiz\u0103toare cu sistem de blocare.<\/p>","protected":false},"excerpt":{"rendered":"<p>Colec\u021bia, care a devenit un simbol al m\u0103rcii \u0219i este purtat\u0103 cu m\u00e2ndrie de ambasadorul s\u0103u, actorul Gerard Butler, a evoluat de-a lungul anilor pentru a \u021bine pasul cu ultimele tendin\u021be. Aceasta ofer\u0103 ceasuri exclusiviste caracterizate de un design sofisticat \u0219i finisaje care vor fi pe placul b\u0103rba\u021bilor care apreciaz\u0103 raportul calitate-pre\u021b perfect. Carcas\u0103 rotund\u0103 [&hellip;]<\/p>\n","protected":false},"featured_media":37323,"comment_status":"closed","ping_status":"open","template":"","meta":{"_acf_changed":false},"product_brand":[],"product_cat":[20,587],"product_tag":[],"class_list":{"0":"post-37322","1":"product","2":"type-product","3":"status-publish","4":"has-post-thumbnail","6":"product_cat-ceasuri-barbati","7":"product_cat-festina","8":"pa_brand-festina","9":"pa_braslet-otel-inoxidabil","10":"pa_corpus-44-mm","11":"pa_forma-rotund","12":"pa_funcii-data","13":"pa_garatia-24-luni","14":"pa_korpus-argintiu","15":"pa_kvarc-quartz","16":"pa_material-otel-inoxidabil","17":"pa_mehanizm-quartz","18":"pa_remeshok-bicolor","19":"pa_steklo-cristal-mineral","20":"pa_strana-spania","21":"pa_voda-10-atm","23":"first","24":"instock","25":"purchasable","26":"product-type-simple"},"acf":[],"_links":{"self":[{"href":"https:\/\/ceasuri.md\/ru\/wp-json\/wp\/v2\/product\/37322","targetHints":{"allow":["GET"]}}],"collection":[{"href":"https:\/\/ceasuri.md\/ru\/wp-json\/wp\/v2\/product"}],"about":[{"href":"https:\/\/ceasuri.md\/ru\/wp-json\/wp\/v2\/types\/product"}],"replies":[{"embeddable":true,"href":"https:\/\/ceasuri.md\/ru\/wp-json\/wp\/v2\/comments?post=37322"}],"wp:featuredmedia":[{"embeddable":true,"href":"https:\/\/ceasuri.md\/ru\/wp-json\/wp\/v2\/media\/37323"}],"wp:attachment":[{"href":"https:\/\/ceasuri.md\/ru\/wp-json\/wp\/v2\/media?parent=37322"}],"wp:term":[{"taxonomy":"product_brand","embeddable":true,"href":"https:\/\/ceasuri.md\/ru\/wp-json\/wp\/v2\/product_brand?post=37322"},{"taxonomy":"product_cat","embeddable":true,"href":"https:\/\/ceasuri.md\/ru\/wp-json\/wp\/v2\/product_cat?post=37322"},{"taxonomy":"product_tag","embeddable":true,"href":"https:\/\/ceasuri.md\/ru\/wp-json\/wp\/v2\/product_tag?post=37322"}],"curies":[{"name":"wp","href":"https:\/\/api.w.org\/{rel}","templated":true}]}}