{"id":37269,"date":"2021-11-30T21:55:00","date_gmt":"2021-11-30T19:55:00","guid":{"rendered":"http:\/\/new.ceasuri.md\/shop\/uncategorized\/festina-retro-f16822-5\/"},"modified":"2026-05-01T15:35:18","modified_gmt":"2026-05-01T12:35:18","slug":"festina-retro-f16822-5","status":"publish","type":"product","link":"https:\/\/ceasuri.md\/ru\/shop\/branduri\/festina\/festina-retro-f16822-5\/","title":{"rendered":"\u0427\u0430\u0441\u044b FESTINA RETRO F16822\/5"},"content":{"rendered":"<p>Designul trendy al acestui accesoriu pentru b\u0103rba\u021bi v\u0103 va face s\u0103 v\u0103 schimba\u021bi modul \u00een care v\u0103 g\u00e2ndi\u021bi la aspectul dvs. de zi cu zi.<\/p>\n<p>Format de timp de 12 \u0219i 24 de ore.<\/p>\n<p>Indicator retrograd al zilei s\u0103pt\u0103m\u00e2nii.<\/p>\n<p>Br\u0103\u021bar\u0103 cu \u00eenchidere pliabil\u0103.<\/p>","protected":false},"excerpt":{"rendered":"<p>Designul trendy al acestui accesoriu pentru b\u0103rba\u021bi v\u0103 va face s\u0103 v\u0103 schimba\u021bi modul \u00een care v\u0103 g\u00e2ndi\u021bi la aspectul dvs. de zi cu zi. Format de timp de 12 \u0219i 24 de ore. Indicator retrograd al zilei s\u0103pt\u0103m\u00e2nii. Br\u0103\u021bar\u0103 cu \u00eenchidere pliabil\u0103.<\/p>","protected":false},"featured_media":37270,"comment_status":"closed","ping_status":"open","template":"","meta":{"_acf_changed":false},"product_brand":[],"product_cat":[20,587],"product_tag":[],"class_list":{"0":"post-37269","1":"product","2":"type-product","3":"status-publish","4":"has-post-thumbnail","6":"product_cat-ceasuri-barbati","7":"product_cat-festina","8":"pa_brand-festina","9":"pa_braslet-otel-inoxidabil","10":"pa_corpus-43-mm","11":"pa_forma-rotund","12":"pa_funcii-data","13":"pa_funcii-ziua-saptamanii","14":"pa_garatia-24-luni","15":"pa_korpus-argintiu","16":"pa_kvarc-quartz","17":"pa_material-otel-inoxidabil","18":"pa_mehanizm-quartz","19":"pa_remeshok-argintiu","20":"pa_steklo-cristal-mineral","21":"pa_strana-spania","22":"pa_voda-5-atm","24":"first","25":"instock","26":"purchasable","27":"product-type-simple"},"acf":[],"_links":{"self":[{"href":"https:\/\/ceasuri.md\/ru\/wp-json\/wp\/v2\/product\/37269","targetHints":{"allow":["GET"]}}],"collection":[{"href":"https:\/\/ceasuri.md\/ru\/wp-json\/wp\/v2\/product"}],"about":[{"href":"https:\/\/ceasuri.md\/ru\/wp-json\/wp\/v2\/types\/product"}],"replies":[{"embeddable":true,"href":"https:\/\/ceasuri.md\/ru\/wp-json\/wp\/v2\/comments?post=37269"}],"wp:featuredmedia":[{"embeddable":true,"href":"https:\/\/ceasuri.md\/ru\/wp-json\/wp\/v2\/media\/37270"}],"wp:attachment":[{"href":"https:\/\/ceasuri.md\/ru\/wp-json\/wp\/v2\/media?parent=37269"}],"wp:term":[{"taxonomy":"product_brand","embeddable":true,"href":"https:\/\/ceasuri.md\/ru\/wp-json\/wp\/v2\/product_brand?post=37269"},{"taxonomy":"product_cat","embeddable":true,"href":"https:\/\/ceasuri.md\/ru\/wp-json\/wp\/v2\/product_cat?post=37269"},{"taxonomy":"product_tag","embeddable":true,"href":"https:\/\/ceasuri.md\/ru\/wp-json\/wp\/v2\/product_tag?post=37269"}],"curies":[{"name":"wp","href":"https:\/\/api.w.org\/{rel}","templated":true}]}}