{"id":37227,"date":"2026-04-02T21:08:03","date_gmt":"2026-04-02T18:08:03","guid":{"rendered":"http:\/\/new.ceasuri.md\/shop\/uncategorized\/edox-delfin-53015-357buca-aibu\/"},"modified":"2026-04-17T13:23:35","modified_gmt":"2026-04-17T10:23:35","slug":"edox-delfin-53015-357buca-aibu","status":"publish","type":"product","link":"https:\/\/ceasuri.md\/ru\/shop\/branduri\/edox\/edox-delfin-53015-357buca-aibu\/","title":{"rendered":"Ceas EDOX DELFIN 53015-357BUCA-AIBU"},"content":{"rendered":"<p><a href=\"https:\/\/ceasuri.md\/wp-content\/uploads\/2021\/10\/delfin.png\"><img loading=\"lazy\" decoding=\"async\" class=\"alignnone size-full wp-image-40064\" src=\"https:\/\/ceasuri.md\/wp-content\/uploads\/2021\/10\/delfin.png\" alt=\"\" width=\"1826\" height=\"584\" \/><\/a><\/p>\n<p>Delfin avea s\u0103 fie primul dintre numeroasele modele Edox adaptate \u00een special sporturilor marine, precum naviga\u021bia, scufund\u0103rile sau b\u0103rcile cu motor.<\/p>\n<p>Edox a stabilit noi standarde \u00een 1965 cu modelul Hydrosub, rezistent la ap\u0103 p\u00e2n\u0103 la 500 de metri, \u0219i a continuat s\u0103 v\u00e2nd\u0103 modele Delfin p\u00e2n\u0103 \u00een anii 1980.<\/p>\n<p>\u00cen 2013, Edox a re\u00eenviat modelul Delfin, p\u0103str\u00e2nd spiritul modelului original \u00eentr-o carcas\u0103 retro clasic\u0103, dar \u0219i baz\u00e2ndu-se pe o experien\u021b\u0103 de peste 50 de ani \u00een domeniul ceasurilor impermeabile.<\/p>","protected":false},"excerpt":{"rendered":"<p>Delfin avea s\u0103 fie primul dintre numeroasele modele Edox adaptate \u00een special sporturilor marine, precum naviga\u021bia, scufund\u0103rile sau b\u0103rcile cu motor. Edox a stabilit noi standarde \u00een 1965 cu modelul Hydrosub, rezistent la ap\u0103 p\u00e2n\u0103 la 500 de metri, \u0219i a continuat s\u0103 v\u00e2nd\u0103 modele Delfin p\u00e2n\u0103 \u00een anii 1980. \u00cen 2013, Edox a re\u00eenviat [&hellip;]<\/p>\n","protected":false},"featured_media":37228,"comment_status":"closed","ping_status":"open","template":"","meta":{"_acf_changed":false},"product_brand":[],"product_cat":[20,107],"product_tag":[],"class_list":{"0":"post-37227","1":"product","2":"type-product","3":"status-publish","4":"has-post-thumbnail","6":"product_cat-ceasuri-barbati","7":"product_cat-edox","8":"pa_brand-edox","9":"pa_braslet-otel-inoxidabil","10":"pa_corpus-43-mm","11":"pa_forma-rotund","12":"pa_funcii-data","13":"pa_garatia-24-luni","14":"pa_korpus-argintiu","15":"pa_kvarc-quartz","16":"pa_material-cauciuc","17":"pa_mehanizm-quartz","18":"pa_remeshok-albastru-inchis","19":"pa_steklo-cristal-safir","20":"pa_strana-elvetia","21":"pa_voda-30-atm","23":"first","24":"instock","25":"purchasable","26":"product-type-simple"},"acf":[],"_links":{"self":[{"href":"https:\/\/ceasuri.md\/ru\/wp-json\/wp\/v2\/product\/37227","targetHints":{"allow":["GET"]}}],"collection":[{"href":"https:\/\/ceasuri.md\/ru\/wp-json\/wp\/v2\/product"}],"about":[{"href":"https:\/\/ceasuri.md\/ru\/wp-json\/wp\/v2\/types\/product"}],"replies":[{"embeddable":true,"href":"https:\/\/ceasuri.md\/ru\/wp-json\/wp\/v2\/comments?post=37227"}],"wp:featuredmedia":[{"embeddable":true,"href":"https:\/\/ceasuri.md\/ru\/wp-json\/wp\/v2\/media\/37228"}],"wp:attachment":[{"href":"https:\/\/ceasuri.md\/ru\/wp-json\/wp\/v2\/media?parent=37227"}],"wp:term":[{"taxonomy":"product_brand","embeddable":true,"href":"https:\/\/ceasuri.md\/ru\/wp-json\/wp\/v2\/product_brand?post=37227"},{"taxonomy":"product_cat","embeddable":true,"href":"https:\/\/ceasuri.md\/ru\/wp-json\/wp\/v2\/product_cat?post=37227"},{"taxonomy":"product_tag","embeddable":true,"href":"https:\/\/ceasuri.md\/ru\/wp-json\/wp\/v2\/product_tag?post=37227"}],"curies":[{"name":"wp","href":"https:\/\/api.w.org\/{rel}","templated":true}]}}