{"id":37164,"date":"2026-04-02T21:07:28","date_gmt":"2026-04-02T18:07:28","guid":{"rendered":"http:\/\/new.ceasuri.md\/shop\/uncategorized\/skagen-ellen-skj1040791\/"},"modified":"2026-04-20T00:54:25","modified_gmt":"2026-04-19T21:54:25","slug":"skagen-ellen-skj1040791","status":"publish","type":"product","link":"https:\/\/ceasuri.md\/ru\/shop\/accesorii\/accesorii-dama\/coliere\/skagen-ellen-skj1040791\/","title":{"rendered":"SKAGEN ELLEN SKJ1040791"},"content":{"rendered":"<p>Brandul SKAGEN a fost inspirat de ora\u0219ul de coast\u0103 danez, de la care au \u00eemprumutat nu doar numele, ci \u0219i spiritul cald \u0219i atitudinea minimalist\u0103.  Cheia pentru simplitate este de a surprinde doar ceea ce conteaz\u0103 cu adev\u0103rat, \u00eentr-un mod simplu \u0219i superb.<\/p>\n<p>SKAGEN este foarte pasionat de design. Produsele lor trebuie s\u0103 arate atractiv \u00een orice moment al zilei, oriunde \u00een lume, ast\u0103zi \u0219i peste 10 ani.<\/p>\n<p>Simplitatea nu este doar frumoas\u0103. Este universal\u0103.<\/p>","protected":false},"excerpt":{"rendered":"<p>Brandul SKAGEN a fost inspirat de ora\u0219ul de coast\u0103 danez, de la care au \u00eemprumutat nu doar numele, ci \u0219i spiritul cald \u0219i atitudinea minimalist\u0103. Cheia pentru simplitate este de a surprinde doar ceea ce conteaz\u0103 cu adev\u0103rat, \u00eentr-un mod simplu \u0219i superb. SKAGEN este foarte pasionat de design. Produsele lor trebuie s\u0103 arate atractiv [&hellip;]<\/p>\n","protected":false},"featured_media":37165,"comment_status":"closed","ping_status":"open","template":"","meta":{"_acf_changed":false},"product_brand":[],"product_cat":[583,297],"product_tag":[],"class_list":{"0":"post-37164","1":"product","2":"type-product","3":"status-publish","4":"has-post-thumbnail","6":"product_cat-coliere","7":"product_cat-skagen","8":"pa_brand-skagen","9":"pa_braslet-otel-inoxidabil","10":"pa_corpus-60cm","11":"pa_decor-onix","12":"pa_korpus-roz-gold","13":"pa_strana-danemarca","15":"first","16":"instock","17":"purchasable","18":"product-type-simple"},"acf":[],"_links":{"self":[{"href":"https:\/\/ceasuri.md\/ru\/wp-json\/wp\/v2\/product\/37164","targetHints":{"allow":["GET"]}}],"collection":[{"href":"https:\/\/ceasuri.md\/ru\/wp-json\/wp\/v2\/product"}],"about":[{"href":"https:\/\/ceasuri.md\/ru\/wp-json\/wp\/v2\/types\/product"}],"replies":[{"embeddable":true,"href":"https:\/\/ceasuri.md\/ru\/wp-json\/wp\/v2\/comments?post=37164"}],"wp:featuredmedia":[{"embeddable":true,"href":"https:\/\/ceasuri.md\/ru\/wp-json\/wp\/v2\/media\/37165"}],"wp:attachment":[{"href":"https:\/\/ceasuri.md\/ru\/wp-json\/wp\/v2\/media?parent=37164"}],"wp:term":[{"taxonomy":"product_brand","embeddable":true,"href":"https:\/\/ceasuri.md\/ru\/wp-json\/wp\/v2\/product_brand?post=37164"},{"taxonomy":"product_cat","embeddable":true,"href":"https:\/\/ceasuri.md\/ru\/wp-json\/wp\/v2\/product_cat?post=37164"},{"taxonomy":"product_tag","embeddable":true,"href":"https:\/\/ceasuri.md\/ru\/wp-json\/wp\/v2\/product_tag?post=37164"}],"curies":[{"name":"wp","href":"https:\/\/api.w.org\/{rel}","templated":true}]}}