{"id":37083,"date":"2026-04-02T21:06:51","date_gmt":"2026-04-02T18:06:51","guid":{"rendered":"http:\/\/new.ceasuri.md\/shop\/uncategorized\/edox-chronorally-38001-tinnbuf3-buf3\/"},"modified":"2026-04-20T00:19:06","modified_gmt":"2026-04-19T21:19:06","slug":"edox-chronorally-38001-tinnbuf3-buf3","status":"publish","type":"product","link":"https:\/\/ceasuri.md\/ru\/shop\/branduri\/edox\/edox-chronorally-38001-tinnbuf3-buf3\/","title":{"rendered":"\u0427\u0430\u0441\u044b EDOX CHRONORALLY 38001-TINNBUF3-BUF3"},"content":{"rendered":"<p dir=\"ltr\"><a href=\"https:\/\/ceasuri.md\/wp-content\/uploads\/2021\/10\/chronorally.png\"><img loading=\"lazy\" decoding=\"async\" class=\"alignnone size-full wp-image-40066\" src=\"https:\/\/ceasuri.md\/wp-content\/uploads\/2021\/10\/chronorally.png\" alt=\"\" width=\"1770\" height=\"514\" \/><\/a><\/p>\n<p>Ceasul b\u0103rb\u0103tesc cu cuar\u021b de la produc\u0103torul elve\u021bian Edox este un cronograf sportiv de lux.<\/p>\n<p>Edox a devenit cronometristul oficial al Campionatului Mondial FIA de Rallycross. Ca parte a parteneriatului pe termen lung, Edox a lansat noul Chronorally, un cronograf cu cuar\u021b \u00eentr-o carcas\u0103 din titan de 48 mm.<\/p>\n<p>Modulul cu cuar\u021b Ronda Mastertech ofer\u0103 o func\u021bie de cronograf cu o precizie de 1\/10 de secund\u0103, are o dat\u0103 mare \u0219i un indicator retrograd al zilei s\u0103pt\u0103m\u00e2nii. Cristal safir cu strat antireflex.<\/p>\n<p>Acest ceas de curse este completat de o curea din cauciuc \u00een form\u0103 de band\u0103 de rulare a unei ma\u0219ini de curse \u00een albastru \u0219i albastru cu o cataram\u0103 din titan.<\/p>\n<p>Rezisten\u021ba la ap\u0103 a acestui ceas ajunge la 100 de metri, ceea ce v\u0103 va permite s\u0103 \u00eenota\u021bi f\u0103r\u0103 s\u0103-l scoate\u021bi.<\/p>\n<p>Stratul luminescent de pe m\u00e2ini \u0219i indicatoare ofer\u0103 o str\u0103lucire de lung\u0103 durat\u0103 \u00een \u00eentuneric.<\/p>\n<p>Cadranul negru are indicatoare orare, dat\u0103 mare, ziua s\u0103pt\u0103m\u00e2nii, subcadrane cronograf \u0219i scal\u0103 tahimetric\u0103.<\/p>\n<p>Colec\u021bia Edox Chronorally este conceput\u0103 pentru a rezista celor mai extreme condi\u021bii de curs\u0103.<\/p>","protected":false},"excerpt":{"rendered":"<p>Ceasul b\u0103rb\u0103tesc cu cuar\u021b de la produc\u0103torul elve\u021bian Edox este un cronograf sportiv de lux. Edox a devenit cronometristul oficial al Campionatului Mondial FIA de Rallycross. Ca parte a parteneriatului pe termen lung, Edox a lansat noul Chronorally, un cronograf cu cuar\u021b \u00eentr-o carcas\u0103 din titan de 48 mm. Modulul cu cuar\u021b Ronda Mastertech ofer\u0103 [&hellip;]<\/p>\n","protected":false},"featured_media":37084,"comment_status":"closed","ping_status":"open","template":"","meta":{"_acf_changed":false},"product_brand":[],"product_cat":[20,106,107],"product_tag":[],"class_list":{"0":"post-37083","1":"product","2":"type-product","3":"status-publish","4":"has-post-thumbnail","6":"product_cat-ceasuri-barbati","7":"product_cat-ceasuri-premium","8":"product_cat-edox","9":"pa_brand-edox","10":"pa_braslet-cauciuc","11":"pa_corpus-48-mm","12":"pa_forma-rotund","13":"pa_funcii-cronograf","14":"pa_funcii-data","15":"pa_funcii-tahimetru","16":"pa_funcii-ziua-saptamanii","17":"pa_garatia-24-luni","18":"pa_korpus-negru","19":"pa_kvarc-quartz","20":"pa_material-titan","21":"pa_mehanizm-quartz","22":"pa_remeshok-albastru-inchis","23":"pa_steklo-cristal-safir","24":"pa_strana-elvetia","25":"pa_voda-10-atm","27":"first","28":"instock","29":"purchasable","30":"product-type-simple"},"acf":[],"_links":{"self":[{"href":"https:\/\/ceasuri.md\/ru\/wp-json\/wp\/v2\/product\/37083","targetHints":{"allow":["GET"]}}],"collection":[{"href":"https:\/\/ceasuri.md\/ru\/wp-json\/wp\/v2\/product"}],"about":[{"href":"https:\/\/ceasuri.md\/ru\/wp-json\/wp\/v2\/types\/product"}],"replies":[{"embeddable":true,"href":"https:\/\/ceasuri.md\/ru\/wp-json\/wp\/v2\/comments?post=37083"}],"wp:featuredmedia":[{"embeddable":true,"href":"https:\/\/ceasuri.md\/ru\/wp-json\/wp\/v2\/media\/37084"}],"wp:attachment":[{"href":"https:\/\/ceasuri.md\/ru\/wp-json\/wp\/v2\/media?parent=37083"}],"wp:term":[{"taxonomy":"product_brand","embeddable":true,"href":"https:\/\/ceasuri.md\/ru\/wp-json\/wp\/v2\/product_brand?post=37083"},{"taxonomy":"product_cat","embeddable":true,"href":"https:\/\/ceasuri.md\/ru\/wp-json\/wp\/v2\/product_cat?post=37083"},{"taxonomy":"product_tag","embeddable":true,"href":"https:\/\/ceasuri.md\/ru\/wp-json\/wp\/v2\/product_tag?post=37083"}],"curies":[{"name":"wp","href":"https:\/\/api.w.org\/{rel}","templated":true}]}}