{"id":37075,"date":"2026-04-02T21:06:51","date_gmt":"2026-04-02T18:06:51","guid":{"rendered":"http:\/\/new.ceasuri.md\/shop\/uncategorized\/edox-delfin-mecano-85303-3m-buigb\/"},"modified":"2026-04-20T00:19:47","modified_gmt":"2026-04-19T21:19:47","slug":"edox-delfin-mecano-85303-3m-buigb","status":"publish","type":"product","link":"https:\/\/ceasuri.md\/ru\/shop\/branduri\/edox\/edox-delfin-mecano-85303-3m-buigb\/","title":{"rendered":"Ceas EDOX DELFIN MECANO 85303-3M-BUIGB"},"content":{"rendered":"<p><a href=\"https:\/\/ceasuri.md\/wp-content\/uploads\/2021\/10\/delfin.png\"><img loading=\"lazy\" decoding=\"async\" class=\"alignnone size-full wp-image-40064\" src=\"https:\/\/ceasuri.md\/wp-content\/uploads\/2021\/10\/delfin.png\" alt=\"\" width=\"1826\" height=\"584\" \/><\/a><\/p>\n<p>\u00cen urm\u0103 cu peste \u0219aizeci de ani, Edox a lansat modelul de scafandru Delfin, cu carcas\u0103 ranforsat\u0103, garnituri O-ring duble \u0219i coroan\u0103 \u00een\u0219urubat\u0103. Acestea aveau o rezisten\u021b\u0103 la ap\u0103 de 300 de metri \u0219i au primit statutul de &#8222;campion al apei&#8221;.<\/p>\n<p>O nou\u0103 versiune a Delfin Mecano a fost ad\u0103ugat\u0103 colec\u021biei, cu un cadran scheletizat prin care pot fi v\u0103zute mi\u0219c\u0103rile complexe ale calibrului 853.<\/p>\n<p>De-a lungul istoriei sale bogate, modelul Delfin \u0219i-a schimbat aspectul de mai multe ori. Modelul original a fost lansat \u00een 1961 cu un simplu luneta rotund. Iar \u00een 1973 cu un luneta cu 12 fe\u021be care \u00eencadreaz\u0103 un cadran rotund. Acesta a devenit prototipul noului model.<\/p>\n<p>Mi\u0219carea automat\u0103 Calibre 853, bazat\u0103 pe Sellita SW200, func\u021bioneaz\u0103 la o frecven\u021b\u0103 de 4 Hz (28.800 de vibra\u021bii pe or\u0103), cu o rezerv\u0103 de putere de 42 de ore.<\/p>","protected":false},"excerpt":{"rendered":"<p>\u00cen urm\u0103 cu peste \u0219aizeci de ani, Edox a lansat modelul de scafandru Delfin, cu carcas\u0103 ranforsat\u0103, garnituri O-ring duble \u0219i coroan\u0103 \u00een\u0219urubat\u0103. Acestea aveau o rezisten\u021b\u0103 la ap\u0103 de 300 de metri \u0219i au primit statutul de &#8222;campion al apei&#8221;. O nou\u0103 versiune a Delfin Mecano a fost ad\u0103ugat\u0103 colec\u021biei, cu un cadran scheletizat [&hellip;]<\/p>\n","protected":false},"featured_media":37076,"comment_status":"closed","ping_status":"open","template":"","meta":{"_acf_changed":false},"product_brand":[],"product_cat":[20,106,107],"product_tag":[],"class_list":{"0":"post-37075","1":"product","2":"type-product","3":"status-publish","4":"has-post-thumbnail","6":"product_cat-ceasuri-barbati","7":"product_cat-ceasuri-premium","8":"product_cat-edox","9":"pa_brand-edox","10":"pa_braslet-otel-inoxidabil","11":"pa_corpus-43-mm","12":"pa_forma-rotund","13":"pa_funcii-schelet","14":"pa_garatia-24-luni","15":"pa_korpus-argintiu","16":"pa_material-otel-inoxidabil","17":"pa_mehanizm-mecanic","18":"pa_mehanizm-mecanism-automatic","19":"pa_remeshok-argintiu","20":"pa_steklo-cristal-safir","21":"pa_strana-elvetia","22":"pa_voda-20-atm","24":"first","25":"instock","26":"purchasable","27":"product-type-simple"},"acf":[],"_links":{"self":[{"href":"https:\/\/ceasuri.md\/ru\/wp-json\/wp\/v2\/product\/37075","targetHints":{"allow":["GET"]}}],"collection":[{"href":"https:\/\/ceasuri.md\/ru\/wp-json\/wp\/v2\/product"}],"about":[{"href":"https:\/\/ceasuri.md\/ru\/wp-json\/wp\/v2\/types\/product"}],"replies":[{"embeddable":true,"href":"https:\/\/ceasuri.md\/ru\/wp-json\/wp\/v2\/comments?post=37075"}],"wp:featuredmedia":[{"embeddable":true,"href":"https:\/\/ceasuri.md\/ru\/wp-json\/wp\/v2\/media\/37076"}],"wp:attachment":[{"href":"https:\/\/ceasuri.md\/ru\/wp-json\/wp\/v2\/media?parent=37075"}],"wp:term":[{"taxonomy":"product_brand","embeddable":true,"href":"https:\/\/ceasuri.md\/ru\/wp-json\/wp\/v2\/product_brand?post=37075"},{"taxonomy":"product_cat","embeddable":true,"href":"https:\/\/ceasuri.md\/ru\/wp-json\/wp\/v2\/product_cat?post=37075"},{"taxonomy":"product_tag","embeddable":true,"href":"https:\/\/ceasuri.md\/ru\/wp-json\/wp\/v2\/product_tag?post=37075"}],"curies":[{"name":"wp","href":"https:\/\/api.w.org\/{rel}","templated":true}]}}