{"id":36848,"date":"2026-04-02T21:04:29","date_gmt":"2026-04-02T18:04:29","guid":{"rendered":"http:\/\/new.ceasuri.md\/shop\/uncategorized\/fossil-drew-jf02720791\/"},"modified":"2026-04-07T03:41:25","modified_gmt":"2026-04-07T00:41:25","slug":"fossil-drew-jf02720791","status":"publish","type":"product","link":"https:\/\/ceasuri.md\/ru\/shop\/accesorii\/accesorii-dama\/bratari\/fossil-drew-jf02720791\/","title":{"rendered":"FOSSIL DREW JF02720791"},"content":{"rendered":"<p>\u00cen 1984, Fossil a \u00eenceput s\u0103 produc\u0103 bijuterii Fossil. Aceste bijuterii trebuiau s\u0103 fie realizate din materiale naturale \u0219i, pe l\u00e2ng\u0103 un aspect la mod\u0103, trebuiau s\u0103 reflecte \u0219i bijuteriile clasice.<\/p>\n<p>Bijuteriile Fossil sunt f\u0103cute pentru persoanele sensibile la tendin\u021be, care sunt \u00eencrez\u0103toare \u00een via\u021b\u0103 \u0219i \u0219tiu ce \u00ee\u0219i doresc.<\/p>\n<p>Datorit\u0103 viziunii mari asupra viitorului care se poate observa odat\u0103 cu introducerea noilor colec\u021bii Fossil are multe milioane de fani fideli.<\/p>","protected":false},"excerpt":{"rendered":"<p>\u00cen 1984, Fossil a \u00eenceput s\u0103 produc\u0103 bijuterii Fossil. Aceste bijuterii trebuiau s\u0103 fie realizate din materiale naturale \u0219i, pe l\u00e2ng\u0103 un aspect la mod\u0103, trebuiau s\u0103 reflecte \u0219i bijuteriile clasice. Bijuteriile Fossil sunt f\u0103cute pentru persoanele sensibile la tendin\u021be, care sunt \u00eencrez\u0103toare \u00een via\u021b\u0103 \u0219i \u0219tiu ce \u00ee\u0219i doresc. Datorit\u0103 viziunii mari asupra viitorului [&hellip;]<\/p>\n","protected":false},"featured_media":36849,"comment_status":"closed","ping_status":"open","template":"","meta":{"_acf_changed":false},"product_brand":[],"product_cat":[577,396],"product_tag":[],"class_list":{"0":"post-36848","1":"product","2":"type-product","3":"status-publish","4":"has-post-thumbnail","6":"product_cat-bratari","7":"product_cat-fossil","8":"pa_brand-fossil","9":"pa_braslet-otel-inoxidabil","10":"pa_corpus-20-cm","11":"pa_remeshok-roz-gold","12":"pa_strana-sua","14":"first","15":"instock","16":"purchasable","17":"product-type-simple"},"acf":[],"yoast_head":"<!-- This site is optimized with the Yoast SEO plugin v27.3 - https:\/\/yoast.com\/product\/yoast-seo-wordpress\/ -->\n<title>FOSSIL DREW JF02720791 - Cronograf<\/title>\n<meta name=\"robots\" content=\"index, follow, max-snippet:-1, max-image-preview:large, max-video-preview:-1\" \/>\n<link rel=\"canonical\" href=\"https:\/\/ceasuri.md\/ru\/shop\/accesorii\/accesorii-dama\/bratari\/fossil-drew-jf02720791\/\" \/>\n<meta property=\"og:locale\" content=\"ru_RU\" \/>\n<meta property=\"og:type\" content=\"article\" \/>\n<meta property=\"og:title\" content=\"FOSSIL DREW JF02720791 - Cronograf\" \/>\n<meta property=\"og:description\" content=\"\u00cen 1984, Fossil a \u00eenceput s\u0103 produc\u0103 bijuterii Fossil. Aceste bijuterii trebuiau s\u0103 fie realizate din materiale naturale \u0219i, pe l\u00e2ng\u0103 un aspect la mod\u0103, trebuiau s\u0103 reflecte \u0219i bijuteriile clasice. Bijuteriile Fossil sunt f\u0103cute pentru persoanele sensibile la tendin\u021be, care sunt \u00eencrez\u0103toare \u00een via\u021b\u0103 \u0219i \u0219tiu ce \u00ee\u0219i doresc. Datorit\u0103 viziunii mari asupra viitorului [&hellip;]\" \/>\n<meta property=\"og:url\" content=\"https:\/\/ceasuri.md\/ru\/shop\/accesorii\/accesorii-dama\/bratari\/fossil-drew-jf02720791\/\" \/>\n<meta property=\"og:site_name\" content=\"Cronograf\" \/>\n<meta property=\"article:modified_time\" content=\"2026-04-07T00:41:25+00:00\" \/>\n<meta property=\"og:image\" content=\"https:\/\/ceasuri.md\/wp-content\/uploads\/jf02720791s1.png\" \/>\n\t<meta property=\"og:image:width\" content=\"600\" \/>\n\t<meta property=\"og:image:height\" content=\"800\" \/>\n\t<meta property=\"og:image:type\" content=\"image\/png\" \/>\n<meta name=\"twitter:card\" content=\"summary_large_image\" \/>\n<script type=\"application\/ld+json\" class=\"yoast-schema-graph\">{\"@context\":\"https:\\\/\\\/schema.org\",\"@graph\":[{\"@type\":\"WebPage\",\"@id\":\"https:\\\/\\\/ceasuri.md\\\/shop\\\/accesorii\\\/accesorii-dama\\\/bratari\\\/fossil-drew-jf02720791\\\/\",\"url\":\"https:\\\/\\\/ceasuri.md\\\/shop\\\/accesorii\\\/accesorii-dama\\\/bratari\\\/fossil-drew-jf02720791\\\/\",\"name\":\"FOSSIL DREW JF02720791 - Cronograf\",\"isPartOf\":{\"@id\":\"https:\\\/\\\/ceasuri.md\\\/ru\\\/#website\"},\"primaryImageOfPage\":{\"@id\":\"https:\\\/\\\/ceasuri.md\\\/shop\\\/accesorii\\\/accesorii-dama\\\/bratari\\\/fossil-drew-jf02720791\\\/#primaryimage\"},\"image\":{\"@id\":\"https:\\\/\\\/ceasuri.md\\\/shop\\\/accesorii\\\/accesorii-dama\\\/bratari\\\/fossil-drew-jf02720791\\\/#primaryimage\"},\"thumbnailUrl\":\"https:\\\/\\\/ceasuri.md\\\/wp-content\\\/uploads\\\/jf02720791s1.png\",\"datePublished\":\"2026-04-02T18:04:29+00:00\",\"dateModified\":\"2026-04-07T00:41:25+00:00\",\"breadcrumb\":{\"@id\":\"https:\\\/\\\/ceasuri.md\\\/shop\\\/accesorii\\\/accesorii-dama\\\/bratari\\\/fossil-drew-jf02720791\\\/#breadcrumb\"},\"inLanguage\":\"ru-RU\",\"potentialAction\":[{\"@type\":\"ReadAction\",\"target\":[\"https:\\\/\\\/ceasuri.md\\\/shop\\\/accesorii\\\/accesorii-dama\\\/bratari\\\/fossil-drew-jf02720791\\\/\"]}]},{\"@type\":\"ImageObject\",\"inLanguage\":\"ru-RU\",\"@id\":\"https:\\\/\\\/ceasuri.md\\\/shop\\\/accesorii\\\/accesorii-dama\\\/bratari\\\/fossil-drew-jf02720791\\\/#primaryimage\",\"url\":\"https:\\\/\\\/ceasuri.md\\\/wp-content\\\/uploads\\\/jf02720791s1.png\",\"contentUrl\":\"https:\\\/\\\/ceasuri.md\\\/wp-content\\\/uploads\\\/jf02720791s1.png\",\"width\":600,\"height\":800},{\"@type\":\"BreadcrumbList\",\"@id\":\"https:\\\/\\\/ceasuri.md\\\/shop\\\/accesorii\\\/accesorii-dama\\\/bratari\\\/fossil-drew-jf02720791\\\/#breadcrumb\",\"itemListElement\":[{\"@type\":\"ListItem\",\"position\":1,\"name\":\"Home\",\"item\":\"https:\\\/\\\/ceasuri.md\\\/\"},{\"@type\":\"ListItem\",\"position\":2,\"name\":\"Magazin\",\"item\":\"https:\\\/\\\/ceasuri.md\\\/shop\\\/\"},{\"@type\":\"ListItem\",\"position\":3,\"name\":\"Ceas FOSSIL DREW JF02720791\"}]},{\"@type\":\"WebSite\",\"@id\":\"https:\\\/\\\/ceasuri.md\\\/ru\\\/#website\",\"url\":\"https:\\\/\\\/ceasuri.md\\\/ru\\\/\",\"name\":\"Cronograf\",\"description\":\"\",\"publisher\":{\"@id\":\"https:\\\/\\\/ceasuri.md\\\/ru\\\/#organization\"},\"potentialAction\":[{\"@type\":\"SearchAction\",\"target\":{\"@type\":\"EntryPoint\",\"urlTemplate\":\"https:\\\/\\\/ceasuri.md\\\/ru\\\/?s={search_term_string}\"},\"query-input\":{\"@type\":\"PropertyValueSpecification\",\"valueRequired\":true,\"valueName\":\"search_term_string\"}}],\"inLanguage\":\"ru-RU\"},{\"@type\":\"Organization\",\"@id\":\"https:\\\/\\\/ceasuri.md\\\/ru\\\/#organization\",\"name\":\"Cronograf\",\"url\":\"https:\\\/\\\/ceasuri.md\\\/ru\\\/\",\"logo\":{\"@type\":\"ImageObject\",\"inLanguage\":\"ru-RU\",\"@id\":\"https:\\\/\\\/ceasuri.md\\\/ru\\\/#\\\/schema\\\/logo\\\/image\\\/\",\"url\":\"https:\\\/\\\/ceasuri.md\\\/wp-content\\\/uploads\\\/2025\\\/12\\\/Logo.svg\",\"contentUrl\":\"https:\\\/\\\/ceasuri.md\\\/wp-content\\\/uploads\\\/2025\\\/12\\\/Logo.svg\",\"width\":3338,\"height\":811,\"caption\":\"Cronograf\"},\"image\":{\"@id\":\"https:\\\/\\\/ceasuri.md\\\/ru\\\/#\\\/schema\\\/logo\\\/image\\\/\"}}]}<\/script>\n<!-- \/ Yoast SEO plugin. -->","yoast_head_json":{"title":"FOSSIL DREW JF02720791 - Cronograf","robots":{"index":"index","follow":"follow","max-snippet":"max-snippet:-1","max-image-preview":"max-image-preview:large","max-video-preview":"max-video-preview:-1"},"canonical":"https:\/\/ceasuri.md\/ru\/shop\/accesorii\/accesorii-dama\/bratari\/fossil-drew-jf02720791\/","og_locale":"ru_RU","og_type":"article","og_title":"FOSSIL DREW JF02720791 - Cronograf","og_description":"\u00cen 1984, Fossil a \u00eenceput s\u0103 produc\u0103 bijuterii Fossil. Aceste bijuterii trebuiau s\u0103 fie realizate din materiale naturale \u0219i, pe l\u00e2ng\u0103 un aspect la mod\u0103, trebuiau s\u0103 reflecte \u0219i bijuteriile clasice. Bijuteriile Fossil sunt f\u0103cute pentru persoanele sensibile la tendin\u021be, care sunt \u00eencrez\u0103toare \u00een via\u021b\u0103 \u0219i \u0219tiu ce \u00ee\u0219i doresc. Datorit\u0103 viziunii mari asupra viitorului [&hellip;]","og_url":"https:\/\/ceasuri.md\/ru\/shop\/accesorii\/accesorii-dama\/bratari\/fossil-drew-jf02720791\/","og_site_name":"Cronograf","article_modified_time":"2026-04-07T00:41:25+00:00","og_image":[{"width":600,"height":800,"url":"https:\/\/ceasuri.md\/wp-content\/uploads\/jf02720791s1.png","type":"image\/png"}],"twitter_card":"summary_large_image","schema":{"@context":"https:\/\/schema.org","@graph":[{"@type":"WebPage","@id":"https:\/\/ceasuri.md\/shop\/accesorii\/accesorii-dama\/bratari\/fossil-drew-jf02720791\/","url":"https:\/\/ceasuri.md\/shop\/accesorii\/accesorii-dama\/bratari\/fossil-drew-jf02720791\/","name":"FOSSIL DREW JF02720791 - Cronograf","isPartOf":{"@id":"https:\/\/ceasuri.md\/ru\/#website"},"primaryImageOfPage":{"@id":"https:\/\/ceasuri.md\/shop\/accesorii\/accesorii-dama\/bratari\/fossil-drew-jf02720791\/#primaryimage"},"image":{"@id":"https:\/\/ceasuri.md\/shop\/accesorii\/accesorii-dama\/bratari\/fossil-drew-jf02720791\/#primaryimage"},"thumbnailUrl":"https:\/\/ceasuri.md\/wp-content\/uploads\/jf02720791s1.png","datePublished":"2026-04-02T18:04:29+00:00","dateModified":"2026-04-07T00:41:25+00:00","breadcrumb":{"@id":"https:\/\/ceasuri.md\/shop\/accesorii\/accesorii-dama\/bratari\/fossil-drew-jf02720791\/#breadcrumb"},"inLanguage":"ru-RU","potentialAction":[{"@type":"ReadAction","target":["https:\/\/ceasuri.md\/shop\/accesorii\/accesorii-dama\/bratari\/fossil-drew-jf02720791\/"]}]},{"@type":"ImageObject","inLanguage":"ru-RU","@id":"https:\/\/ceasuri.md\/shop\/accesorii\/accesorii-dama\/bratari\/fossil-drew-jf02720791\/#primaryimage","url":"https:\/\/ceasuri.md\/wp-content\/uploads\/jf02720791s1.png","contentUrl":"https:\/\/ceasuri.md\/wp-content\/uploads\/jf02720791s1.png","width":600,"height":800},{"@type":"BreadcrumbList","@id":"https:\/\/ceasuri.md\/shop\/accesorii\/accesorii-dama\/bratari\/fossil-drew-jf02720791\/#breadcrumb","itemListElement":[{"@type":"ListItem","position":1,"name":"Home","item":"https:\/\/ceasuri.md\/"},{"@type":"ListItem","position":2,"name":"Magazin","item":"https:\/\/ceasuri.md\/shop\/"},{"@type":"ListItem","position":3,"name":"Ceas FOSSIL DREW JF02720791"}]},{"@type":"WebSite","@id":"https:\/\/ceasuri.md\/ru\/#website","url":"https:\/\/ceasuri.md\/ru\/","name":"Cronograf","description":"","publisher":{"@id":"https:\/\/ceasuri.md\/ru\/#organization"},"potentialAction":[{"@type":"SearchAction","target":{"@type":"EntryPoint","urlTemplate":"https:\/\/ceasuri.md\/ru\/?s={search_term_string}"},"query-input":{"@type":"PropertyValueSpecification","valueRequired":true,"valueName":"search_term_string"}}],"inLanguage":"ru-RU"},{"@type":"Organization","@id":"https:\/\/ceasuri.md\/ru\/#organization","name":"Cronograf","url":"https:\/\/ceasuri.md\/ru\/","logo":{"@type":"ImageObject","inLanguage":"ru-RU","@id":"https:\/\/ceasuri.md\/ru\/#\/schema\/logo\/image\/","url":"https:\/\/ceasuri.md\/wp-content\/uploads\/2025\/12\/Logo.svg","contentUrl":"https:\/\/ceasuri.md\/wp-content\/uploads\/2025\/12\/Logo.svg","width":3338,"height":811,"caption":"Cronograf"},"image":{"@id":"https:\/\/ceasuri.md\/ru\/#\/schema\/logo\/image\/"}}]}},"_links":{"self":[{"href":"https:\/\/ceasuri.md\/ru\/wp-json\/wp\/v2\/product\/36848","targetHints":{"allow":["GET"]}}],"collection":[{"href":"https:\/\/ceasuri.md\/ru\/wp-json\/wp\/v2\/product"}],"about":[{"href":"https:\/\/ceasuri.md\/ru\/wp-json\/wp\/v2\/types\/product"}],"replies":[{"embeddable":true,"href":"https:\/\/ceasuri.md\/ru\/wp-json\/wp\/v2\/comments?post=36848"}],"wp:featuredmedia":[{"embeddable":true,"href":"https:\/\/ceasuri.md\/ru\/wp-json\/wp\/v2\/media\/36849"}],"wp:attachment":[{"href":"https:\/\/ceasuri.md\/ru\/wp-json\/wp\/v2\/media?parent=36848"}],"wp:term":[{"taxonomy":"product_brand","embeddable":true,"href":"https:\/\/ceasuri.md\/ru\/wp-json\/wp\/v2\/product_brand?post=36848"},{"taxonomy":"product_cat","embeddable":true,"href":"https:\/\/ceasuri.md\/ru\/wp-json\/wp\/v2\/product_cat?post=36848"},{"taxonomy":"product_tag","embeddable":true,"href":"https:\/\/ceasuri.md\/ru\/wp-json\/wp\/v2\/product_tag?post=36848"}],"curies":[{"name":"wp","href":"https:\/\/api.w.org\/{rel}","templated":true}]}}